{"id":2105,"date":"2021-09-23T20:33:30","date_gmt":"2021-09-23T18:33:30","guid":{"rendered":"https:\/\/pbacupuntura.com\/servicios\/embarazo\/"},"modified":"2021-09-23T20:33:30","modified_gmt":"2021-09-23T18:33:30","slug":"embarazo","status":"publish","type":"page","link":"https:\/\/pbacupuntura.com\/es\/servicios\/embarazo\/","title":{"rendered":"Embarazo"},"content":{"rendered":"\t\t<div data-elementor-type=\"wp-page\" data-elementor-id=\"2105\" class=\"elementor elementor-2105 elementor-571\">\n\t\t\t\t\t\t<div class=\"elementor-inner\">\n\t\t\t\t<div class=\"elementor-section-wrap\">\n\t\t\t\t\t\t\t\t\t<section class=\"elementor-section elementor-top-section elementor-element elementor-element-c63801b elementor-section-boxed elementor-section-height-default elementor-section-height-default\" data-id=\"c63801b\" data-element_type=\"section\">\n\t\t\t\t\t\t<div class=\"elementor-container elementor-column-gap-default\">\n\t\t\t\t\t\t\t<div class=\"elementor-row\">\n\t\t\t\t\t<div class=\"elementor-column elementor-col-50 elementor-top-column elementor-element elementor-element-282e4bc\" data-id=\"282e4bc\" data-element_type=\"column\">\n\t\t\t<div class=\"elementor-column-wrap elementor-element-populated\">\n\t\t\t\t\t\t\t<div class=\"elementor-widget-wrap\">\n\t\t\t\t\t\t<div class=\"elementor-element elementor-element-080d061 elementor-widget elementor-widget-image\" data-id=\"080d061\" data-element_type=\"widget\" data-widget_type=\"image.default\">\n\t\t\t\t<div class=\"elementor-widget-container\">\n\t\t\t\t\t\t\t\t<div class=\"elementor-image\">\n\t\t\t\t\t\t\t\t\t\t\t\t<img width=\"1024\" height=\"683\" src=\"https:\/\/pbacupuntura.com\/wp-content\/uploads\/2021\/06\/PB_Acupuntura_Servicios_3_Pregnancy-1024x683.jpeg\" class=\"attachment-large size-large wp-image-699\" alt=\"\" loading=\"lazy\" srcset=\"https:\/\/pbacupuntura.com\/wp-content\/uploads\/2021\/06\/PB_Acupuntura_Servicios_3_Pregnancy-1024x683.jpeg 1024w, https:\/\/pbacupuntura.com\/wp-content\/uploads\/2021\/06\/PB_Acupuntura_Servicios_3_Pregnancy-300x200.jpeg 300w, https:\/\/pbacupuntura.com\/wp-content\/uploads\/2021\/06\/PB_Acupuntura_Servicios_3_Pregnancy-768x512.jpeg 768w, https:\/\/pbacupuntura.com\/wp-content\/uploads\/2021\/06\/PB_Acupuntura_Servicios_3_Pregnancy-1536x1024.jpeg 1536w, https:\/\/pbacupuntura.com\/wp-content\/uploads\/2021\/06\/PB_Acupuntura_Servicios_3_Pregnancy-2048x1366.jpeg 2048w\" sizes=\"(max-width: 1024px) 100vw, 1024px\" \/>\t\t\t\t\t\t\t\t\t\t\t\t\t\t<\/div>\n\t\t\t\t\t\t<\/div>\n\t\t\t\t<\/div>\n\t\t\t\t\t\t<\/div>\n\t\t\t\t\t<\/div>\n\t\t<\/div>\n\t\t\t\t<div class=\"elementor-column elementor-col-50 elementor-top-column elementor-element elementor-element-2c85718\" data-id=\"2c85718\" data-element_type=\"column\">\n\t\t\t<div class=\"elementor-column-wrap elementor-element-populated\">\n\t\t\t\t\t\t\t<div class=\"elementor-widget-wrap\">\n\t\t\t\t\t\t<div class=\"elementor-element elementor-element-1b82b11 elementor-widget elementor-widget-text-editor\" data-id=\"1b82b11\" data-element_type=\"widget\" data-widget_type=\"text-editor.default\">\n\t\t\t\t<div class=\"elementor-widget-container\">\n\t\t\t\t\t\t\t\t<div class=\"elementor-text-editor elementor-clearfix\">\n\t\t\t\t<p style=\"margin: 0cm 0cm 10.5pt 0cm;\"><span lang=\"EN-IE\" style=\"color: black; letter-spacing: 0.5pt; background-image: initial; background-position: initial; background-size: initial; background-repeat: initial; background-attachment: initial; background-origin: initial; background-clip: initial;\">\u00a0<\/span><\/p>\n<p style=\"margin: 0cm 0cm 10.5pt 0cm;\">\u00a1\u00bfEmbarazada?! La acupuntura puede facilitarte un embarazo c\u00f3modo y saludable y ayudarte a prepararte para un parto satisfactorio.<\/p>\n<blockquote style=\"margin: 0cm 0cm 10.5pt 1cm;\"><p><span lang=\"EN-IE\" style=\"font-family: Georgia, serif; color: black; letter-spacing: 0.5pt; background-image: initial; background-position: initial; background-size: initial; background-repeat: initial; background-attachment: initial; background-origin: initial; background-clip: initial;\">La acupuntura es una opci\u00f3n de tratamiento eficaz y segura para que las mujeres puedan gestionar sus problemas de salud y dolencias durante el embarazo.<\/span><span lang=\"EN-IE\" style=\"color: black; letter-spacing: 0.5pt; background-image: initial; background-position: initial; background-size: initial; background-repeat: initial; background-attachment: initial; background-origin: initial; background-clip: initial;\">\u00a0<\/span><\/p><\/blockquote>\n<p style=\"margin: 0cm 0cm 10.5pt 0cm;\">En PB Acupuntura te ofrecemos apoyo para llevar con alegr\u00eda el milagro del embarazo y te acompa\u00f1amos en todos los cambios f\u00edsicos y emocionales que se producen, con confianza y cuidado.<\/p>\n<p style=\"margin: 0cm 0cm 10.5pt 0cm;\">La acupuntura ofrece un medio natural para favorecer un embarazo saludable que sea seguro tanto para la madre como para el beb\u00e9.<\/p>\n<p style=\"margin: 0cm 0cm 10.5pt 0cm;\">\n\t\t\t\t\t<\/div>\n\t\t\t\t\t\t<\/div>\n\t\t\t\t<\/div>\n\t\t\t\t\t\t<\/div>\n\t\t\t\t\t<\/div>\n\t\t<\/div>\n\t\t\t\t\t\t\t\t<\/div>\n\t\t\t\t\t<\/div>\n\t\t<\/section>\n\t\t\t\t<section class=\"elementor-section elementor-top-section elementor-element elementor-element-84cc55c elementor-section-boxed elementor-section-height-default elementor-section-height-default\" data-id=\"84cc55c\" data-element_type=\"section\" data-settings=\"{&quot;background_background&quot;:&quot;classic&quot;}\">\n\t\t\t\t\t\t<div class=\"elementor-container elementor-column-gap-default\">\n\t\t\t\t\t\t\t<div class=\"elementor-row\">\n\t\t\t\t\t<div class=\"elementor-column elementor-col-100 elementor-top-column elementor-element elementor-element-8a73424\" data-id=\"8a73424\" data-element_type=\"column\">\n\t\t\t<div class=\"elementor-column-wrap elementor-element-populated\">\n\t\t\t\t\t\t\t<div class=\"elementor-widget-wrap\">\n\t\t\t\t\t\t<div class=\"elementor-element elementor-element-e7f009d elementor-widget elementor-widget-text-editor\" data-id=\"e7f009d\" data-element_type=\"widget\" data-widget_type=\"text-editor.default\">\n\t\t\t\t<div class=\"elementor-widget-container\">\n\t\t\t\t\t\t\t\t<div class=\"elementor-text-editor elementor-clearfix\">\n\t\t\t\t<p>El embarazo es un momento nuevo y especial en la vida de una mujer, que crea y nutre otra vida. La acupuntura y la medicina china pueden facilitar a las mujeres los numerosos cambios f\u00edsicos y emocionales que se producen durante cada trimestre del embarazo para garantizar un embarazo saludable y c\u00f3modo.<\/p>\n<p>El embarazo conlleva muchos cambios f\u00edsicos y emocionales, as\u00ed como una serie de posibles problemas de salud.\u00a0La mayor\u00eda de estas dolencias se consideran generalmente \u00abnormales\u00bb; no son f\u00e1ciles de aliviar por la medicina occidental.<\/p>\n<p>Dado que muchos productos farmac\u00e9uticos convencionales no pueden utilizarse durante el embarazo, la acupuntura puede ser especialmente \u00fatil durante todo el periodo.<\/p>\n\t\t\t\t\t<\/div>\n\t\t\t\t\t\t<\/div>\n\t\t\t\t<\/div>\n\t\t\t\t\t\t<\/div>\n\t\t\t\t\t<\/div>\n\t\t<\/div>\n\t\t\t\t\t\t\t\t<\/div>\n\t\t\t\t\t<\/div>\n\t\t<\/section>\n\t\t\t\t<section class=\"elementor-section elementor-top-section elementor-element elementor-element-56dd54b elementor-section-boxed elementor-section-height-default elementor-section-height-default\" data-id=\"56dd54b\" data-element_type=\"section\">\n\t\t\t\t\t\t<div class=\"elementor-container elementor-column-gap-default\">\n\t\t\t\t\t\t\t<div class=\"elementor-row\">\n\t\t\t\t\t<div class=\"elementor-column elementor-col-33 elementor-top-column elementor-element elementor-element-3f638b2\" data-id=\"3f638b2\" data-element_type=\"column\">\n\t\t\t<div class=\"elementor-column-wrap elementor-element-populated\">\n\t\t\t\t\t\t\t<div class=\"elementor-widget-wrap\">\n\t\t\t\t\t\t<div class=\"elementor-element elementor-element-35d116b elementor-widget elementor-widget-heading\" data-id=\"35d116b\" data-element_type=\"widget\" data-widget_type=\"heading.default\">\n\t\t\t\t<div class=\"elementor-widget-container\">\n\t\t\t<h4 class=\"elementor-heading-title elementor-size-default\">Afecciones comunes tratadas durante el primer trimestre de embarazo<\/h4>\t\t<\/div>\n\t\t\t\t<\/div>\n\t\t\t\t<div class=\"elementor-element elementor-element-d446e9a elementor-widget-divider--view-line elementor-widget elementor-widget-divider\" data-id=\"d446e9a\" data-element_type=\"widget\" data-widget_type=\"divider.default\">\n\t\t\t\t<div class=\"elementor-widget-container\">\n\t\t\t\t\t<div class=\"elementor-divider\">\n\t\t\t<span class=\"elementor-divider-separator\">\n\t\t\t\t\t\t<\/span>\n\t\t<\/div>\n\t\t\t\t<\/div>\n\t\t\t\t<\/div>\n\t\t\t\t<div class=\"elementor-element elementor-element-1237d0f elementor-widget elementor-widget-text-editor\" data-id=\"1237d0f\" data-element_type=\"widget\" data-widget_type=\"text-editor.default\">\n\t\t\t\t<div class=\"elementor-widget-container\">\n\t\t\t\t\t\t\t\t<div class=\"elementor-text-editor elementor-clearfix\">\n\t\t\t\t<ul style=\"font-size: 15px; font-style: normal; font-weight: 400;\">\n<li style=\"font-size: 15px;\">Dolores de cabeza<\/li>\n<li style=\"font-size: 15px;\">Dolores de cuerpo<\/li>\n<li style=\"font-size: 15px;\">Acidez de est\u00f3mago ci\u00e1tica<\/li>\n<li style=\"font-size: 15px;\">Venas varicosas<\/li>\n<li style=\"font-size: 15px;\">Hemorroides<\/li>\n<li style=\"font-size: 15px;\">Preeclampsia<\/li>\n<\/ul>\n\t\t\t\t\t<\/div>\n\t\t\t\t\t\t<\/div>\n\t\t\t\t<\/div>\n\t\t\t\t\t\t<\/div>\n\t\t\t\t\t<\/div>\n\t\t<\/div>\n\t\t\t\t<div class=\"elementor-column elementor-col-33 elementor-top-column elementor-element elementor-element-ce7520e\" data-id=\"ce7520e\" data-element_type=\"column\">\n\t\t\t<div class=\"elementor-column-wrap elementor-element-populated\">\n\t\t\t\t\t\t\t<div class=\"elementor-widget-wrap\">\n\t\t\t\t\t\t<div class=\"elementor-element elementor-element-6a3b547 elementor-widget elementor-widget-heading\" data-id=\"6a3b547\" data-element_type=\"widget\" data-widget_type=\"heading.default\">\n\t\t\t\t<div class=\"elementor-widget-container\">\n\t\t\t<h4 class=\"elementor-heading-title elementor-size-default\">Afecciones comunes tratadas durante el segundo trimestre de embarazo<\/h4>\t\t<\/div>\n\t\t\t\t<\/div>\n\t\t\t\t<div class=\"elementor-element elementor-element-8bec30e elementor-widget-divider--view-line elementor-widget elementor-widget-divider\" data-id=\"8bec30e\" data-element_type=\"widget\" data-widget_type=\"divider.default\">\n\t\t\t\t<div class=\"elementor-widget-container\">\n\t\t\t\t\t<div class=\"elementor-divider\">\n\t\t\t<span class=\"elementor-divider-separator\">\n\t\t\t\t\t\t<\/span>\n\t\t<\/div>\n\t\t\t\t<\/div>\n\t\t\t\t<\/div>\n\t\t\t\t<div class=\"elementor-element elementor-element-e44890a elementor-widget elementor-widget-text-editor\" data-id=\"e44890a\" data-element_type=\"widget\" data-widget_type=\"text-editor.default\">\n\t\t\t\t<div class=\"elementor-widget-container\">\n\t\t\t\t\t\t\t\t<div class=\"elementor-text-editor elementor-clearfix\">\n\t\t\t\t<ul style=\"font-size: 15px; font-style: normal; font-weight: 400;\">\n<li style=\"font-size: 15px;\">N\u00e1useas matutinas<\/li>\n<li style=\"font-size: 15px;\">Orinar con frecuencia<\/li>\n<li style=\"font-size: 15px;\">Fatiga<\/li>\n<li style=\"font-size: 15px;\">Prevenci\u00f3n de abortos<\/li>\n<li style=\"font-size: 15px;\">Resfriados y congesti\u00f3n nasal<\/li>\n<li style=\"font-size: 15px;\">Irregularidades digestivas<\/li>\n<\/ul>\n\t\t\t\t\t<\/div>\n\t\t\t\t\t\t<\/div>\n\t\t\t\t<\/div>\n\t\t\t\t\t\t<\/div>\n\t\t\t\t\t<\/div>\n\t\t<\/div>\n\t\t\t\t<div class=\"elementor-column elementor-col-33 elementor-top-column elementor-element elementor-element-64a2fda\" data-id=\"64a2fda\" data-element_type=\"column\">\n\t\t\t<div class=\"elementor-column-wrap elementor-element-populated\">\n\t\t\t\t\t\t\t<div class=\"elementor-widget-wrap\">\n\t\t\t\t\t\t<div class=\"elementor-element elementor-element-cf65471 elementor-widget elementor-widget-heading\" data-id=\"cf65471\" data-element_type=\"widget\" data-widget_type=\"heading.default\">\n\t\t\t\t<div class=\"elementor-widget-container\">\n\t\t\t<h4 class=\"elementor-heading-title elementor-size-default\">Afecciones comunes tratadas durante el tercer trimestre de embarazo<\/h4>\t\t<\/div>\n\t\t\t\t<\/div>\n\t\t\t\t<div class=\"elementor-element elementor-element-bc474dc elementor-widget-divider--view-line elementor-widget elementor-widget-divider\" data-id=\"bc474dc\" data-element_type=\"widget\" data-widget_type=\"divider.default\">\n\t\t\t\t<div class=\"elementor-widget-container\">\n\t\t\t\t\t<div class=\"elementor-divider\">\n\t\t\t<span class=\"elementor-divider-separator\">\n\t\t\t\t\t\t<\/span>\n\t\t<\/div>\n\t\t\t\t<\/div>\n\t\t\t\t<\/div>\n\t\t\t\t<div class=\"elementor-element elementor-element-084e410 elementor-widget elementor-widget-text-editor\" data-id=\"084e410\" data-element_type=\"widget\" data-widget_type=\"text-editor.default\">\n\t\t\t\t<div class=\"elementor-widget-container\">\n\t\t\t\t\t\t\t\t<div class=\"elementor-text-editor elementor-clearfix\">\n\t\t\t\t<ul style=\"font-size: 15px; font-style: normal; font-weight: 400;\">\n<li style=\"font-size: 15px;\">Edema<\/li>\n<li style=\"font-size: 15px;\">Dolor de espalda<\/li>\n<li style=\"font-size: 15px;\">Insomnio<\/li>\n<li style=\"font-size: 15px;\">Anemia<\/li>\n<li style=\"font-size: 15px;\">Ansiedad<\/li>\n<li style=\"font-size: 15px;\">Calambres musculares<\/li>\n<li style=\"font-size: 15px;\">Presentaci\u00f3n de nalgas<\/li>\n<li style=\"font-size: 15px;\">Retraso en el parto<\/li>\n<\/ul>\n\t\t\t\t\t<\/div>\n\t\t\t\t\t\t<\/div>\n\t\t\t\t<\/div>\n\t\t\t\t\t\t<\/div>\n\t\t\t\t\t<\/div>\n\t\t<\/div>\n\t\t\t\t\t\t\t\t<\/div>\n\t\t\t\t\t<\/div>\n\t\t<\/section>\n\t\t\t\t<section class=\"elementor-section elementor-top-section elementor-element elementor-element-5ae5dee elementor-section-boxed elementor-section-height-default elementor-section-height-default\" data-id=\"5ae5dee\" data-element_type=\"section\" data-settings=\"{&quot;background_background&quot;:&quot;classic&quot;}\">\n\t\t\t\t\t\t<div class=\"elementor-container elementor-column-gap-default\">\n\t\t\t\t\t\t\t<div class=\"elementor-row\">\n\t\t\t\t\t<div class=\"elementor-column elementor-col-100 elementor-top-column elementor-element elementor-element-587eae4\" data-id=\"587eae4\" data-element_type=\"column\">\n\t\t\t<div class=\"elementor-column-wrap elementor-element-populated\">\n\t\t\t\t\t\t\t<div class=\"elementor-widget-wrap\">\n\t\t\t\t\t\t<div class=\"elementor-element elementor-element-2c97485 elementor-widget elementor-widget-text-editor\" data-id=\"2c97485\" data-element_type=\"widget\" data-widget_type=\"text-editor.default\">\n\t\t\t\t<div class=\"elementor-widget-container\">\n\t\t\t\t\t\t\t\t<div class=\"elementor-text-editor elementor-clearfix\">\n\t\t\t\t<h4>La medicina china aboga por que las mujeres se cuiden especialmente durante la preconcepci\u00f3n, el embarazo y el posparto. La acupuntura proporciona un cuidado seguro y natural para el viaje hacia la maternidad.<\/h4>\n\t\t\t\t\t<\/div>\n\t\t\t\t\t\t<\/div>\n\t\t\t\t<\/div>\n\t\t\t\t\t\t<\/div>\n\t\t\t\t\t<\/div>\n\t\t<\/div>\n\t\t\t\t\t\t\t\t<\/div>\n\t\t\t\t\t<\/div>\n\t\t<\/section>\n\t\t\t\t<section class=\"elementor-section elementor-top-section elementor-element elementor-element-1a53cfa elementor-section-boxed elementor-section-height-default elementor-section-height-default\" data-id=\"1a53cfa\" data-element_type=\"section\">\n\t\t\t\t\t\t<div class=\"elementor-container elementor-column-gap-default\">\n\t\t\t\t\t\t\t<div class=\"elementor-row\">\n\t\t\t\t\t<div class=\"elementor-column elementor-col-100 elementor-top-column elementor-element elementor-element-ad7f02a\" data-id=\"ad7f02a\" data-element_type=\"column\">\n\t\t\t<div class=\"elementor-column-wrap elementor-element-populated\">\n\t\t\t\t\t\t\t<div class=\"elementor-widget-wrap\">\n\t\t\t\t\t\t<div class=\"elementor-element elementor-element-cb8f88f elementor-align-center elementor-widget elementor-widget-button\" data-id=\"cb8f88f\" data-element_type=\"widget\" data-widget_type=\"button.default\">\n\t\t\t\t<div class=\"elementor-widget-container\">\n\t\t\t\t\t<div class=\"elementor-button-wrapper\">\n\t\t\t<a href=\"https:\/\/pbacupuntura.com\/es\/contactar\/\" class=\"elementor-button-link elementor-button elementor-size-sm\" role=\"button\">\n\t\t\t\t\t\t<span class=\"elementor-button-content-wrapper\">\n\t\t\t\t\t\t<span class=\"elementor-button-text\">CONTACTAR<\/span>\n\t\t<\/span>\n\t\t\t\t\t<\/a>\n\t\t<\/div>\n\t\t\t\t<\/div>\n\t\t\t\t<\/div>\n\t\t\t\t\t\t<\/div>\n\t\t\t\t\t<\/div>\n\t\t<\/div>\n\t\t\t\t\t\t\t\t<\/div>\n\t\t\t\t\t<\/div>\n\t\t<\/section>\n\t\t\t\t\t\t\t\t\t<\/div>\n\t\t\t<\/div>\n\t\t\t\t\t<\/div>\n\t\t","protected":false},"excerpt":{"rendered":"<p>\u00a0 \u00a1\u00bfEmbarazada?! La acupuntura puede facilitarte un embarazo c\u00f3modo y saludable y ayudarte a prepararte para un parto satisfactorio. La acupuntura es una opci\u00f3n de tratamiento eficaz y segura para que las mujeres puedan gestionar sus problemas de salud y dolencias durante el embarazo.\u00a0 En PB Acupuntura te ofrecemos apoyo para llevar con alegr\u00eda el &hellip;<\/p>\n<p class=\"read-more\"> <a class=\"\" href=\"https:\/\/pbacupuntura.com\/es\/servicios\/embarazo\/\"> <span class=\"screen-reader-text\">Embarazo<\/span> Leer m\u00e1s &raquo;<\/a><\/p>\n","protected":false},"author":1,"featured_media":0,"parent":2009,"menu_order":0,"comment_status":"closed","ping_status":"closed","template":"","meta":{"site-sidebar-layout":"no-sidebar","site-content-layout":"page-builder","ast-main-header-display":"","ast-hfb-above-header-display":"","ast-hfb-below-header-display":"","ast-hfb-mobile-header-display":"","site-post-title":"disabled","ast-breadcrumbs-content":"","ast-featured-img":"disabled","footer-sml-layout":"","theme-transparent-header-meta":"default","adv-header-id-meta":"","stick-header-meta":"default","header-above-stick-meta":"","header-main-stick-meta":"","header-below-stick-meta":""},"_links":{"self":[{"href":"https:\/\/pbacupuntura.com\/es\/wp-json\/wp\/v2\/pages\/2105"}],"collection":[{"href":"https:\/\/pbacupuntura.com\/es\/wp-json\/wp\/v2\/pages"}],"about":[{"href":"https:\/\/pbacupuntura.com\/es\/wp-json\/wp\/v2\/types\/page"}],"author":[{"embeddable":true,"href":"https:\/\/pbacupuntura.com\/es\/wp-json\/wp\/v2\/users\/1"}],"replies":[{"embeddable":true,"href":"https:\/\/pbacupuntura.com\/es\/wp-json\/wp\/v2\/comments?post=2105"}],"version-history":[{"count":1,"href":"https:\/\/pbacupuntura.com\/es\/wp-json\/wp\/v2\/pages\/2105\/revisions"}],"predecessor-version":[{"id":2106,"href":"https:\/\/pbacupuntura.com\/es\/wp-json\/wp\/v2\/pages\/2105\/revisions\/2106"}],"up":[{"embeddable":true,"href":"https:\/\/pbacupuntura.com\/es\/wp-json\/wp\/v2\/pages\/2009"}],"wp:attachment":[{"href":"https:\/\/pbacupuntura.com\/es\/wp-json\/wp\/v2\/media?parent=2105"}],"curies":[{"name":"wp","href":"https:\/\/api.w.org\/{rel}","templated":true}]}}