{"id":2103,"date":"2021-09-23T20:06:12","date_gmt":"2021-09-23T18:06:12","guid":{"rendered":"https:\/\/pbacupuntura.com\/servicios\/postparto\/"},"modified":"2021-09-23T20:06:12","modified_gmt":"2021-09-23T18:06:12","slug":"postparto","status":"publish","type":"page","link":"https:\/\/pbacupuntura.com\/es\/servicios\/postparto\/","title":{"rendered":"Postparto"},"content":{"rendered":"\t\t<div data-elementor-type=\"wp-page\" data-elementor-id=\"2103\" class=\"elementor elementor-2103 elementor-574\">\n\t\t\t\t\t\t<div class=\"elementor-inner\">\n\t\t\t\t<div class=\"elementor-section-wrap\">\n\t\t\t\t\t\t\t\t\t<section class=\"elementor-section elementor-top-section elementor-element elementor-element-0fea3a6 elementor-section-boxed elementor-section-height-default elementor-section-height-default\" data-id=\"0fea3a6\" data-element_type=\"section\">\n\t\t\t\t\t\t<div class=\"elementor-container elementor-column-gap-default\">\n\t\t\t\t\t\t\t<div class=\"elementor-row\">\n\t\t\t\t\t<div class=\"elementor-column elementor-col-50 elementor-top-column elementor-element elementor-element-8107462\" data-id=\"8107462\" data-element_type=\"column\">\n\t\t\t<div class=\"elementor-column-wrap elementor-element-populated\">\n\t\t\t\t\t\t\t<div class=\"elementor-widget-wrap\">\n\t\t\t\t\t\t<div class=\"elementor-element elementor-element-54b7882 elementor-widget elementor-widget-image\" data-id=\"54b7882\" data-element_type=\"widget\" data-widget_type=\"image.default\">\n\t\t\t\t<div class=\"elementor-widget-container\">\n\t\t\t\t\t\t\t\t<div class=\"elementor-image\">\n\t\t\t\t\t\t\t\t\t\t\t\t<img width=\"1024\" height=\"682\" src=\"https:\/\/pbacupuntura.com\/wp-content\/uploads\/2021\/06\/PB_Acupuntura_Servicios_4_Postpartum-1024x682.jpeg\" class=\"attachment-large size-large wp-image-700\" alt=\"\" loading=\"lazy\" srcset=\"https:\/\/pbacupuntura.com\/wp-content\/uploads\/2021\/06\/PB_Acupuntura_Servicios_4_Postpartum-1024x682.jpeg 1024w, https:\/\/pbacupuntura.com\/wp-content\/uploads\/2021\/06\/PB_Acupuntura_Servicios_4_Postpartum-300x200.jpeg 300w, https:\/\/pbacupuntura.com\/wp-content\/uploads\/2021\/06\/PB_Acupuntura_Servicios_4_Postpartum-768x512.jpeg 768w, https:\/\/pbacupuntura.com\/wp-content\/uploads\/2021\/06\/PB_Acupuntura_Servicios_4_Postpartum-1536x1024.jpeg 1536w, https:\/\/pbacupuntura.com\/wp-content\/uploads\/2021\/06\/PB_Acupuntura_Servicios_4_Postpartum-2048x1365.jpeg 2048w\" sizes=\"(max-width: 1024px) 100vw, 1024px\" \/>\t\t\t\t\t\t\t\t\t\t\t\t\t\t<\/div>\n\t\t\t\t\t\t<\/div>\n\t\t\t\t<\/div>\n\t\t\t\t\t\t<\/div>\n\t\t\t\t\t<\/div>\n\t\t<\/div>\n\t\t\t\t<div class=\"elementor-column elementor-col-50 elementor-top-column elementor-element elementor-element-c172a49\" data-id=\"c172a49\" data-element_type=\"column\">\n\t\t\t<div class=\"elementor-column-wrap elementor-element-populated\">\n\t\t\t\t\t\t\t<div class=\"elementor-widget-wrap\">\n\t\t\t\t\t\t<div class=\"elementor-element elementor-element-0038810 elementor-widget elementor-widget-text-editor\" data-id=\"0038810\" data-element_type=\"widget\" data-widget_type=\"text-editor.default\">\n\t\t\t\t<div class=\"elementor-widget-container\">\n\t\t\t\t\t\t\t\t<div class=\"elementor-text-editor elementor-clearfix\">\n\t\t\t\t<p><span style=\"font-style: inherit; font-weight: inherit;\">\u00a0<\/span><\/p>\n<p>El periodo posparto comienza tras el parto y termina cuando el cuerpo de la madre ha vuelto casi a su estado anterior al embarazo. Este periodo suele durar entre seis y ocho semanas.<\/p>\n<p>El periodo de posparto implica que la madre pase por muchos cambios, tanto emocionales como f\u00edsicos, mientras aprende a lidiar con todos los cambios y ajustes necesarios para convertirse en una nueva madre. El periodo posparto tambi\u00e9n implica que ambos padres aprendan a cuidar de su reci\u00e9n nacido y a funcionar como una nueva unidad familiar.<\/p>\n<p>La madre necesita cuidarse mucho para recuperar sus fuerzas. Necesitar\u00e1 mucho descanso, buena alimentaci\u00f3n y ayuda durante las primeras semanas.<\/p>\n\t\t\t\t\t<\/div>\n\t\t\t\t\t\t<\/div>\n\t\t\t\t<\/div>\n\t\t\t\t\t\t<\/div>\n\t\t\t\t\t<\/div>\n\t\t<\/div>\n\t\t\t\t\t\t\t\t<\/div>\n\t\t\t\t\t<\/div>\n\t\t<\/section>\n\t\t\t\t<section class=\"elementor-section elementor-top-section elementor-element elementor-element-8f48855 elementor-section-boxed elementor-section-height-default elementor-section-height-default\" data-id=\"8f48855\" data-element_type=\"section\" data-settings=\"{&quot;background_background&quot;:&quot;classic&quot;}\">\n\t\t\t\t\t\t<div class=\"elementor-container elementor-column-gap-default\">\n\t\t\t\t\t\t\t<div class=\"elementor-row\">\n\t\t\t\t\t<div class=\"elementor-column elementor-col-100 elementor-top-column elementor-element elementor-element-97b23fa\" data-id=\"97b23fa\" data-element_type=\"column\">\n\t\t\t<div class=\"elementor-column-wrap elementor-element-populated\">\n\t\t\t\t\t\t\t<div class=\"elementor-widget-wrap\">\n\t\t\t\t\t\t<div class=\"elementor-element elementor-element-7479a2c elementor-widget elementor-widget-text-editor\" data-id=\"7479a2c\" data-element_type=\"widget\" data-widget_type=\"text-editor.default\">\n\t\t\t\t<div class=\"elementor-widget-container\">\n\t\t\t\t\t\t\t\t<div class=\"elementor-text-editor elementor-clearfix\">\n\t\t\t\t<h2>La medicina china es una herramienta inestimable durante la recuperaci\u00f3n posparto<\/h2>\n\t\t\t\t\t<\/div>\n\t\t\t\t\t\t<\/div>\n\t\t\t\t<\/div>\n\t\t\t\t<div class=\"elementor-element elementor-element-87b3f33 elementor-widget elementor-widget-text-editor\" data-id=\"87b3f33\" data-element_type=\"widget\" data-widget_type=\"text-editor.default\">\n\t\t\t\t<div class=\"elementor-widget-container\">\n\t\t\t\t\t\t\t\t<div class=\"elementor-text-editor elementor-clearfix\">\n\t\t\t\t<p>Acabas de tener un beb\u00e9 y tu cuerpo necesita tiempo para recuperarse. En Occidente, tendemos a pensar que debemos \u00abvolver a la normalidad\u00bb lo antes posible con todas nuestras antiguas tareas, adem\u00e1s de asumir la nueva de cuidar y alimentar a nuestro nuevo beb\u00e9. Sin embargo, tu cuerpo necesita un apoyo adicional en este momento para recuperarse por completo.<\/p>\n<p>Despu\u00e9s de dar a luz, el cuerpo pasa por muchos cambios hormonales que pueden manifestarse tanto f\u00edsica como emocionalmente. La acupuntura puede ayudar a moderar estos cambios hormonales, suavizar esta transici\u00f3n y ayudar a la mujer a recuperarse.\u00a0 La acupuntura puede ayudar a acelerar la recuperaci\u00f3n, estabilizar el estado de \u00e1nimo y aumentar la producci\u00f3n de leche.<\/p>\n<p>Creemos que el descanso, el apoyo y el autocuidado adecuados en el periodo posparto son vitales para una recuperaci\u00f3n sin problemas, ya que los padres se centran en la inmensa tarea de cuidar a su(s) reci\u00e9n nacido(s). Puede ser una \u00e9poca muy dif\u00edcil.<\/p>\n<p>Tenemos el honor de ayudarte en esta recuperaci\u00f3n tanto en los cuidados rutinarios como para ayudar a s\u00edntomas tales como: estre\u00f1imiento, problemas urinarios y del suelo p\u00e9lvico, insomnio, dolor de espalda, dolor de cadera, baja producci\u00f3n de leche, t\u00fanel carpiano, insomnio, sudores nocturnos, depresi\u00f3n posparto o fatiga asociada al posparto.<\/p>\n<blockquote><p>Seg\u00fan los principios de la medicina china, una nueva madre pierde gran parte de su energ\u00eda vital durante el parto. Esto puede causar fatiga extrema y malestar emocional. El periodo posparto es un momento importante para que la madre recupere su energ\u00eda y su fuerza y pueda seguir cuidando de s\u00ed misma y de su nuevo beb\u00e9.<\/p><\/blockquote>\n\t\t\t\t\t<\/div>\n\t\t\t\t\t\t<\/div>\n\t\t\t\t<\/div>\n\t\t\t\t\t\t<\/div>\n\t\t\t\t\t<\/div>\n\t\t<\/div>\n\t\t\t\t\t\t\t\t<\/div>\n\t\t\t\t\t<\/div>\n\t\t<\/section>\n\t\t\t\t<section class=\"elementor-section elementor-top-section elementor-element elementor-element-0093a34 elementor-section-boxed elementor-section-height-default elementor-section-height-default\" data-id=\"0093a34\" data-element_type=\"section\" data-settings=\"{&quot;background_background&quot;:&quot;classic&quot;}\">\n\t\t\t\t\t\t<div class=\"elementor-container elementor-column-gap-default\">\n\t\t\t\t\t\t\t<div class=\"elementor-row\">\n\t\t\t\t\t<div class=\"elementor-column elementor-col-100 elementor-top-column elementor-element elementor-element-802fe1b\" data-id=\"802fe1b\" data-element_type=\"column\">\n\t\t\t<div class=\"elementor-column-wrap elementor-element-populated\">\n\t\t\t\t\t\t\t<div class=\"elementor-widget-wrap\">\n\t\t\t\t\t\t<div class=\"elementor-element elementor-element-f5f7c85 elementor-widget elementor-widget-heading\" data-id=\"f5f7c85\" data-element_type=\"widget\" data-widget_type=\"heading.default\">\n\t\t\t\t<div class=\"elementor-widget-container\">\n\t\t\t<h2 class=\"elementor-heading-title elementor-size-default\">Afecciones comunes tratadas durante la recuperaci\u00f3n posparto<\/h2>\t\t<\/div>\n\t\t\t\t<\/div>\n\t\t\t\t<div class=\"elementor-element elementor-element-5db1d43 elementor-widget elementor-widget-text-editor\" data-id=\"5db1d43\" data-element_type=\"widget\" data-widget_type=\"text-editor.default\">\n\t\t\t\t<div class=\"elementor-widget-container\">\n\t\t\t\t\t\t\t\t<div class=\"elementor-text-editor elementor-clearfix\">\n\t\t\t\t<ul>\n<li>Dolores corporales<\/li>\n<li>Estre\u00f1imiento<\/li>\n<li>Recuperaci\u00f3n de la cicatriz de la ces\u00e1rea<\/li>\n<li>Depresi\u00f3n<\/li>\n<li>Fatiga<\/li>\n<li>Hemorroides<\/li>\n<li>Cicatrizaci\u00f3n de incisiones<\/li>\n<li>Lactancia insuficiente<\/li>\n<li>Mastitis<\/li>\n<li>Loquios persistentes<\/li>\n<li>Sudoraci\u00f3n<\/li>\n<li>Dificultad urinaria<\/li>\n<\/ul>\n\t\t\t\t\t<\/div>\n\t\t\t\t\t\t<\/div>\n\t\t\t\t<\/div>\n\t\t\t\t\t\t<\/div>\n\t\t\t\t\t<\/div>\n\t\t<\/div>\n\t\t\t\t\t\t\t\t<\/div>\n\t\t\t\t\t<\/div>\n\t\t<\/section>\n\t\t\t\t<section class=\"elementor-section elementor-top-section elementor-element elementor-element-520921f elementor-section-boxed elementor-section-height-default elementor-section-height-default\" data-id=\"520921f\" data-element_type=\"section\">\n\t\t\t\t\t\t<div class=\"elementor-container elementor-column-gap-default\">\n\t\t\t\t\t\t\t<div class=\"elementor-row\">\n\t\t\t\t\t<div class=\"elementor-column elementor-col-100 elementor-top-column elementor-element elementor-element-126232c\" data-id=\"126232c\" data-element_type=\"column\">\n\t\t\t<div class=\"elementor-column-wrap elementor-element-populated\">\n\t\t\t\t\t\t\t<div class=\"elementor-widget-wrap\">\n\t\t\t\t\t\t<div class=\"elementor-element elementor-element-41e3680 elementor-align-center elementor-widget elementor-widget-button\" data-id=\"41e3680\" data-element_type=\"widget\" data-widget_type=\"button.default\">\n\t\t\t\t<div class=\"elementor-widget-container\">\n\t\t\t\t\t<div class=\"elementor-button-wrapper\">\n\t\t\t<a href=\"https:\/\/pbacupuntura.com\/es\/contactar\/\" class=\"elementor-button-link elementor-button elementor-size-sm\" role=\"button\">\n\t\t\t\t\t\t<span class=\"elementor-button-content-wrapper\">\n\t\t\t\t\t\t<span class=\"elementor-button-text\">Contactar<\/span>\n\t\t<\/span>\n\t\t\t\t\t<\/a>\n\t\t<\/div>\n\t\t\t\t<\/div>\n\t\t\t\t<\/div>\n\t\t\t\t\t\t<\/div>\n\t\t\t\t\t<\/div>\n\t\t<\/div>\n\t\t\t\t\t\t\t\t<\/div>\n\t\t\t\t\t<\/div>\n\t\t<\/section>\n\t\t\t\t\t\t\t\t\t<\/div>\n\t\t\t<\/div>\n\t\t\t\t\t<\/div>\n\t\t","protected":false},"excerpt":{"rendered":"<p>\u00a0 El periodo posparto comienza tras el parto y termina cuando el cuerpo de la madre ha vuelto casi a su estado anterior al embarazo. Este periodo suele durar entre seis y ocho semanas. El periodo de posparto implica que la madre pase por muchos cambios, tanto emocionales como f\u00edsicos, mientras aprende a lidiar con &hellip;<\/p>\n<p class=\"read-more\"> <a class=\"\" href=\"https:\/\/pbacupuntura.com\/es\/servicios\/postparto\/\"> <span class=\"screen-reader-text\">Postparto<\/span> Leer m\u00e1s &raquo;<\/a><\/p>\n","protected":false},"author":1,"featured_media":0,"parent":2009,"menu_order":0,"comment_status":"closed","ping_status":"closed","template":"","meta":{"site-sidebar-layout":"no-sidebar","site-content-layout":"page-builder","ast-main-header-display":"","ast-hfb-above-header-display":"","ast-hfb-below-header-display":"","ast-hfb-mobile-header-display":"","site-post-title":"disabled","ast-breadcrumbs-content":"","ast-featured-img":"disabled","footer-sml-layout":"","theme-transparent-header-meta":"default","adv-header-id-meta":"","stick-header-meta":"default","header-above-stick-meta":"","header-main-stick-meta":"","header-below-stick-meta":""},"_links":{"self":[{"href":"https:\/\/pbacupuntura.com\/es\/wp-json\/wp\/v2\/pages\/2103"}],"collection":[{"href":"https:\/\/pbacupuntura.com\/es\/wp-json\/wp\/v2\/pages"}],"about":[{"href":"https:\/\/pbacupuntura.com\/es\/wp-json\/wp\/v2\/types\/page"}],"author":[{"embeddable":true,"href":"https:\/\/pbacupuntura.com\/es\/wp-json\/wp\/v2\/users\/1"}],"replies":[{"embeddable":true,"href":"https:\/\/pbacupuntura.com\/es\/wp-json\/wp\/v2\/comments?post=2103"}],"version-history":[{"count":1,"href":"https:\/\/pbacupuntura.com\/es\/wp-json\/wp\/v2\/pages\/2103\/revisions"}],"predecessor-version":[{"id":2104,"href":"https:\/\/pbacupuntura.com\/es\/wp-json\/wp\/v2\/pages\/2103\/revisions\/2104"}],"up":[{"embeddable":true,"href":"https:\/\/pbacupuntura.com\/es\/wp-json\/wp\/v2\/pages\/2009"}],"wp:attachment":[{"href":"https:\/\/pbacupuntura.com\/es\/wp-json\/wp\/v2\/media?parent=2103"}],"curies":[{"name":"wp","href":"https:\/\/api.w.org\/{rel}","templated":true}]}}