{"id":2099,"date":"2021-09-23T19:41:23","date_gmt":"2021-09-23T17:41:23","guid":{"rendered":"https:\/\/pbacupuntura.com\/servicios\/salud-de-la-mujer\/"},"modified":"2021-10-23T11:00:57","modified_gmt":"2021-10-23T09:00:57","slug":"salud-de-la-mujer","status":"publish","type":"page","link":"https:\/\/pbacupuntura.com\/es\/servicios\/salud-de-la-mujer\/","title":{"rendered":"Salud de la mujer"},"content":{"rendered":"\t\t<div data-elementor-type=\"wp-page\" data-elementor-id=\"2099\" class=\"elementor elementor-2099 elementor-21\">\n\t\t\t\t\t\t<div class=\"elementor-inner\">\n\t\t\t\t<div class=\"elementor-section-wrap\">\n\t\t\t\t\t\t\t\t\t<section class=\"elementor-section elementor-top-section elementor-element elementor-element-c37ec57 elementor-section-boxed elementor-section-height-default elementor-section-height-default\" data-id=\"c37ec57\" data-element_type=\"section\">\n\t\t\t\t\t\t<div class=\"elementor-container elementor-column-gap-default\">\n\t\t\t\t\t\t\t<div class=\"elementor-row\">\n\t\t\t\t\t<div class=\"elementor-column elementor-col-50 elementor-top-column elementor-element elementor-element-ab51aee\" data-id=\"ab51aee\" data-element_type=\"column\">\n\t\t\t<div class=\"elementor-column-wrap elementor-element-populated\">\n\t\t\t\t\t\t\t<div class=\"elementor-widget-wrap\">\n\t\t\t\t\t\t<div class=\"elementor-element elementor-element-a1f48be elementor-widget elementor-widget-image\" data-id=\"a1f48be\" data-element_type=\"widget\" data-widget_type=\"image.default\">\n\t\t\t\t<div class=\"elementor-widget-container\">\n\t\t\t\t\t\t\t\t<div class=\"elementor-image\">\n\t\t\t\t\t\t\t\t\t\t\t\t<img width=\"1024\" height=\"683\" src=\"https:\/\/pbacupuntura.com\/wp-content\/uploads\/2021\/06\/PB_Acupuntura_Servicios_5_WomenHealth-1024x683.jpeg\" class=\"attachment-large size-large wp-image-701\" alt=\"\" loading=\"lazy\" srcset=\"https:\/\/pbacupuntura.com\/wp-content\/uploads\/2021\/06\/PB_Acupuntura_Servicios_5_WomenHealth-1024x683.jpeg 1024w, https:\/\/pbacupuntura.com\/wp-content\/uploads\/2021\/06\/PB_Acupuntura_Servicios_5_WomenHealth-300x200.jpeg 300w, https:\/\/pbacupuntura.com\/wp-content\/uploads\/2021\/06\/PB_Acupuntura_Servicios_5_WomenHealth-768x512.jpeg 768w, https:\/\/pbacupuntura.com\/wp-content\/uploads\/2021\/06\/PB_Acupuntura_Servicios_5_WomenHealth-1536x1024.jpeg 1536w, https:\/\/pbacupuntura.com\/wp-content\/uploads\/2021\/06\/PB_Acupuntura_Servicios_5_WomenHealth-2048x1366.jpeg 2048w\" sizes=\"(max-width: 1024px) 100vw, 1024px\" \/>\t\t\t\t\t\t\t\t\t\t\t\t\t\t<\/div>\n\t\t\t\t\t\t<\/div>\n\t\t\t\t<\/div>\n\t\t\t\t\t\t<\/div>\n\t\t\t\t\t<\/div>\n\t\t<\/div>\n\t\t\t\t<div class=\"elementor-column elementor-col-50 elementor-top-column elementor-element elementor-element-fd2c0d2\" data-id=\"fd2c0d2\" data-element_type=\"column\">\n\t\t\t<div class=\"elementor-column-wrap elementor-element-populated\">\n\t\t\t\t\t\t\t<div class=\"elementor-widget-wrap\">\n\t\t\t\t\t\t<div class=\"elementor-element elementor-element-53ea081 elementor-widget elementor-widget-text-editor\" data-id=\"53ea081\" data-element_type=\"widget\" data-widget_type=\"text-editor.default\">\n\t\t\t\t<div class=\"elementor-widget-container\">\n\t\t\t\t\t\t\t\t<div class=\"elementor-text-editor elementor-clearfix\">\n\t\t\t\t<p style=\"margin: 0cm 0cm 10.5pt 0cm;\"><span lang=\"EN-IE\" style=\"font-size: 11pt; color: black; letter-spacing: 0.5pt; background-image: initial; background-position: initial; background-size: initial; background-repeat: initial; background-attachment: initial; background-origin: initial; background-clip: initial;\">\u00a0<\/span><\/p>\n<p style=\"margin: 0cm 0cm 10.5pt 0cm;\"><span lang=\"EN-IE\" style=\"font-size: 11pt; color: black; letter-spacing: 0.5pt; background-image: initial; background-position: initial; background-size: initial; background-repeat: initial; background-attachment: initial; background-origin: initial; background-clip: initial;\">La acupuntura se ha utilizado para tratar y mantener la salud de la mujer durante siglos.\u00a0<\/span><\/p>\n<p style=\"margin: 0cm 0cm 10.5pt 0cm;\"><span lang=\"EN-IE\" style=\"font-size: 11pt; color: black; letter-spacing: 0.5pt; background-image: initial; background-position: initial; background-size: initial; background-repeat: initial; background-attachment: initial; background-origin: initial; background-clip: initial;\">El ciclo menstrual de la mujer es una manifestaci\u00f3n clara y muy significativa de los ritmos y el funcionamiento interno del cuerpo. Si hay desarmon\u00eda, el cuerpo lo muestra y la salud y el bienestar en general no estar\u00e1n en su estado \u00f3ptimo.<\/span><\/p>\n<p style=\"margin: 0cm 0cm 10.5pt 0cm;\"><span style=\"color: black; font-size: 11pt; letter-spacing: 0.5pt; font-style: inherit; font-weight: inherit;\">En PB Acupuntura, damos gran importancia a ayudar a las mujeres a tener ciclos suaves y f\u00e1ciles para ayudarlas a alcanzar y mantener un mayor bienestar.<\/span><\/p>\n\t\t\t\t\t<\/div>\n\t\t\t\t\t\t<\/div>\n\t\t\t\t<\/div>\n\t\t\t\t<div class=\"elementor-element elementor-element-b37c4e0 elementor-widget-divider--separator-type-pattern elementor-widget-divider--view-line elementor-widget elementor-widget-divider\" data-id=\"b37c4e0\" data-element_type=\"widget\" data-widget_type=\"divider.default\">\n\t\t\t\t<div class=\"elementor-widget-container\">\n\t\t\t\t\t<div class=\"elementor-divider\" style=\"--divider-pattern-url: url(&quot;data:image\/svg+xml,%3Csvg xmlns=&#039;http:\/\/www.w3.org\/2000\/svg&#039; preserveAspectRatio=&#039;none&#039; overflow=&#039;visible&#039; height=&#039;100%&#039; viewBox=&#039;0 0 24 24&#039; fill=&#039;black&#039; stroke=&#039;none&#039;%3E%3Cpath d=&#039;M12.7,2.3c-0.4-0.4-1.1-0.4-1.5,0l-8,9.1c-0.3,0.4-0.3,0.9,0,1.2l8,9.1c0.4,0.4,1.1,0.4,1.5,0l8-9.1c0.3-0.4,0.3-0.9,0-1.2L12.7,2.3z&#039;\/%3E%3C\/svg%3E&quot;);\">\n\t\t\t<span class=\"elementor-divider-separator\">\n\t\t\t\t\t\t<\/span>\n\t\t<\/div>\n\t\t\t\t<\/div>\n\t\t\t\t<\/div>\n\t\t\t\t\t\t<\/div>\n\t\t\t\t\t<\/div>\n\t\t<\/div>\n\t\t\t\t\t\t\t\t<\/div>\n\t\t\t\t\t<\/div>\n\t\t<\/section>\n\t\t\t\t<section class=\"elementor-section elementor-top-section elementor-element elementor-element-fd3f284 elementor-section-boxed elementor-section-height-default elementor-section-height-default\" data-id=\"fd3f284\" data-element_type=\"section\" data-settings=\"{&quot;background_background&quot;:&quot;classic&quot;}\">\n\t\t\t\t\t\t<div class=\"elementor-container elementor-column-gap-default\">\n\t\t\t\t\t\t\t<div class=\"elementor-row\">\n\t\t\t\t\t<div class=\"elementor-column elementor-col-100 elementor-top-column elementor-element elementor-element-af79ff6\" data-id=\"af79ff6\" data-element_type=\"column\">\n\t\t\t<div class=\"elementor-column-wrap elementor-element-populated\">\n\t\t\t\t\t\t\t<div class=\"elementor-widget-wrap\">\n\t\t\t\t\t\t<div class=\"elementor-element elementor-element-91d57a4 elementor-widget-divider--view-line elementor-widget elementor-widget-divider\" data-id=\"91d57a4\" data-element_type=\"widget\" data-widget_type=\"divider.default\">\n\t\t\t\t<div class=\"elementor-widget-container\">\n\t\t\t\t\t<div class=\"elementor-divider\">\n\t\t\t<span class=\"elementor-divider-separator\">\n\t\t\t\t\t\t<\/span>\n\t\t<\/div>\n\t\t\t\t<\/div>\n\t\t\t\t<\/div>\n\t\t\t\t\t\t<\/div>\n\t\t\t\t\t<\/div>\n\t\t<\/div>\n\t\t\t\t\t\t\t\t<\/div>\n\t\t\t\t\t<\/div>\n\t\t<\/section>\n\t\t\t\t<section class=\"elementor-section elementor-top-section elementor-element elementor-element-c5acd32 elementor-section-boxed elementor-section-height-default elementor-section-height-default\" data-id=\"c5acd32\" data-element_type=\"section\" data-settings=\"{&quot;background_background&quot;:&quot;classic&quot;}\">\n\t\t\t\t\t\t<div class=\"elementor-container elementor-column-gap-default\">\n\t\t\t\t\t\t\t<div class=\"elementor-row\">\n\t\t\t\t\t<div class=\"elementor-column elementor-col-100 elementor-top-column elementor-element elementor-element-e6860a3\" data-id=\"e6860a3\" data-element_type=\"column\">\n\t\t\t<div class=\"elementor-column-wrap elementor-element-populated\">\n\t\t\t\t\t\t\t<div class=\"elementor-widget-wrap\">\n\t\t\t\t\t\t<div class=\"elementor-element elementor-element-fbe32db elementor-widget elementor-widget-heading\" data-id=\"fbe32db\" data-element_type=\"widget\" data-widget_type=\"heading.default\">\n\t\t\t\t<div class=\"elementor-widget-container\">\n\t\t\t<h2 class=\"elementor-heading-title elementor-size-default\">Equilibrio hormonal<\/h2>\t\t<\/div>\n\t\t\t\t<\/div>\n\t\t\t\t<div class=\"elementor-element elementor-element-07cf6b8 elementor-widget-divider--view-line elementor-widget elementor-widget-divider\" data-id=\"07cf6b8\" data-element_type=\"widget\" data-widget_type=\"divider.default\">\n\t\t\t\t<div class=\"elementor-widget-container\">\n\t\t\t\t\t<div class=\"elementor-divider\">\n\t\t\t<span class=\"elementor-divider-separator\">\n\t\t\t\t\t\t<\/span>\n\t\t<\/div>\n\t\t\t\t<\/div>\n\t\t\t\t<\/div>\n\t\t\t\t<div class=\"elementor-element elementor-element-a2fdd1a elementor-widget elementor-widget-text-editor\" data-id=\"a2fdd1a\" data-element_type=\"widget\" data-widget_type=\"text-editor.default\">\n\t\t\t\t<div class=\"elementor-widget-container\">\n\t\t\t\t\t\t\t\t<div class=\"elementor-text-editor elementor-clearfix\">\n\t\t\t\t<p>El equilibrio hormonal es vital para una mente y un cuerpo sanos, pero puede verse alterado de muchas maneras. Las fluctuaciones hormonales se producen de forma natural, como en la pubertad, la menopausia y la peri-menopausia. El desequilibrio hormonal tambi\u00e9n puede estar causado por toxinas o por un estilo de vida desequilibrado. Comprender las causas de los desequilibrios hormonales nos permite prevenirlos y, al mismo tiempo, sentirnos y pensar mejor.<\/p>\n<p>La acupuntura es una de las formas m\u00e1s seguras que hay para ayudar a tu cuerpo a equilibrar naturalmente sus hormonas, y sin efectos secundarios.<\/p>\n<p>Las hormonas son los mensajeros qu\u00edmicos del cuerpo. Viajan por el torrente sangu\u00edneo hasta los tejidos y \u00f3rganos. Act\u00faan lentamente, a lo largo del tiempo, y afectan a muchos procesos diferentes, como el metabolismo, la funci\u00f3n sexual, la reproducci\u00f3n, el estado de \u00e1nimo y mucho m\u00e1s.<\/p>\n<p>Los desequilibrios hormonales se producen cuando hay demasiada o muy poca cantidad de una hormona en el torrente sangu\u00edneo. Debido a su funci\u00f3n esencial en el organismo, incluso los peque\u00f1os desequilibrios hormonales pueden causar efectos secundarios en todo el cuerpo.<\/p>\n<p>Las hormonas, como los estr\u00f3genos, la testosterona, la adrenalina y la insulina, son mensajeros qu\u00edmicos muy importantes que afectan a muchos aspectos de la salud en general. Las hormonas son segregadas por varias gl\u00e1ndulas y \u00f3rganos, como la tiroides, las suprarrenales, la hip\u00f3fisis, los ovarios, los test\u00edculos y el p\u00e1ncreas. Todo el sistema endocrino trabaja conjuntamente para controlar el nivel de las hormonas que circulan por el cuerpo, y si una o varias est\u00e1n ligeramente desequilibradas, pueden causar problemas de salud importantes y generalizados.<\/p>\n\t\t\t\t\t<\/div>\n\t\t\t\t\t\t<\/div>\n\t\t\t\t<\/div>\n\t\t\t\t\t\t<\/div>\n\t\t\t\t\t<\/div>\n\t\t<\/div>\n\t\t\t\t\t\t\t\t<\/div>\n\t\t\t\t\t<\/div>\n\t\t<\/section>\n\t\t\t\t<section class=\"elementor-section elementor-top-section elementor-element elementor-element-fa268e9 elementor-section-boxed elementor-section-height-default elementor-section-height-default\" data-id=\"fa268e9\" data-element_type=\"section\" data-settings=\"{&quot;background_background&quot;:&quot;classic&quot;}\">\n\t\t\t\t\t\t<div class=\"elementor-container elementor-column-gap-default\">\n\t\t\t\t\t\t\t<div class=\"elementor-row\">\n\t\t\t\t\t<div class=\"elementor-column elementor-col-100 elementor-top-column elementor-element elementor-element-989ca8b\" data-id=\"989ca8b\" data-element_type=\"column\">\n\t\t\t<div class=\"elementor-column-wrap elementor-element-populated\">\n\t\t\t\t\t\t\t<div class=\"elementor-widget-wrap\">\n\t\t\t\t\t\t<div class=\"elementor-element elementor-element-0ed9bfe elementor-widget elementor-widget-heading\" data-id=\"0ed9bfe\" data-element_type=\"widget\" data-widget_type=\"heading.default\">\n\t\t\t\t<div class=\"elementor-widget-container\">\n\t\t\t<h3 class=\"elementor-heading-title elementor-size-default\">Algunos de los s\u00edntomas que los desequilibrios hormonales pueden provocar son:<\/h3>\t\t<\/div>\n\t\t\t\t<\/div>\n\t\t\t\t<section class=\"elementor-section elementor-inner-section elementor-element elementor-element-18361ea elementor-section-boxed elementor-section-height-default elementor-section-height-default\" data-id=\"18361ea\" data-element_type=\"section\">\n\t\t\t\t\t\t<div class=\"elementor-container elementor-column-gap-default\">\n\t\t\t\t\t\t\t<div class=\"elementor-row\">\n\t\t\t\t\t<div class=\"elementor-column elementor-col-100 elementor-inner-column elementor-element elementor-element-ba83d6f\" data-id=\"ba83d6f\" data-element_type=\"column\">\n\t\t\t<div class=\"elementor-column-wrap elementor-element-populated\">\n\t\t\t\t\t\t\t<div class=\"elementor-widget-wrap\">\n\t\t\t\t\t\t<div class=\"elementor-element elementor-element-801a2ca elementor-widget elementor-widget-text-editor\" data-id=\"801a2ca\" data-element_type=\"widget\" data-widget_type=\"text-editor.default\">\n\t\t\t\t<div class=\"elementor-widget-container\">\n\t\t\t\t\t\t\t\t<div class=\"elementor-text-editor elementor-clearfix\">\n\t\t\t\t<ul>\n<li>Cambios de humor<\/li>\n<li>Depresi\u00f3n<\/li>\n<li>Acn\u00e9<\/li>\n<li>Aumento de peso<\/li>\n<li>Cambio en la libido<\/li>\n<li>Baja energ\u00eda<\/li>\n<li>Dormir mal<\/li>\n<li>Infertilidad<\/li>\n<li>Problemas con el ciclo menstrual<\/li>\n<li>P\u00e9rdida y debilitamiento del cabello<\/li>\n<li>Problemas digestivos<\/li>\n<li>Piel seca<\/li>\n<li>Cambios en el ritmo card\u00edaco y\/o en la presi\u00f3n arterial<\/li>\n<li>Sensibilidad al fr\u00edo y a los cambios de temperatura corporal<\/li>\n<li>Ansiedad<\/li>\n<li>Irritabilidad<\/li>\n<li>Dolores de cabeza<\/li>\n<\/ul>\n\t\t\t\t\t<\/div>\n\t\t\t\t\t\t<\/div>\n\t\t\t\t<\/div>\n\t\t\t\t\t\t<\/div>\n\t\t\t\t\t<\/div>\n\t\t<\/div>\n\t\t\t\t\t\t\t\t<\/div>\n\t\t\t\t\t<\/div>\n\t\t<\/section>\n\t\t\t\t<div class=\"elementor-element elementor-element-cc14d8a elementor-widget elementor-widget-text-editor\" data-id=\"cc14d8a\" data-element_type=\"widget\" data-widget_type=\"text-editor.default\">\n\t\t\t\t<div class=\"elementor-widget-container\">\n\t\t\t\t\t\t\t\t<div class=\"elementor-text-editor elementor-clearfix\">\n\t\t\t\t<blockquote>\n<h4>Todos estos s\u00edntomas se pueden aliviar con la acupuntura<\/h4>\n<\/blockquote>\n\t\t\t\t\t<\/div>\n\t\t\t\t\t\t<\/div>\n\t\t\t\t<\/div>\n\t\t\t\t\t\t<\/div>\n\t\t\t\t\t<\/div>\n\t\t<\/div>\n\t\t\t\t\t\t\t\t<\/div>\n\t\t\t\t\t<\/div>\n\t\t<\/section>\n\t\t\t\t<section class=\"elementor-section elementor-top-section elementor-element elementor-element-25f833b elementor-section-boxed elementor-section-height-default elementor-section-height-default\" data-id=\"25f833b\" data-element_type=\"section\" data-settings=\"{&quot;background_background&quot;:&quot;classic&quot;}\">\n\t\t\t\t\t\t<div class=\"elementor-container elementor-column-gap-default\">\n\t\t\t\t\t\t\t<div class=\"elementor-row\">\n\t\t\t\t\t<div class=\"elementor-column elementor-col-100 elementor-top-column elementor-element elementor-element-8fbd5b9\" data-id=\"8fbd5b9\" data-element_type=\"column\">\n\t\t\t<div class=\"elementor-column-wrap elementor-element-populated\">\n\t\t\t\t\t\t\t<div class=\"elementor-widget-wrap\">\n\t\t\t\t\t\t\t\t<\/div>\n\t\t\t\t\t<\/div>\n\t\t<\/div>\n\t\t\t\t\t\t\t\t<\/div>\n\t\t\t\t\t<\/div>\n\t\t<\/section>\n\t\t\t\t<section class=\"elementor-section elementor-top-section elementor-element elementor-element-57beee5 elementor-section-boxed elementor-section-height-default elementor-section-height-default\" data-id=\"57beee5\" data-element_type=\"section\">\n\t\t\t\t\t\t<div class=\"elementor-container elementor-column-gap-default\">\n\t\t\t\t\t\t\t<div class=\"elementor-row\">\n\t\t\t\t\t<div class=\"elementor-column elementor-col-100 elementor-top-column elementor-element elementor-element-339e371\" data-id=\"339e371\" data-element_type=\"column\">\n\t\t\t<div class=\"elementor-column-wrap elementor-element-populated\">\n\t\t\t\t\t\t\t<div class=\"elementor-widget-wrap\">\n\t\t\t\t\t\t<div class=\"elementor-element elementor-element-f6e4292 elementor-widget elementor-widget-heading\" data-id=\"f6e4292\" data-element_type=\"widget\" data-widget_type=\"heading.default\">\n\t\t\t\t<div class=\"elementor-widget-container\">\n\t\t\t<h2 class=\"elementor-heading-title elementor-size-default\">Acupuntura y salud menstrual<\/h2>\t\t<\/div>\n\t\t\t\t<\/div>\n\t\t\t\t<div class=\"elementor-element elementor-element-8815809 elementor-widget-divider--view-line elementor-widget elementor-widget-divider\" data-id=\"8815809\" data-element_type=\"widget\" data-widget_type=\"divider.default\">\n\t\t\t\t<div class=\"elementor-widget-container\">\n\t\t\t\t\t<div class=\"elementor-divider\">\n\t\t\t<span class=\"elementor-divider-separator\">\n\t\t\t\t\t\t<\/span>\n\t\t<\/div>\n\t\t\t\t<\/div>\n\t\t\t\t<\/div>\n\t\t\t\t<div class=\"elementor-element elementor-element-9a3ba1c elementor-widget elementor-widget-text-editor\" data-id=\"9a3ba1c\" data-element_type=\"widget\" data-widget_type=\"text-editor.default\">\n\t\t\t\t<div class=\"elementor-widget-container\">\n\t\t\t\t\t\t\t\t<div class=\"elementor-text-editor elementor-clearfix\">\n\t\t\t\t<p>El ciclo menstrual refleja el funcionamiento interno y la salud del cuerpo y ofrece una gran informaci\u00f3n sobre el cuerpo de la mujer. Seg\u00fan la medicina tradicional china, un ciclo saludable debe ser regular, sin dolor, sin co\u00e1gulos y asintom\u00e1tico.<\/p><p>La tensi\u00f3n premenstrual se refiere a los cambios f\u00edsicos y emocionales que pueden comenzar hasta 10 d\u00edas antes de la menstruaci\u00f3n y pueden incluir s\u00edntomas como fatiga, irritabilidad, problemas digestivos, hinchaz\u00f3n, calambres, dolor de espalda, acn\u00e9, sensibilidad en los senos y una mayor sensaci\u00f3n de malestar emocional o sensibilidad. La mayor\u00eda de las mujeres experimentan el SPM en alg\u00fan grado. Mientras que para algunas mujeres los s\u00edntomas pueden ser leves, otras pueden experimentar una alteraci\u00f3n significativa en sus actividades diarias.<\/p><p>Cualquier problema con el ciclo menstrual es generalmente debido a bloqueos o debilidad en el cuerpo que puede ser tratado con \u00e9xito con la acupuntura y algunos cambios en la dieta y el estilo de vida. En PB Acupuntura, buscamos no s\u00f3lo aliviar los s\u00edntomas que est\u00e1 experimentando, sino resolver la causa ra\u00edz que contribuye a esos s\u00edntomas.<\/p>\t\t\t\t\t<\/div>\n\t\t\t\t\t\t<\/div>\n\t\t\t\t<\/div>\n\t\t\t\t\t\t<\/div>\n\t\t\t\t\t<\/div>\n\t\t<\/div>\n\t\t\t\t\t\t\t\t<\/div>\n\t\t\t\t\t<\/div>\n\t\t<\/section>\n\t\t\t\t<section class=\"elementor-section elementor-top-section elementor-element elementor-element-228fa27 elementor-section-boxed elementor-section-height-default elementor-section-height-default\" data-id=\"228fa27\" data-element_type=\"section\" data-settings=\"{&quot;background_background&quot;:&quot;classic&quot;}\">\n\t\t\t\t\t\t<div class=\"elementor-container elementor-column-gap-default\">\n\t\t\t\t\t\t\t<div class=\"elementor-row\">\n\t\t\t\t\t<div class=\"elementor-column elementor-col-100 elementor-top-column elementor-element elementor-element-5d071e9\" data-id=\"5d071e9\" data-element_type=\"column\">\n\t\t\t<div class=\"elementor-column-wrap elementor-element-populated\">\n\t\t\t\t\t\t\t<div class=\"elementor-widget-wrap\">\n\t\t\t\t\t\t\t\t<\/div>\n\t\t\t\t\t<\/div>\n\t\t<\/div>\n\t\t\t\t\t\t\t\t<\/div>\n\t\t\t\t\t<\/div>\n\t\t<\/section>\n\t\t\t\t<section class=\"elementor-section elementor-top-section elementor-element elementor-element-49e256f elementor-section-boxed elementor-section-height-default elementor-section-height-default\" data-id=\"49e256f\" data-element_type=\"section\" data-settings=\"{&quot;background_background&quot;:&quot;classic&quot;}\">\n\t\t\t\t\t\t<div class=\"elementor-container elementor-column-gap-default\">\n\t\t\t\t\t\t\t<div class=\"elementor-row\">\n\t\t\t\t\t<div class=\"elementor-column elementor-col-100 elementor-top-column elementor-element elementor-element-84eee16\" data-id=\"84eee16\" data-element_type=\"column\">\n\t\t\t<div class=\"elementor-column-wrap elementor-element-populated\">\n\t\t\t\t\t\t\t<div class=\"elementor-widget-wrap\">\n\t\t\t\t\t\t<div class=\"elementor-element elementor-element-d8d7e22 elementor-widget elementor-widget-heading\" data-id=\"d8d7e22\" data-element_type=\"widget\" data-widget_type=\"heading.default\">\n\t\t\t\t<div class=\"elementor-widget-container\">\n\t\t\t<h2 class=\"elementor-heading-title elementor-size-default\">Acupuntura y menopausia<\/h2>\t\t<\/div>\n\t\t\t\t<\/div>\n\t\t\t\t<div class=\"elementor-element elementor-element-3d1760c elementor-widget-divider--view-line elementor-widget elementor-widget-divider\" data-id=\"3d1760c\" data-element_type=\"widget\" data-widget_type=\"divider.default\">\n\t\t\t\t<div class=\"elementor-widget-container\">\n\t\t\t\t\t<div class=\"elementor-divider\">\n\t\t\t<span class=\"elementor-divider-separator\">\n\t\t\t\t\t\t<\/span>\n\t\t<\/div>\n\t\t\t\t<\/div>\n\t\t\t\t<\/div>\n\t\t\t\t<div class=\"elementor-element elementor-element-6d5de31 elementor-widget elementor-widget-text-editor\" data-id=\"6d5de31\" data-element_type=\"widget\" data-widget_type=\"text-editor.default\">\n\t\t\t\t<div class=\"elementor-widget-container\">\n\t\t\t\t\t\t\t\t<div class=\"elementor-text-editor elementor-clearfix\">\n\t\t\t\t<p>La Medicina China establece que la menopausia, aparte del cese del ciclo menstrual, debe ser asintom\u00e1tica. Los sofocos, la irritabilidad, el insomnio y la sequedad vaginal son signos de que existe un desequilibrio en el organismo. Mientras que para algunas mujeres los s\u00edntomas pueden ser leves, otras pueden experimentar una alteraci\u00f3n importante en sus actividades diarias debido a los s\u00edntomas f\u00edsicos y emocionales que experimentan. A pesar de ser comunes, no son \u00abnormales\u00bb. La acupuntura y la fitoterapia pueden facilitar esta transici\u00f3n vital y ayudar al cuerpo a recuperar la armon\u00eda y el bienestar.<\/p>\n\t\t\t\t\t<\/div>\n\t\t\t\t\t\t<\/div>\n\t\t\t\t<\/div>\n\t\t\t\t\t\t<\/div>\n\t\t\t\t\t<\/div>\n\t\t<\/div>\n\t\t\t\t\t\t\t\t<\/div>\n\t\t\t\t\t<\/div>\n\t\t<\/section>\n\t\t\t\t<section class=\"elementor-section elementor-top-section elementor-element elementor-element-4c91dc5 elementor-section-boxed elementor-section-height-default elementor-section-height-default\" data-id=\"4c91dc5\" data-element_type=\"section\" data-settings=\"{&quot;background_background&quot;:&quot;classic&quot;}\">\n\t\t\t\t\t\t<div class=\"elementor-container elementor-column-gap-default\">\n\t\t\t\t\t\t\t<div class=\"elementor-row\">\n\t\t\t\t\t<div class=\"elementor-column elementor-col-100 elementor-top-column elementor-element elementor-element-f72c6db\" data-id=\"f72c6db\" data-element_type=\"column\">\n\t\t\t<div class=\"elementor-column-wrap elementor-element-populated\">\n\t\t\t\t\t\t\t<div class=\"elementor-widget-wrap\">\n\t\t\t\t\t\t<div class=\"elementor-element elementor-element-ad3eb42 elementor-widget elementor-widget-heading\" data-id=\"ad3eb42\" data-element_type=\"widget\" data-widget_type=\"heading.default\">\n\t\t\t\t<div class=\"elementor-widget-container\">\n\t\t\t<h3 class=\"elementor-heading-title elementor-size-default\">Algunos de los s\u00edntomas de la menopausia que son tratados eficazmente por la medicina tradicional china:<\/h3>\t\t<\/div>\n\t\t\t\t<\/div>\n\t\t\t\t<section class=\"elementor-section elementor-inner-section elementor-element elementor-element-1615cc5 elementor-section-boxed elementor-section-height-default elementor-section-height-default\" data-id=\"1615cc5\" data-element_type=\"section\">\n\t\t\t\t\t\t<div class=\"elementor-container elementor-column-gap-default\">\n\t\t\t\t\t\t\t<div class=\"elementor-row\">\n\t\t\t\t\t<div class=\"elementor-column elementor-col-100 elementor-inner-column elementor-element elementor-element-f5b4e0e\" data-id=\"f5b4e0e\" data-element_type=\"column\">\n\t\t\t<div class=\"elementor-column-wrap elementor-element-populated\">\n\t\t\t\t\t\t\t<div class=\"elementor-widget-wrap\">\n\t\t\t\t\t\t<div class=\"elementor-element elementor-element-60d31f0 elementor-widget elementor-widget-text-editor\" data-id=\"60d31f0\" data-element_type=\"widget\" data-widget_type=\"text-editor.default\">\n\t\t\t\t<div class=\"elementor-widget-container\">\n\t\t\t\t\t\t\t\t<div class=\"elementor-text-editor elementor-clearfix\">\n\t\t\t\t<ul>\n<li>Sofocos<\/li>\n<li>Sudores nocturnos<\/li>\n<li>Insomnio<\/li>\n<li>Dolores de cabeza<\/li>\n<li>Falta de concentraci\u00f3n y memoria<\/li>\n<li>Dificultades emocionales: sensaci\u00f3n de ansiedad, falta de concentraci\u00f3n, depresi\u00f3n<\/li>\n<li>Irregularidades menstruales: menstruaciones abundantes, manchado frecuente<\/li>\n<li>Baja libido y sequedad vaginal<\/li>\n<\/ul>\n\t\t\t\t\t<\/div>\n\t\t\t\t\t\t<\/div>\n\t\t\t\t<\/div>\n\t\t\t\t\t\t<\/div>\n\t\t\t\t\t<\/div>\n\t\t<\/div>\n\t\t\t\t\t\t\t\t<\/div>\n\t\t\t\t\t<\/div>\n\t\t<\/section>\n\t\t\t\t\t\t<\/div>\n\t\t\t\t\t<\/div>\n\t\t<\/div>\n\t\t\t\t\t\t\t\t<\/div>\n\t\t\t\t\t<\/div>\n\t\t<\/section>\n\t\t\t\t\t\t\t\t\t<\/div>\n\t\t\t<\/div>\n\t\t\t\t\t<\/div>\n\t\t","protected":false},"excerpt":{"rendered":"<p>\u00a0 La acupuntura se ha utilizado para tratar y mantener la salud de la mujer durante siglos.\u00a0 El ciclo menstrual de la mujer es una manifestaci\u00f3n clara y muy significativa de los ritmos y el funcionamiento interno del cuerpo. Si hay desarmon\u00eda, el cuerpo lo muestra y la salud y el bienestar en general no &hellip;<\/p>\n<p class=\"read-more\"> <a class=\"\" href=\"https:\/\/pbacupuntura.com\/es\/servicios\/salud-de-la-mujer\/\"> <span class=\"screen-reader-text\">Salud de la mujer<\/span> Leer m\u00e1s &raquo;<\/a><\/p>\n","protected":false},"author":1,"featured_media":0,"parent":2009,"menu_order":0,"comment_status":"closed","ping_status":"closed","template":"","meta":{"site-sidebar-layout":"no-sidebar","site-content-layout":"page-builder","ast-main-header-display":"","ast-hfb-above-header-display":"","ast-hfb-below-header-display":"","ast-hfb-mobile-header-display":"","site-post-title":"disabled","ast-breadcrumbs-content":"","ast-featured-img":"disabled","footer-sml-layout":"","theme-transparent-header-meta":"default","adv-header-id-meta":"","stick-header-meta":"default","header-above-stick-meta":"","header-main-stick-meta":"","header-below-stick-meta":""},"_links":{"self":[{"href":"https:\/\/pbacupuntura.com\/es\/wp-json\/wp\/v2\/pages\/2099"}],"collection":[{"href":"https:\/\/pbacupuntura.com\/es\/wp-json\/wp\/v2\/pages"}],"about":[{"href":"https:\/\/pbacupuntura.com\/es\/wp-json\/wp\/v2\/types\/page"}],"author":[{"embeddable":true,"href":"https:\/\/pbacupuntura.com\/es\/wp-json\/wp\/v2\/users\/1"}],"replies":[{"embeddable":true,"href":"https:\/\/pbacupuntura.com\/es\/wp-json\/wp\/v2\/comments?post=2099"}],"version-history":[{"count":13,"href":"https:\/\/pbacupuntura.com\/es\/wp-json\/wp\/v2\/pages\/2099\/revisions"}],"predecessor-version":[{"id":2721,"href":"https:\/\/pbacupuntura.com\/es\/wp-json\/wp\/v2\/pages\/2099\/revisions\/2721"}],"up":[{"embeddable":true,"href":"https:\/\/pbacupuntura.com\/es\/wp-json\/wp\/v2\/pages\/2009"}],"wp:attachment":[{"href":"https:\/\/pbacupuntura.com\/es\/wp-json\/wp\/v2\/media?parent=2099"}],"curies":[{"name":"wp","href":"https:\/\/api.w.org\/{rel}","templated":true}]}}