{"id":2097,"date":"2021-09-22T12:56:50","date_gmt":"2021-09-22T10:56:50","guid":{"rendered":"https:\/\/pbacupuntura.com\/servicios\/fertilidad\/"},"modified":"2021-09-22T12:56:51","modified_gmt":"2021-09-22T10:56:51","slug":"fertilidad","status":"publish","type":"page","link":"https:\/\/pbacupuntura.com\/es\/servicios\/fertilidad\/","title":{"rendered":"Fertilidad"},"content":{"rendered":"\t\t<div data-elementor-type=\"wp-page\" data-elementor-id=\"2097\" class=\"elementor elementor-2097 elementor-568\">\n\t\t\t\t\t\t<div class=\"elementor-inner\">\n\t\t\t\t<div class=\"elementor-section-wrap\">\n\t\t\t\t\t\t\t\t\t<section class=\"elementor-section elementor-top-section elementor-element elementor-element-2282d6e elementor-section-boxed elementor-section-height-default elementor-section-height-default\" data-id=\"2282d6e\" data-element_type=\"section\">\n\t\t\t\t\t\t<div class=\"elementor-container elementor-column-gap-default\">\n\t\t\t\t\t\t\t<div class=\"elementor-row\">\n\t\t\t\t\t<div class=\"elementor-column elementor-col-50 elementor-top-column elementor-element elementor-element-07dc7d8\" data-id=\"07dc7d8\" data-element_type=\"column\">\n\t\t\t<div class=\"elementor-column-wrap elementor-element-populated\">\n\t\t\t\t\t\t\t<div class=\"elementor-widget-wrap\">\n\t\t\t\t\t\t<div class=\"elementor-element elementor-element-9bf9e20 elementor-widget elementor-widget-image\" data-id=\"9bf9e20\" data-element_type=\"widget\" data-widget_type=\"image.default\">\n\t\t\t\t<div class=\"elementor-widget-container\">\n\t\t\t\t\t\t\t\t<div class=\"elementor-image\">\n\t\t\t\t\t\t\t\t\t\t\t\t<img width=\"1024\" height=\"683\" src=\"https:\/\/pbacupuntura.com\/wp-content\/uploads\/2021\/06\/PB_Acupuntura_Servicios_2_Fertility-1024x683.jpeg\" class=\"attachment-large size-large wp-image-698\" alt=\"\" loading=\"lazy\" srcset=\"https:\/\/pbacupuntura.com\/wp-content\/uploads\/2021\/06\/PB_Acupuntura_Servicios_2_Fertility-1024x683.jpeg 1024w, https:\/\/pbacupuntura.com\/wp-content\/uploads\/2021\/06\/PB_Acupuntura_Servicios_2_Fertility-300x200.jpeg 300w, https:\/\/pbacupuntura.com\/wp-content\/uploads\/2021\/06\/PB_Acupuntura_Servicios_2_Fertility-768x512.jpeg 768w, https:\/\/pbacupuntura.com\/wp-content\/uploads\/2021\/06\/PB_Acupuntura_Servicios_2_Fertility-1536x1024.jpeg 1536w, https:\/\/pbacupuntura.com\/wp-content\/uploads\/2021\/06\/PB_Acupuntura_Servicios_2_Fertility-2048x1366.jpeg 2048w\" sizes=\"(max-width: 1024px) 100vw, 1024px\" \/>\t\t\t\t\t\t\t\t\t\t\t\t\t\t<\/div>\n\t\t\t\t\t\t<\/div>\n\t\t\t\t<\/div>\n\t\t\t\t\t\t<\/div>\n\t\t\t\t\t<\/div>\n\t\t<\/div>\n\t\t\t\t<div class=\"elementor-column elementor-col-50 elementor-top-column elementor-element elementor-element-982cbd7\" data-id=\"982cbd7\" data-element_type=\"column\">\n\t\t\t<div class=\"elementor-column-wrap elementor-element-populated\">\n\t\t\t\t\t\t\t<div class=\"elementor-widget-wrap\">\n\t\t\t\t\t\t<div class=\"elementor-element elementor-element-642a24c elementor-widget elementor-widget-text-editor\" data-id=\"642a24c\" data-element_type=\"widget\" data-widget_type=\"text-editor.default\">\n\t\t\t\t<div class=\"elementor-widget-container\">\n\t\t\t\t\t\t\t\t<div class=\"elementor-text-editor elementor-clearfix\">\n\t\t\t\t<p><span lang=\"EN-IE\">\u00a0<\/span><\/p>\n<p><span lang=\"EN-IE\">La acupuntura y la medicina china pueden ayudar a potenciar tu estado de salud antes de concebir, de forma que t\u00fa y tus \u00f3vulos estar\u00e9is tan sanos como sea posible antes de iniciar vuestra aventura de formar una familia.<\/span><\/p>\n<p><span lang=\"EN-IE\">Preparar el cuerpo para un embarazo sano y seguro es extremadamente importante. Tanto si est\u00e1s intentando concebir de forma natural como si est\u00e1s usando t\u00e9cnicas de reproducci\u00f3n asistida, mi pr\u00e1ctica se orienta a ayudarte a alcanzar tu sue\u00f1o de ser madre.\u00a0<\/span><\/p>\n<p><span style=\"font-style: inherit; font-weight: inherit;\">Es recomendable que inicies tu tratamiento de apoyo a la fertilidad lo antes posible, ya est\u00e9s esperando quedarte embarazada ahora, o en los pr\u00f3ximos a\u00f1os.<\/span><\/p>\n\t\t\t\t\t<\/div>\n\t\t\t\t\t\t<\/div>\n\t\t\t\t<\/div>\n\t\t\t\t\t\t<\/div>\n\t\t\t\t\t<\/div>\n\t\t<\/div>\n\t\t\t\t\t\t\t\t<\/div>\n\t\t\t\t\t<\/div>\n\t\t<\/section>\n\t\t\t\t<section class=\"elementor-section elementor-top-section elementor-element elementor-element-7a47588 elementor-section-boxed elementor-section-height-default elementor-section-height-default\" data-id=\"7a47588\" data-element_type=\"section\">\n\t\t\t\t\t\t<div class=\"elementor-container elementor-column-gap-default\">\n\t\t\t\t\t\t\t<div class=\"elementor-row\">\n\t\t\t\t\t<div class=\"elementor-column elementor-col-100 elementor-top-column elementor-element elementor-element-cf9f2cc\" data-id=\"cf9f2cc\" data-element_type=\"column\">\n\t\t\t<div class=\"elementor-column-wrap elementor-element-populated\">\n\t\t\t\t\t\t\t<div class=\"elementor-widget-wrap\">\n\t\t\t\t\t\t<div class=\"elementor-element elementor-element-c6387ce elementor-widget elementor-widget-text-editor\" data-id=\"c6387ce\" data-element_type=\"widget\" data-widget_type=\"text-editor.default\">\n\t\t\t\t<div class=\"elementor-widget-container\">\n\t\t\t\t\t\t\t\t<div class=\"elementor-text-editor elementor-clearfix\">\n\t\t\t\t<p class=\"MsoNormal\"><span lang=\"EN-IE\">Un cuerpo sano y una buena ovulaci\u00f3n es sin duda clave para tener un beb\u00e9 saludable, y por esta raz\u00f3n se recomienda encarecidamente que la futura madre se empiece a nutrir y cuidar 3 meses antes de la concepci\u00f3n, porque este es el periodo de tiempo que un \u00f3vulo necesita para madurar, ovular, ser fertilizado, e implantarse para formar finalmente un beb\u00e9.\u00a0\u00a0<\/span><\/p>\n<p class=\"MsoNormal\"><span lang=\"EN-IE\">(Tras salir de un control anticonceptivo, pueden pasar varios ciclos antes de que se regule el ciclo menstrual y se pueda asegurar una buena ovulaci\u00f3n.)<\/span><\/p>\n<p class=\"MsoNormal\"><span style=\"font-style: inherit; font-weight: inherit;\">Trabajar\u00e9 de cerca contigo durante este tiempo. Adem\u00e1s de la acupuntura, te recomendar\u00e9 tomar parte activa en tu hoja de ruta para un embarazo sano, controlando tus ciclos, supervisando el flujo cervical, y adhiri\u00e9ndote a los consejos de nutrici\u00f3n y estilo de vida.<\/span><\/p>\n\t\t\t\t\t<\/div>\n\t\t\t\t\t\t<\/div>\n\t\t\t\t<\/div>\n\t\t\t\t\t\t<\/div>\n\t\t\t\t\t<\/div>\n\t\t<\/div>\n\t\t\t\t\t\t\t\t<\/div>\n\t\t\t\t\t<\/div>\n\t\t<\/section>\n\t\t\t\t<section class=\"elementor-section elementor-top-section elementor-element elementor-element-2515788 elementor-section-boxed elementor-section-height-default elementor-section-height-default\" data-id=\"2515788\" data-element_type=\"section\" data-settings=\"{&quot;background_background&quot;:&quot;classic&quot;}\">\n\t\t\t\t\t\t<div class=\"elementor-container elementor-column-gap-default\">\n\t\t\t\t\t\t\t<div class=\"elementor-row\">\n\t\t\t\t\t<div class=\"elementor-column elementor-col-100 elementor-top-column elementor-element elementor-element-66b65cd\" data-id=\"66b65cd\" data-element_type=\"column\">\n\t\t\t<div class=\"elementor-column-wrap elementor-element-populated\">\n\t\t\t\t\t\t\t<div class=\"elementor-widget-wrap\">\n\t\t\t\t\t\t<div class=\"elementor-element elementor-element-1cfccd2 elementor-widget elementor-widget-heading\" data-id=\"1cfccd2\" data-element_type=\"widget\" data-widget_type=\"heading.default\">\n\t\t\t\t<div class=\"elementor-widget-container\">\n\t\t\t<h2 class=\"elementor-heading-title elementor-size-default\">Cu\u00e1ndo empezar<\/h2>\t\t<\/div>\n\t\t\t\t<\/div>\n\t\t\t\t<div class=\"elementor-element elementor-element-5448642 elementor-widget elementor-widget-text-editor\" data-id=\"5448642\" data-element_type=\"widget\" data-widget_type=\"text-editor.default\">\n\t\t\t\t<div class=\"elementor-widget-container\">\n\t\t\t\t\t\t\t\t<div class=\"elementor-text-editor elementor-clearfix\">\n\t\t\t\t<p><span style=\"font-style: inherit; font-weight: inherit;\">Una nutrici\u00f3n adecuada, un estilo de vida equilibrado y un tratamiento regular de acupuntura durante 3 meses antes de concebir ayuda a reducir el estr\u00e9s, regular los ciclos menstruales, <\/span><span style=\"font-style: inherit; font-weight: inherit;\">mejorar el bienestar, aumentar la nutrici\u00f3n de los \u00f3vulos y el revestimiento del \u00fatero y, por tanto, aumenta la fertilidad y prepara el camino para un embarazo saludable.<\/span><\/p>\n<p><span lang=\"EN-IE\">En parejas con problemas para concebir, el hombre podr\u00eda ser est\u00e9ril en un 50% de los casos.\u00a0 La acupuntura puede mejorar la cantidad y la calidad del semen para crear embriones m\u00e1s sanos.\u00a0 Es importante que ambos miembros de la pareja sigan una buena dieta equilibrada, recortando el consumo de alcohol, reduciendo el estr\u00e9s y evitando un ejercicio excesivo.<\/span><\/p>\n<p><span style=\"font-style: inherit; font-weight: inherit;\">Las parejas pueden solicitar recibir tratamiento al mismo tiempo, disfrutando de la acupuntura y una atm\u00f3sfera relajante en la misma habitaci\u00f3n.<\/span><\/p>\n\t\t\t\t\t<\/div>\n\t\t\t\t\t\t<\/div>\n\t\t\t\t<\/div>\n\t\t\t\t\t\t<\/div>\n\t\t\t\t\t<\/div>\n\t\t<\/div>\n\t\t\t\t\t\t\t\t<\/div>\n\t\t\t\t\t<\/div>\n\t\t<\/section>\n\t\t\t\t<section class=\"elementor-section elementor-top-section elementor-element elementor-element-35ddfd3 elementor-section-boxed elementor-section-height-default elementor-section-height-default\" data-id=\"35ddfd3\" data-element_type=\"section\">\n\t\t\t\t\t\t<div class=\"elementor-container elementor-column-gap-default\">\n\t\t\t\t\t\t\t<div class=\"elementor-row\">\n\t\t\t\t\t<div class=\"elementor-column elementor-col-100 elementor-top-column elementor-element elementor-element-415521e\" data-id=\"415521e\" data-element_type=\"column\">\n\t\t\t<div class=\"elementor-column-wrap elementor-element-populated\">\n\t\t\t\t\t\t\t<div class=\"elementor-widget-wrap\">\n\t\t\t\t\t\t<div class=\"elementor-element elementor-element-297aee2 elementor-widget elementor-widget-heading\" data-id=\"297aee2\" data-element_type=\"widget\" data-widget_type=\"heading.default\">\n\t\t\t\t<div class=\"elementor-widget-container\">\n\t\t\t<h2 class=\"elementor-heading-title elementor-size-default\"><h2 data-elementor-setting-key=\"title\" data-pen-placeholder=\"Type Here...\" style=\"font-style: normal; text-transform: none;\">La acupuntura trata y mejora una variedad de condiciones relacionadas con la infertilidad:<\/h2><\/h2>\t\t<\/div>\n\t\t\t\t<\/div>\n\t\t\t\t\t\t<\/div>\n\t\t\t\t\t<\/div>\n\t\t<\/div>\n\t\t\t\t\t\t\t\t<\/div>\n\t\t\t\t\t<\/div>\n\t\t<\/section>\n\t\t\t\t<section class=\"elementor-section elementor-top-section elementor-element elementor-element-a639cce elementor-section-boxed elementor-section-height-default elementor-section-height-default\" data-id=\"a639cce\" data-element_type=\"section\">\n\t\t\t\t\t\t<div class=\"elementor-container elementor-column-gap-default\">\n\t\t\t\t\t\t\t<div class=\"elementor-row\">\n\t\t\t\t\t<div class=\"elementor-column elementor-col-50 elementor-top-column elementor-element elementor-element-ff8746e\" data-id=\"ff8746e\" data-element_type=\"column\">\n\t\t\t<div class=\"elementor-column-wrap elementor-element-populated\">\n\t\t\t\t\t\t\t<div class=\"elementor-widget-wrap\">\n\t\t\t\t\t\t<div class=\"elementor-element elementor-element-718e24e elementor-widget elementor-widget-text-editor\" data-id=\"718e24e\" data-element_type=\"widget\" data-widget_type=\"text-editor.default\">\n\t\t\t\t<div class=\"elementor-widget-container\">\n\t\t\t\t\t\t\t\t<div class=\"elementor-text-editor elementor-clearfix\">\n\t\t\t\t<ul>\n<li><span lang=\"EN-IE\">Anovulaci\u00f3n (falta de ovulaci\u00f3n)<\/span><\/li>\n<li><span lang=\"EN-IE\">Amenorrea (falta de periodo)<\/span><\/li>\n<li><span lang=\"EN-IE\">Calidad de los \u00f3vulos<\/span><\/li>\n<li><span lang=\"EN-IE\">Reserva ov\u00e1rica baja (alta FSH\/baja AMH)<\/span><\/li>\n<li><span lang=\"EN-IE\">Endometriosis<\/span><\/li>\n<li><span lang=\"EN-IE\">Fibromas<\/span><\/li>\n<li><span lang=\"EN-IE\">Fecundaci\u00f3n in vitro (IVF)<\/span><\/li>\n<li><span lang=\"EN-IE\">Edad materna avanzada<\/span><\/li>\n<li><span lang=\"EN-IE\">Defecto de fase l\u00fatea<\/span><\/li>\n<li>Irregularidades y molestias menstruales (dolor, s\u00edndrome premenstrual, etc.)<\/li>\n<li>Problemas de factor masculino (recuento, movilidad y morfolog\u00eda de los espermatozoides)<\/li>\n<li>SOP &#8211; S\u00edndrome de ovario poliqu\u00edstico<\/li>\n<li>Abortos recurrentes<\/li>\n<li>Infertilidad de causa desconocida<\/li>\n<\/ul>\n\t\t\t\t\t<\/div>\n\t\t\t\t\t\t<\/div>\n\t\t\t\t<\/div>\n\t\t\t\t\t\t<\/div>\n\t\t\t\t\t<\/div>\n\t\t<\/div>\n\t\t\t\t<div class=\"elementor-column elementor-col-50 elementor-top-column elementor-element elementor-element-df07e4b\" data-id=\"df07e4b\" data-element_type=\"column\">\n\t\t\t<div class=\"elementor-column-wrap elementor-element-populated\">\n\t\t\t\t\t\t\t<div class=\"elementor-widget-wrap\">\n\t\t\t\t\t\t<div class=\"elementor-element elementor-element-6cc1450 elementor-widget elementor-widget-image\" data-id=\"6cc1450\" data-element_type=\"widget\" data-widget_type=\"image.default\">\n\t\t\t\t<div class=\"elementor-widget-container\">\n\t\t\t\t\t\t\t\t<div class=\"elementor-image\">\n\t\t\t\t\t\t\t\t\t\t\t\t<img width=\"1024\" height=\"683\" src=\"https:\/\/pbacupuntura.com\/wp-content\/uploads\/2021\/08\/PB-Acupuntura-Yoga-2500x1667.jpeg\" class=\"attachment-large size-large wp-image-1386\" alt=\"\" loading=\"lazy\" \/>\t\t\t\t\t\t\t\t\t\t\t\t\t\t<\/div>\n\t\t\t\t\t\t<\/div>\n\t\t\t\t<\/div>\n\t\t\t\t\t\t<\/div>\n\t\t\t\t\t<\/div>\n\t\t<\/div>\n\t\t\t\t\t\t\t\t<\/div>\n\t\t\t\t\t<\/div>\n\t\t<\/section>\n\t\t\t\t<section class=\"elementor-section elementor-top-section elementor-element elementor-element-8c66f41 elementor-section-boxed elementor-section-height-default elementor-section-height-default\" data-id=\"8c66f41\" data-element_type=\"section\" data-settings=\"{&quot;background_background&quot;:&quot;classic&quot;}\">\n\t\t\t\t\t\t<div class=\"elementor-container elementor-column-gap-default\">\n\t\t\t\t\t\t\t<div class=\"elementor-row\">\n\t\t\t\t\t<div class=\"elementor-column elementor-col-100 elementor-top-column elementor-element elementor-element-16787d3\" data-id=\"16787d3\" data-element_type=\"column\">\n\t\t\t<div class=\"elementor-column-wrap elementor-element-populated\">\n\t\t\t\t\t\t\t<div class=\"elementor-widget-wrap\">\n\t\t\t\t\t\t<div class=\"elementor-element elementor-element-12b7931 elementor-widget elementor-widget-text-editor\" data-id=\"12b7931\" data-element_type=\"widget\" data-widget_type=\"text-editor.default\">\n\t\t\t\t<div class=\"elementor-widget-container\">\n\t\t\t\t\t\t\t\t<div class=\"elementor-text-editor elementor-clearfix\">\n\t\t\t\t<p>La metodolog\u00eda ancestral de la Medicina Tradicional China (MTC), se ha usado para tratar con \u00e9xito la infertilidad durante m\u00e1s de\u00a0 dos mil a\u00f1os. Sin embargo, cuando concebir de forma natural no es posible y se necesita la ayuda de la medicina moderna para alcanzar el sue\u00f1o de tener un hijo, la MTC y la medicina occidental, juntas, han demostrado ser una combinaci\u00f3n muy efectiva.<\/p>\n\t\t\t\t\t<\/div>\n\t\t\t\t\t\t<\/div>\n\t\t\t\t<\/div>\n\t\t\t\t\t\t<\/div>\n\t\t\t\t\t<\/div>\n\t\t<\/div>\n\t\t\t\t\t\t\t\t<\/div>\n\t\t\t\t\t<\/div>\n\t\t<\/section>\n\t\t\t\t<section class=\"elementor-section elementor-top-section elementor-element elementor-element-a2b183a elementor-section-boxed elementor-section-height-default elementor-section-height-default\" data-id=\"a2b183a\" data-element_type=\"section\">\n\t\t\t\t\t\t<div class=\"elementor-container elementor-column-gap-default\">\n\t\t\t\t\t\t\t<div class=\"elementor-row\">\n\t\t\t\t\t<div class=\"elementor-column elementor-col-100 elementor-top-column elementor-element elementor-element-7fa54d7\" data-id=\"7fa54d7\" data-element_type=\"column\">\n\t\t\t<div class=\"elementor-column-wrap elementor-element-populated\">\n\t\t\t\t\t\t\t<div class=\"elementor-widget-wrap\">\n\t\t\t\t\t\t<div class=\"elementor-element elementor-element-7d15bdb elementor-widget elementor-widget-spacer\" data-id=\"7d15bdb\" data-element_type=\"widget\" data-widget_type=\"spacer.default\">\n\t\t\t\t<div class=\"elementor-widget-container\">\n\t\t\t\t\t<div class=\"elementor-spacer\">\n\t\t\t<div class=\"elementor-spacer-inner\"><\/div>\n\t\t<\/div>\n\t\t\t\t<\/div>\n\t\t\t\t<\/div>\n\t\t\t\t\t\t<\/div>\n\t\t\t\t\t<\/div>\n\t\t<\/div>\n\t\t\t\t\t\t\t\t<\/div>\n\t\t\t\t\t<\/div>\n\t\t<\/section>\n\t\t\t\t<section class=\"elementor-section elementor-top-section elementor-element elementor-element-a3e7b44 elementor-section-boxed elementor-section-height-default elementor-section-height-default\" data-id=\"a3e7b44\" data-element_type=\"section\">\n\t\t\t\t\t\t<div class=\"elementor-container elementor-column-gap-default\">\n\t\t\t\t\t\t\t<div class=\"elementor-row\">\n\t\t\t\t\t<div class=\"elementor-column elementor-col-100 elementor-top-column elementor-element elementor-element-0c05a39\" data-id=\"0c05a39\" data-element_type=\"column\">\n\t\t\t<div class=\"elementor-column-wrap elementor-element-populated\">\n\t\t\t\t\t\t\t<div class=\"elementor-widget-wrap\">\n\t\t\t\t\t\t<div class=\"elementor-element elementor-element-63db3d9 elementor-align-center elementor-widget elementor-widget-button\" data-id=\"63db3d9\" data-element_type=\"widget\" data-widget_type=\"button.default\">\n\t\t\t\t<div class=\"elementor-widget-container\">\n\t\t\t\t\t<div class=\"elementor-button-wrapper\">\n\t\t\t<a href=\"https:\/\/pbacupuntura.com\/es\/servicios\/\" class=\"elementor-button-link elementor-button elementor-size-sm\" role=\"button\">\n\t\t\t\t\t\t<span class=\"elementor-button-content-wrapper\">\n\t\t\t\t\t\t<span class=\"elementor-button-text\">m\u00e1s servicios<\/span>\n\t\t<\/span>\n\t\t\t\t\t<\/a>\n\t\t<\/div>\n\t\t\t\t<\/div>\n\t\t\t\t<\/div>\n\t\t\t\t\t\t<\/div>\n\t\t\t\t\t<\/div>\n\t\t<\/div>\n\t\t\t\t\t\t\t\t<\/div>\n\t\t\t\t\t<\/div>\n\t\t<\/section>\n\t\t\t\t<section class=\"elementor-section elementor-top-section elementor-element elementor-element-1e310d3 elementor-section-boxed elementor-section-height-default elementor-section-height-default\" data-id=\"1e310d3\" data-element_type=\"section\">\n\t\t\t\t\t\t<div class=\"elementor-container elementor-column-gap-default\">\n\t\t\t\t\t\t\t<div class=\"elementor-row\">\n\t\t\t\t\t<div class=\"elementor-column elementor-col-100 elementor-top-column elementor-element elementor-element-b739082\" data-id=\"b739082\" data-element_type=\"column\">\n\t\t\t<div class=\"elementor-column-wrap elementor-element-populated\">\n\t\t\t\t\t\t\t<div class=\"elementor-widget-wrap\">\n\t\t\t\t\t\t<div class=\"elementor-element elementor-element-05461f5 elementor-widget elementor-widget-spacer\" data-id=\"05461f5\" data-element_type=\"widget\" data-widget_type=\"spacer.default\">\n\t\t\t\t<div class=\"elementor-widget-container\">\n\t\t\t\t\t<div class=\"elementor-spacer\">\n\t\t\t<div class=\"elementor-spacer-inner\"><\/div>\n\t\t<\/div>\n\t\t\t\t<\/div>\n\t\t\t\t<\/div>\n\t\t\t\t\t\t<\/div>\n\t\t\t\t\t<\/div>\n\t\t<\/div>\n\t\t\t\t\t\t\t\t<\/div>\n\t\t\t\t\t<\/div>\n\t\t<\/section>\n\t\t\t\t<section class=\"elementor-section elementor-top-section elementor-element elementor-element-ac8feb0 elementor-section-boxed elementor-section-height-default elementor-section-height-default\" data-id=\"ac8feb0\" data-element_type=\"section\">\n\t\t\t\t\t\t<div class=\"elementor-container elementor-column-gap-default\">\n\t\t\t\t\t\t\t<div class=\"elementor-row\">\n\t\t\t\t\t<div class=\"elementor-column elementor-col-100 elementor-top-column elementor-element elementor-element-57f87b5\" data-id=\"57f87b5\" data-element_type=\"column\">\n\t\t\t<div class=\"elementor-column-wrap\">\n\t\t\t\t\t\t\t<div class=\"elementor-widget-wrap\">\n\t\t\t\t\t\t\t\t<\/div>\n\t\t\t\t\t<\/div>\n\t\t<\/div>\n\t\t\t\t\t\t\t\t<\/div>\n\t\t\t\t\t<\/div>\n\t\t<\/section>\n\t\t\t\t\t\t\t\t\t<\/div>\n\t\t\t<\/div>\n\t\t\t\t\t<\/div>\n\t\t","protected":false},"excerpt":{"rendered":"<p>\u00a0 La acupuntura y la medicina china pueden ayudar a potenciar tu estado de salud antes de concebir, de forma que t\u00fa y tus \u00f3vulos estar\u00e9is tan sanos como sea posible antes de iniciar vuestra aventura de formar una familia. Preparar el cuerpo para un embarazo sano y seguro es extremadamente importante. Tanto si est\u00e1s &hellip;<\/p>\n<p class=\"read-more\"> <a class=\"\" href=\"https:\/\/pbacupuntura.com\/es\/servicios\/fertilidad\/\"> <span class=\"screen-reader-text\">Fertilidad<\/span> Leer m\u00e1s &raquo;<\/a><\/p>\n","protected":false},"author":1,"featured_media":0,"parent":2009,"menu_order":0,"comment_status":"closed","ping_status":"closed","template":"","meta":{"site-sidebar-layout":"no-sidebar","site-content-layout":"page-builder","ast-main-header-display":"","ast-hfb-above-header-display":"","ast-hfb-below-header-display":"","ast-hfb-mobile-header-display":"","site-post-title":"disabled","ast-breadcrumbs-content":"","ast-featured-img":"disabled","footer-sml-layout":"","theme-transparent-header-meta":"default","adv-header-id-meta":"","stick-header-meta":"default","header-above-stick-meta":"","header-main-stick-meta":"","header-below-stick-meta":""},"_links":{"self":[{"href":"https:\/\/pbacupuntura.com\/es\/wp-json\/wp\/v2\/pages\/2097"}],"collection":[{"href":"https:\/\/pbacupuntura.com\/es\/wp-json\/wp\/v2\/pages"}],"about":[{"href":"https:\/\/pbacupuntura.com\/es\/wp-json\/wp\/v2\/types\/page"}],"author":[{"embeddable":true,"href":"https:\/\/pbacupuntura.com\/es\/wp-json\/wp\/v2\/users\/1"}],"replies":[{"embeddable":true,"href":"https:\/\/pbacupuntura.com\/es\/wp-json\/wp\/v2\/comments?post=2097"}],"version-history":[{"count":1,"href":"https:\/\/pbacupuntura.com\/es\/wp-json\/wp\/v2\/pages\/2097\/revisions"}],"predecessor-version":[{"id":2098,"href":"https:\/\/pbacupuntura.com\/es\/wp-json\/wp\/v2\/pages\/2097\/revisions\/2098"}],"up":[{"embeddable":true,"href":"https:\/\/pbacupuntura.com\/es\/wp-json\/wp\/v2\/pages\/2009"}],"wp:attachment":[{"href":"https:\/\/pbacupuntura.com\/es\/wp-json\/wp\/v2\/media?parent=2097"}],"curies":[{"name":"wp","href":"https:\/\/api.w.org\/{rel}","templated":true}]}}