{"id":2086,"date":"2021-09-17T12:57:15","date_gmt":"2021-09-17T10:57:15","guid":{"rendered":"https:\/\/pbacupuntura.com\/servicios\/bienestar-emocional\/"},"modified":"2021-10-23T10:25:09","modified_gmt":"2021-10-23T08:25:09","slug":"bienestar-emocional","status":"publish","type":"page","link":"https:\/\/pbacupuntura.com\/es\/servicios\/bienestar-emocional\/","title":{"rendered":"Bienestar emocional"},"content":{"rendered":"\t\t<div data-elementor-type=\"wp-page\" data-elementor-id=\"2086\" class=\"elementor elementor-2086 elementor-196\">\n\t\t\t\t\t\t<div class=\"elementor-inner\">\n\t\t\t\t<div class=\"elementor-section-wrap\">\n\t\t\t\t\t\t\t\t\t<section class=\"elementor-section elementor-top-section elementor-element elementor-element-5af3932 elementor-section-boxed elementor-section-height-default elementor-section-height-default\" data-id=\"5af3932\" data-element_type=\"section\">\n\t\t\t\t\t\t<div class=\"elementor-container elementor-column-gap-default\">\n\t\t\t\t\t\t\t<div class=\"elementor-row\">\n\t\t\t\t\t<div class=\"elementor-column elementor-col-50 elementor-top-column elementor-element elementor-element-1b87750\" data-id=\"1b87750\" data-element_type=\"column\">\n\t\t\t<div class=\"elementor-column-wrap elementor-element-populated\">\n\t\t\t\t\t\t\t<div class=\"elementor-widget-wrap\">\n\t\t\t\t\t\t<div class=\"elementor-element elementor-element-e4599c6 elementor-widget elementor-widget-image\" data-id=\"e4599c6\" data-element_type=\"widget\" data-widget_type=\"image.default\">\n\t\t\t\t<div class=\"elementor-widget-container\">\n\t\t\t\t\t\t\t\t<div class=\"elementor-image\">\n\t\t\t\t\t\t\t\t\t\t\t\t<img width=\"1024\" height=\"682\" src=\"https:\/\/pbacupuntura.com\/wp-content\/uploads\/2021\/06\/PB_Acupuntura_Servicios_8_Wellbeing-1024x682.jpeg\" class=\"attachment-large size-large wp-image-704\" alt=\"\" loading=\"lazy\" srcset=\"https:\/\/pbacupuntura.com\/wp-content\/uploads\/2021\/06\/PB_Acupuntura_Servicios_8_Wellbeing-1024x682.jpeg 1024w, https:\/\/pbacupuntura.com\/wp-content\/uploads\/2021\/06\/PB_Acupuntura_Servicios_8_Wellbeing-300x200.jpeg 300w, https:\/\/pbacupuntura.com\/wp-content\/uploads\/2021\/06\/PB_Acupuntura_Servicios_8_Wellbeing-768x512.jpeg 768w, https:\/\/pbacupuntura.com\/wp-content\/uploads\/2021\/06\/PB_Acupuntura_Servicios_8_Wellbeing-1536x1024.jpeg 1536w, https:\/\/pbacupuntura.com\/wp-content\/uploads\/2021\/06\/PB_Acupuntura_Servicios_8_Wellbeing-2048x1365.jpeg 2048w\" sizes=\"(max-width: 1024px) 100vw, 1024px\" \/>\t\t\t\t\t\t\t\t\t\t\t\t\t\t<\/div>\n\t\t\t\t\t\t<\/div>\n\t\t\t\t<\/div>\n\t\t\t\t\t\t<\/div>\n\t\t\t\t\t<\/div>\n\t\t<\/div>\n\t\t\t\t<div class=\"elementor-column elementor-col-50 elementor-top-column elementor-element elementor-element-cf2d111\" data-id=\"cf2d111\" data-element_type=\"column\">\n\t\t\t<div class=\"elementor-column-wrap elementor-element-populated\">\n\t\t\t\t\t\t\t<div class=\"elementor-widget-wrap\">\n\t\t\t\t\t\t<div class=\"elementor-element elementor-element-9abd516 elementor-widget elementor-widget-text-editor\" data-id=\"9abd516\" data-element_type=\"widget\" data-widget_type=\"text-editor.default\">\n\t\t\t\t<div class=\"elementor-widget-container\">\n\t\t\t\t\t\t\t\t<div class=\"elementor-text-editor elementor-clearfix\">\n\t\t\t\t<p><span style=\"font-style: inherit; font-weight: inherit;\">La salud emocional tiene un impacto enorme en nuestra vida diaria. La salud f\u00edsica y mental se afectan mutuamente. Lo que comemos y c\u00f3mo lo quemamos, seg\u00fan el tipo de actividad, afecta a nuestro estado de humor.<\/span><\/p>\n<p>Los cambios emocionales pueden afectar a los \u00f3rganos internos del cuerpo, y a veces incluso resultar en problemas f\u00edsicos de salud. Nuestras emociones est\u00e1n siempre cambiando. Esto es algo completamente normal. Sin embargo, necesitamos ayuda para gestionar nuestras emociones y equilibrarlas cuando la magnitud de los cambios nos afectan o pueden suponer una amenaza para nuestra salud.<\/p>\n<p>La acupuntura es una terapia natural que trata a la persona en su totalidad. No se usa solo para problemas f\u00edsicos de salud, sino que tambi\u00e9n es muy efectiva para resolver problemas emocionales. Los acupunturistas se centran en encontrar el desequilibrio de energ\u00eda, de forma que&nbsp; pueden seleccionar puntos especiales de acupuntura para armonizar cuerpo, mente y esp\u00edritu.<\/p>\t\t\t\t\t<\/div>\n\t\t\t\t\t\t<\/div>\n\t\t\t\t<\/div>\n\t\t\t\t\t\t<\/div>\n\t\t\t\t\t<\/div>\n\t\t<\/div>\n\t\t\t\t\t\t\t\t<\/div>\n\t\t\t\t\t<\/div>\n\t\t<\/section>\n\t\t\t\t<section class=\"elementor-section elementor-top-section elementor-element elementor-element-fcba747 elementor-section-boxed elementor-section-height-default elementor-section-height-default\" data-id=\"fcba747\" data-element_type=\"section\" data-settings=\"{&quot;background_background&quot;:&quot;classic&quot;}\">\n\t\t\t\t\t\t<div class=\"elementor-container elementor-column-gap-default\">\n\t\t\t\t\t\t\t<div class=\"elementor-row\">\n\t\t\t\t\t<div class=\"elementor-column elementor-col-100 elementor-top-column elementor-element elementor-element-8b249bb\" data-id=\"8b249bb\" data-element_type=\"column\">\n\t\t\t<div class=\"elementor-column-wrap elementor-element-populated\">\n\t\t\t\t\t\t\t<div class=\"elementor-widget-wrap\">\n\t\t\t\t\t\t<div class=\"elementor-element elementor-element-b8cdf39 elementor-widget elementor-widget-text-editor\" data-id=\"b8cdf39\" data-element_type=\"widget\" data-widget_type=\"text-editor.default\">\n\t\t\t\t<div class=\"elementor-widget-container\">\n\t\t\t\t\t\t\t\t<div class=\"elementor-text-editor elementor-clearfix\">\n\t\t\t\t<blockquote>\n<h5>Los estudios muestran que la acupuntura puede estimular la producci\u00f3n end\u00f3gena de endorfinas que alivia el dolor. Y puede ayudar tambi\u00e9n a regular\u00a0 los niveles de serotonina del cerebro para calmar y mejorar nuestro estado de humor.\u00a0 Los estudios indican adem\u00e1s que la acupuntura alivia el estr\u00e9s estimulando al sistema central nervioso a que cambie del modo de \u00ablucha o huida\u00bb (sistema simp\u00e1tico), al\u00a0 modo de \u00abdescanso y relajaci\u00f3n\u00bb (sistema parasimp\u00e1tico). La mayor\u00eda de las personas se sienten muy relajadas durante y despu\u00e9s del tratamiento.<\/h5>\n<\/blockquote>\n\t\t\t\t\t<\/div>\n\t\t\t\t\t\t<\/div>\n\t\t\t\t<\/div>\n\t\t\t\t\t\t<\/div>\n\t\t\t\t\t<\/div>\n\t\t<\/div>\n\t\t\t\t\t\t\t\t<\/div>\n\t\t\t\t\t<\/div>\n\t\t<\/section>\n\t\t\t\t<section class=\"elementor-section elementor-top-section elementor-element elementor-element-83c3ee3 elementor-section-boxed elementor-section-height-default elementor-section-height-default\" data-id=\"83c3ee3\" data-element_type=\"section\">\n\t\t\t\t\t\t<div class=\"elementor-container elementor-column-gap-default\">\n\t\t\t\t\t\t\t<div class=\"elementor-row\">\n\t\t\t\t\t<div class=\"elementor-column elementor-col-50 elementor-top-column elementor-element elementor-element-bb4de6b\" data-id=\"bb4de6b\" data-element_type=\"column\">\n\t\t\t<div class=\"elementor-column-wrap elementor-element-populated\">\n\t\t\t\t\t\t\t<div class=\"elementor-widget-wrap\">\n\t\t\t\t\t\t<div class=\"elementor-element elementor-element-3cbaa40 elementor-widget elementor-widget-text-editor\" data-id=\"3cbaa40\" data-element_type=\"widget\" data-widget_type=\"text-editor.default\">\n\t\t\t\t<div class=\"elementor-widget-container\">\n\t\t\t\t\t\t\t\t<div class=\"elementor-text-editor elementor-clearfix\">\n\t\t\t\t<p>De acuerdo a numerosas experiencias cl\u00ednicas, la acupuntura sirve de ayuda en el tratamiento de problemas emocionales como:<\/p>\n<ul>\n<li>Estr\u00e9s y ansiedad<\/li>\n<li>Depresi\u00f3n<\/li>\n<li>Insomnio<\/li>\n<li>Estr\u00e9s post-traum\u00e1tico (PTSD)<\/li>\n<li>S\u00edndromes de abstinencia durante la recuperaci\u00f3n de adicciones.<\/li>\n<\/ul>\n<p>En resumen, la buena acupuntura te trata de forma completa y cuando te nutres a ti mismo\/a de esta manera, te sientes mejor tanto a un nivel profundo como superficial. La forma en la que experimentamos nuestras emociones y vida mental est\u00e1 tan relacionada o m\u00e1s con nuestro cuerpo f\u00edsico como si tuvi\u00e9ramos un problema de espalda. Como ejemplo, simplemente piensa en c\u00f3mo cambian tus sentimientos cuando est\u00e1s enfermo\/a, te sientes cansado\/a o con estr\u00e9s.<\/p>\n<p>La acupuntura devuelve tu equilibrio y fomenta, por consiguiente, la tendencia natural del cuerpo a operar en su estado \u00f3ptimo de salud y bienestar emocional. El tratamiento de acupuntura restaura tu energ\u00eda y balance natural; y como resultado, los pacientes suelen informar que se sienten \u00abm\u00e1s ellos mismos\u00bb, \u00abcon m\u00e1s resistencia\u00bb, \u00abm\u00e1s a gusto\u00bb, etc. Este es el significado real de bienestar y lo extraordinario y sorprendente de la acupuntura tradicional es que te puede ayudar a experimentarlo.<\/p>\n\t\t\t\t\t<\/div>\n\t\t\t\t\t\t<\/div>\n\t\t\t\t<\/div>\n\t\t\t\t\t\t<\/div>\n\t\t\t\t\t<\/div>\n\t\t<\/div>\n\t\t\t\t<div class=\"elementor-column elementor-col-50 elementor-top-column elementor-element elementor-element-773fa62\" data-id=\"773fa62\" data-element_type=\"column\">\n\t\t\t<div class=\"elementor-column-wrap elementor-element-populated\">\n\t\t\t\t\t\t\t<div class=\"elementor-widget-wrap\">\n\t\t\t\t\t\t<div class=\"elementor-element elementor-element-5f56e6b elementor-widget elementor-widget-image\" data-id=\"5f56e6b\" data-element_type=\"widget\" data-widget_type=\"image.default\">\n\t\t\t\t<div class=\"elementor-widget-container\">\n\t\t\t\t\t\t\t\t<div class=\"elementor-image\">\n\t\t\t\t\t\t\t\t\t\t\t\t<img src=\"https:\/\/pbacupuntura.com\/wp-content\/uploads\/elementor\/thumbs\/AdobeStock_378893936-2500x1776-pbgaktlqjeqcx2cclbd1emv30xlv48meiavr8odpmk.jpeg\" title=\"Celebration of life day concept: Silhouette of healthy woman raised hands for praise and worship God at autumn sunset meadow background\" alt=\"Celebration of life day concept: Silhouette of healthy woman raised hands for praise and worship God at autumn sunset meadow background\" loading=\"lazy\" \/>\t\t\t\t\t\t\t\t\t\t\t\t\t\t<\/div>\n\t\t\t\t\t\t<\/div>\n\t\t\t\t<\/div>\n\t\t\t\t\t\t<\/div>\n\t\t\t\t\t<\/div>\n\t\t<\/div>\n\t\t\t\t\t\t\t\t<\/div>\n\t\t\t\t\t<\/div>\n\t\t<\/section>\n\t\t\t\t<section class=\"elementor-section elementor-top-section elementor-element elementor-element-3e337ac elementor-section-boxed elementor-section-height-default elementor-section-height-default\" data-id=\"3e337ac\" data-element_type=\"section\">\n\t\t\t\t\t\t<div class=\"elementor-container elementor-column-gap-default\">\n\t\t\t\t\t\t\t<div class=\"elementor-row\">\n\t\t\t\t\t<div class=\"elementor-column elementor-col-100 elementor-top-column elementor-element elementor-element-3acd05d\" data-id=\"3acd05d\" data-element_type=\"column\">\n\t\t\t<div class=\"elementor-column-wrap elementor-element-populated\">\n\t\t\t\t\t\t\t<div class=\"elementor-widget-wrap\">\n\t\t\t\t\t\t<div class=\"elementor-element elementor-element-c94d16a elementor-widget-divider--separator-type-pattern elementor-widget-divider--view-line elementor-widget elementor-widget-divider\" data-id=\"c94d16a\" data-element_type=\"widget\" data-widget_type=\"divider.default\">\n\t\t\t\t<div class=\"elementor-widget-container\">\n\t\t\t\t\t<div class=\"elementor-divider\" style=\"--divider-pattern-url: url(&quot;data:image\/svg+xml,%3Csvg xmlns=&#039;http:\/\/www.w3.org\/2000\/svg&#039; preserveAspectRatio=&#039;none&#039; overflow=&#039;visible&#039; height=&#039;100%&#039; viewBox=&#039;0 0 24 24&#039; fill=&#039;black&#039; stroke=&#039;none&#039;%3E%3Cpath d=&#039;M12.7,2.3c-0.4-0.4-1.1-0.4-1.5,0l-8,9.1c-0.3,0.4-0.3,0.9,0,1.2l8,9.1c0.4,0.4,1.1,0.4,1.5,0l8-9.1c0.3-0.4,0.3-0.9,0-1.2L12.7,2.3z&#039;\/%3E%3C\/svg%3E&quot;);\">\n\t\t\t<span class=\"elementor-divider-separator\">\n\t\t\t\t\t\t<\/span>\n\t\t<\/div>\n\t\t\t\t<\/div>\n\t\t\t\t<\/div>\n\t\t\t\t\t\t<\/div>\n\t\t\t\t\t<\/div>\n\t\t<\/div>\n\t\t\t\t\t\t\t\t<\/div>\n\t\t\t\t\t<\/div>\n\t\t<\/section>\n\t\t\t\t\t\t\t\t\t<\/div>\n\t\t\t<\/div>\n\t\t\t\t\t<\/div>\n\t\t","protected":false},"excerpt":{"rendered":"<p>La salud emocional tiene un impacto enorme en nuestra vida diaria. La salud f\u00edsica y mental se afectan mutuamente. Lo que comemos y c\u00f3mo lo quemamos, seg\u00fan el tipo de actividad, afecta a nuestro estado de humor. Los cambios emocionales pueden afectar a los \u00f3rganos internos del cuerpo, y a veces incluso resultar en problemas &hellip;<\/p>\n<p class=\"read-more\"> <a class=\"\" href=\"https:\/\/pbacupuntura.com\/es\/servicios\/bienestar-emocional\/\"> <span class=\"screen-reader-text\">Bienestar emocional<\/span> Leer m\u00e1s &raquo;<\/a><\/p>\n","protected":false},"author":1,"featured_media":0,"parent":2009,"menu_order":0,"comment_status":"closed","ping_status":"closed","template":"","meta":{"site-sidebar-layout":"no-sidebar","site-content-layout":"page-builder","ast-main-header-display":"","ast-hfb-above-header-display":"","ast-hfb-below-header-display":"","ast-hfb-mobile-header-display":"","site-post-title":"disabled","ast-breadcrumbs-content":"","ast-featured-img":"disabled","footer-sml-layout":"","theme-transparent-header-meta":"default","adv-header-id-meta":"","stick-header-meta":"default","header-above-stick-meta":"","header-main-stick-meta":"","header-below-stick-meta":""},"_links":{"self":[{"href":"https:\/\/pbacupuntura.com\/es\/wp-json\/wp\/v2\/pages\/2086"}],"collection":[{"href":"https:\/\/pbacupuntura.com\/es\/wp-json\/wp\/v2\/pages"}],"about":[{"href":"https:\/\/pbacupuntura.com\/es\/wp-json\/wp\/v2\/types\/page"}],"author":[{"embeddable":true,"href":"https:\/\/pbacupuntura.com\/es\/wp-json\/wp\/v2\/users\/1"}],"replies":[{"embeddable":true,"href":"https:\/\/pbacupuntura.com\/es\/wp-json\/wp\/v2\/comments?post=2086"}],"version-history":[{"count":7,"href":"https:\/\/pbacupuntura.com\/es\/wp-json\/wp\/v2\/pages\/2086\/revisions"}],"predecessor-version":[{"id":2684,"href":"https:\/\/pbacupuntura.com\/es\/wp-json\/wp\/v2\/pages\/2086\/revisions\/2684"}],"up":[{"embeddable":true,"href":"https:\/\/pbacupuntura.com\/es\/wp-json\/wp\/v2\/pages\/2009"}],"wp:attachment":[{"href":"https:\/\/pbacupuntura.com\/es\/wp-json\/wp\/v2\/media?parent=2086"}],"curies":[{"name":"wp","href":"https:\/\/api.w.org\/{rel}","templated":true}]}}