{"id":2084,"date":"2021-09-17T11:37:17","date_gmt":"2021-09-17T09:37:17","guid":{"rendered":"https:\/\/pbacupuntura.com\/servicios\/digestion\/"},"modified":"2021-10-23T11:15:54","modified_gmt":"2021-10-23T09:15:54","slug":"digestion","status":"publish","type":"page","link":"https:\/\/pbacupuntura.com\/es\/servicios\/digestion\/","title":{"rendered":"Digesti\u00f3n"},"content":{"rendered":"\t\t<div data-elementor-type=\"wp-page\" data-elementor-id=\"2084\" class=\"elementor elementor-2084 elementor-577\">\n\t\t\t\t\t\t<div class=\"elementor-inner\">\n\t\t\t\t<div class=\"elementor-section-wrap\">\n\t\t\t\t\t\t\t\t\t<section class=\"elementor-section elementor-top-section elementor-element elementor-element-3438781 elementor-section-boxed elementor-section-height-default elementor-section-height-default\" data-id=\"3438781\" data-element_type=\"section\">\n\t\t\t\t\t\t<div class=\"elementor-container elementor-column-gap-default\">\n\t\t\t\t\t\t\t<div class=\"elementor-row\">\n\t\t\t\t\t<div class=\"elementor-column elementor-col-50 elementor-top-column elementor-element elementor-element-f4243dd\" data-id=\"f4243dd\" data-element_type=\"column\">\n\t\t\t<div class=\"elementor-column-wrap elementor-element-populated\">\n\t\t\t\t\t\t\t<div class=\"elementor-widget-wrap\">\n\t\t\t\t\t\t<div class=\"elementor-element elementor-element-3d1ca6a elementor-widget elementor-widget-image\" data-id=\"3d1ca6a\" data-element_type=\"widget\" data-widget_type=\"image.default\">\n\t\t\t\t<div class=\"elementor-widget-container\">\n\t\t\t\t\t\t\t\t<div class=\"elementor-image\">\n\t\t\t\t\t\t\t\t\t\t\t\t<img width=\"1024\" height=\"683\" src=\"https:\/\/pbacupuntura.com\/wp-content\/uploads\/2021\/06\/PB_Acupuntura_Servicios_6_Digestion-1024x683.jpeg\" class=\"attachment-large size-large wp-image-702\" alt=\"\" loading=\"lazy\" srcset=\"https:\/\/pbacupuntura.com\/wp-content\/uploads\/2021\/06\/PB_Acupuntura_Servicios_6_Digestion-1024x683.jpeg 1024w, https:\/\/pbacupuntura.com\/wp-content\/uploads\/2021\/06\/PB_Acupuntura_Servicios_6_Digestion-300x200.jpeg 300w, https:\/\/pbacupuntura.com\/wp-content\/uploads\/2021\/06\/PB_Acupuntura_Servicios_6_Digestion-768x512.jpeg 768w, https:\/\/pbacupuntura.com\/wp-content\/uploads\/2021\/06\/PB_Acupuntura_Servicios_6_Digestion-1536x1024.jpeg 1536w, https:\/\/pbacupuntura.com\/wp-content\/uploads\/2021\/06\/PB_Acupuntura_Servicios_6_Digestion-2048x1366.jpeg 2048w\" sizes=\"(max-width: 1024px) 100vw, 1024px\" \/>\t\t\t\t\t\t\t\t\t\t\t\t\t\t<\/div>\n\t\t\t\t\t\t<\/div>\n\t\t\t\t<\/div>\n\t\t\t\t\t\t<\/div>\n\t\t\t\t\t<\/div>\n\t\t<\/div>\n\t\t\t\t<div class=\"elementor-column elementor-col-50 elementor-top-column elementor-element elementor-element-99c8d8b\" data-id=\"99c8d8b\" data-element_type=\"column\">\n\t\t\t<div class=\"elementor-column-wrap elementor-element-populated\">\n\t\t\t\t\t\t\t<div class=\"elementor-widget-wrap\">\n\t\t\t\t\t\t<div class=\"elementor-element elementor-element-3eb42d3 elementor-widget elementor-widget-text-editor\" data-id=\"3eb42d3\" data-element_type=\"widget\" data-widget_type=\"text-editor.default\">\n\t\t\t\t<div class=\"elementor-widget-container\">\n\t\t\t\t\t\t\t\t<div class=\"elementor-text-editor elementor-clearfix\">\n\t\t\t\t<p>En la Medicina Tradicional China (MTC), la dieta es parte importante de nuestra salud. Todo lo que tomamos afecta a nuestro cuerpo de diversas maneras. Si comemos en exceso o ingerimos comida de mala calidad podemos tener problemas como fatiga, aumento o p\u00e9rdida de peso, reflujo, hinchaz\u00f3n, eructos, gas, dolor abdominal, estre\u00f1imiento o diarrea.<\/p><p>Hinchaz\u00f3n, calambres, dolor y movimientos intestinales incontrolables: estos son s\u00f3lo algunos de los s\u00edntomas que sufren a diario las personas con s\u00edndromes del intestino irritable, enfermedad de Crohn o colitis. Esto puede hacer que las actividades cotidianas sean dif\u00edciles e inc\u00f3modas, por no hablar de c\u00f3mo pueden interferir en la vida social.<\/p>\t\t\t\t\t<\/div>\n\t\t\t\t\t\t<\/div>\n\t\t\t\t<\/div>\n\t\t\t\t<div class=\"elementor-element elementor-element-987905c elementor-widget-divider--separator-type-pattern elementor-widget-divider--view-line elementor-widget elementor-widget-divider\" data-id=\"987905c\" data-element_type=\"widget\" data-widget_type=\"divider.default\">\n\t\t\t\t<div class=\"elementor-widget-container\">\n\t\t\t\t\t<div class=\"elementor-divider\" style=\"--divider-pattern-url: url(&quot;data:image\/svg+xml,%3Csvg xmlns=&#039;http:\/\/www.w3.org\/2000\/svg&#039; preserveAspectRatio=&#039;none&#039; overflow=&#039;visible&#039; height=&#039;100%&#039; viewBox=&#039;0 0 24 24&#039; fill=&#039;black&#039; stroke=&#039;none&#039;%3E%3Cpath d=&#039;M12.7,2.3c-0.4-0.4-1.1-0.4-1.5,0l-8,9.1c-0.3,0.4-0.3,0.9,0,1.2l8,9.1c0.4,0.4,1.1,0.4,1.5,0l8-9.1c0.3-0.4,0.3-0.9,0-1.2L12.7,2.3z&#039;\/%3E%3C\/svg%3E&quot;);\">\n\t\t\t<span class=\"elementor-divider-separator\">\n\t\t\t\t\t\t<\/span>\n\t\t<\/div>\n\t\t\t\t<\/div>\n\t\t\t\t<\/div>\n\t\t\t\t\t\t<\/div>\n\t\t\t\t\t<\/div>\n\t\t<\/div>\n\t\t\t\t\t\t\t\t<\/div>\n\t\t\t\t\t<\/div>\n\t\t<\/section>\n\t\t\t\t<section class=\"elementor-section elementor-top-section elementor-element elementor-element-f66d702 elementor-section-boxed elementor-section-height-default elementor-section-height-default\" data-id=\"f66d702\" data-element_type=\"section\" data-settings=\"{&quot;background_background&quot;:&quot;classic&quot;}\">\n\t\t\t\t\t\t<div class=\"elementor-container elementor-column-gap-default\">\n\t\t\t\t\t\t\t<div class=\"elementor-row\">\n\t\t\t\t\t<div class=\"elementor-column elementor-col-100 elementor-top-column elementor-element elementor-element-00e51a8\" data-id=\"00e51a8\" data-element_type=\"column\">\n\t\t\t<div class=\"elementor-column-wrap elementor-element-populated\">\n\t\t\t\t\t\t\t<div class=\"elementor-widget-wrap\">\n\t\t\t\t\t\t<div class=\"elementor-element elementor-element-70d742e elementor-widget-divider--view-line elementor-widget elementor-widget-divider\" data-id=\"70d742e\" data-element_type=\"widget\" data-widget_type=\"divider.default\">\n\t\t\t\t<div class=\"elementor-widget-container\">\n\t\t\t\t\t<div class=\"elementor-divider\">\n\t\t\t<span class=\"elementor-divider-separator\">\n\t\t\t\t\t\t<\/span>\n\t\t<\/div>\n\t\t\t\t<\/div>\n\t\t\t\t<\/div>\n\t\t\t\t\t\t<\/div>\n\t\t\t\t\t<\/div>\n\t\t<\/div>\n\t\t\t\t\t\t\t\t<\/div>\n\t\t\t\t\t<\/div>\n\t\t<\/section>\n\t\t\t\t<section class=\"elementor-section elementor-top-section elementor-element elementor-element-4b0e06f elementor-section-boxed elementor-section-height-default elementor-section-height-default\" data-id=\"4b0e06f\" data-element_type=\"section\" data-settings=\"{&quot;background_background&quot;:&quot;classic&quot;}\">\n\t\t\t\t\t\t<div class=\"elementor-container elementor-column-gap-default\">\n\t\t\t\t\t\t\t<div class=\"elementor-row\">\n\t\t\t\t\t<div class=\"elementor-column elementor-col-100 elementor-top-column elementor-element elementor-element-5987cf4\" data-id=\"5987cf4\" data-element_type=\"column\">\n\t\t\t<div class=\"elementor-column-wrap elementor-element-populated\">\n\t\t\t\t\t\t\t<div class=\"elementor-widget-wrap\">\n\t\t\t\t\t\t<div class=\"elementor-element elementor-element-4aca85b elementor-widget elementor-widget-heading\" data-id=\"4aca85b\" data-element_type=\"widget\" data-widget_type=\"heading.default\">\n\t\t\t\t<div class=\"elementor-widget-container\">\n\t\t\t<h2 class=\"elementor-heading-title elementor-size-default\">La acupuntura y la medicina china pueden tratar de forma efectiva todo tipo de des\u00f3rdenes digestivos tales como:<\/h2>\t\t<\/div>\n\t\t\t\t<\/div>\n\t\t\t\t<div class=\"elementor-element elementor-element-b0c1791 elementor-widget elementor-widget-text-editor\" data-id=\"b0c1791\" data-element_type=\"widget\" data-widget_type=\"text-editor.default\">\n\t\t\t\t<div class=\"elementor-widget-container\">\n\t\t\t\t\t\t\t\t<div class=\"elementor-text-editor elementor-clearfix\">\n\t\t\t\t<ul>\n<li>Gas<\/li>\n<li>N\u00e1useas<\/li>\n<li>Inflamaci\u00f3n<\/li>\n<li>Estre\u00f1imiento<\/li>\n<li>Diarrea<\/li>\n<li>Colon irritable<\/li>\n<li>Enfermedad de Crohn<\/li>\n<li>Intolerancias alimentarias<\/li>\n<li>Colitis ulcerosa<\/li>\n<li>P\u00f3lipos intestinales<\/li>\n<li>Reflujo<\/li>\n<li>\u00dalceras<\/li>\n<li>Y m\u00e1s\u2026<\/li>\n<\/ul>\n\t\t\t\t\t<\/div>\n\t\t\t\t\t\t<\/div>\n\t\t\t\t<\/div>\n\t\t\t\t\t\t<\/div>\n\t\t\t\t\t<\/div>\n\t\t<\/div>\n\t\t\t\t\t\t\t\t<\/div>\n\t\t\t\t\t<\/div>\n\t\t<\/section>\n\t\t\t\t<section class=\"elementor-section elementor-top-section elementor-element elementor-element-c1809a3 elementor-section-boxed elementor-section-height-default elementor-section-height-default\" data-id=\"c1809a3\" data-element_type=\"section\">\n\t\t\t\t\t\t<div class=\"elementor-container elementor-column-gap-default\">\n\t\t\t\t\t\t\t<div class=\"elementor-row\">\n\t\t\t\t\t<div class=\"elementor-column elementor-col-100 elementor-top-column elementor-element elementor-element-b0c05ac\" data-id=\"b0c05ac\" data-element_type=\"column\">\n\t\t\t<div class=\"elementor-column-wrap elementor-element-populated\">\n\t\t\t\t\t\t\t<div class=\"elementor-widget-wrap\">\n\t\t\t\t\t\t<div class=\"elementor-element elementor-element-dedf335 elementor-widget elementor-widget-heading\" data-id=\"dedf335\" data-element_type=\"widget\" data-widget_type=\"heading.default\">\n\t\t\t\t<div class=\"elementor-widget-container\">\n\t\t\t<h2 class=\"elementor-heading-title elementor-size-default\">\u00a1Deja de sufrir en silencio!<\/h2>\t\t<\/div>\n\t\t\t\t<\/div>\n\t\t\t\t<div class=\"elementor-element elementor-element-123211d elementor-widget-divider--view-line elementor-widget elementor-widget-divider\" data-id=\"123211d\" data-element_type=\"widget\" data-widget_type=\"divider.default\">\n\t\t\t\t<div class=\"elementor-widget-container\">\n\t\t\t\t\t<div class=\"elementor-divider\">\n\t\t\t<span class=\"elementor-divider-separator\">\n\t\t\t\t\t\t<\/span>\n\t\t<\/div>\n\t\t\t\t<\/div>\n\t\t\t\t<\/div>\n\t\t\t\t<div class=\"elementor-element elementor-element-a8da878 elementor-widget elementor-widget-text-editor\" data-id=\"a8da878\" data-element_type=\"widget\" data-widget_type=\"text-editor.default\">\n\t\t\t\t<div class=\"elementor-widget-container\">\n\t\t\t\t\t\t\t\t<div class=\"elementor-text-editor elementor-clearfix\">\n\t\t\t\t<p>Recup\u00e9rate con una medicina que busca encontrar la ra\u00edz de aquello que causa tu malestar y tratar tu cuerpo entero en lugar de cubrir simplemente los s\u00edntomas.<\/p><h4><b><i>\u00a1Vale!, \u00bfqu\u00e9 viene despu\u00e9s?\u00a0<\/i><\/b><\/h4><blockquote><p>La acupuntura no es un tratamiento \u00fanico que se aplique por igual a todo.\u00a0 En PB Acupuntura analizaremos tu dieta, estilo de vida y h\u00e1bitos alimenticios para determinar qu\u00e9 es lo que est\u00e1 causando tus problemas digestivos. Tus sesiones conmigo, combinar\u00e1n tratamientos de acupuntura y de consulta nutricional.<\/p><\/blockquote>\t\t\t\t\t<\/div>\n\t\t\t\t\t\t<\/div>\n\t\t\t\t<\/div>\n\t\t\t\t\t\t<\/div>\n\t\t\t\t\t<\/div>\n\t\t<\/div>\n\t\t\t\t\t\t\t\t<\/div>\n\t\t\t\t\t<\/div>\n\t\t<\/section>\n\t\t\t\t<section class=\"elementor-section elementor-top-section elementor-element elementor-element-96a7700 elementor-section-boxed elementor-section-height-default elementor-section-height-default\" data-id=\"96a7700\" data-element_type=\"section\">\n\t\t\t\t\t\t<div class=\"elementor-container elementor-column-gap-default\">\n\t\t\t\t\t\t\t<div class=\"elementor-row\">\n\t\t\t\t\t<div class=\"elementor-column elementor-col-100 elementor-top-column elementor-element elementor-element-b3023be\" data-id=\"b3023be\" data-element_type=\"column\">\n\t\t\t<div class=\"elementor-column-wrap elementor-element-populated\">\n\t\t\t\t\t\t\t<div class=\"elementor-widget-wrap\">\n\t\t\t\t\t\t<div class=\"elementor-element elementor-element-c79cd1c elementor-align-center elementor-widget elementor-widget-button\" data-id=\"c79cd1c\" data-element_type=\"widget\" data-widget_type=\"button.default\">\n\t\t\t\t<div class=\"elementor-widget-container\">\n\t\t\t\t\t<div class=\"elementor-button-wrapper\">\n\t\t\t<a href=\"https:\/\/pbacupuntura.com\/es\/contactar\/\" class=\"elementor-button-link elementor-button elementor-size-sm\" role=\"button\">\n\t\t\t\t\t\t<span class=\"elementor-button-content-wrapper\">\n\t\t\t\t\t\t<span class=\"elementor-button-text\">Ponte en contacto conmigo para m\u00e1s informaci\u00f3n<\/span>\n\t\t<\/span>\n\t\t\t\t\t<\/a>\n\t\t<\/div>\n\t\t\t\t<\/div>\n\t\t\t\t<\/div>\n\t\t\t\t\t\t<\/div>\n\t\t\t\t\t<\/div>\n\t\t<\/div>\n\t\t\t\t\t\t\t\t<\/div>\n\t\t\t\t\t<\/div>\n\t\t<\/section>\n\t\t\t\t\t\t\t\t\t<\/div>\n\t\t\t<\/div>\n\t\t\t\t\t<\/div>\n\t\t","protected":false},"excerpt":{"rendered":"<p>En la Medicina Tradicional China (MTC), la dieta es parte importante de nuestra salud. Todo lo que tomamos afecta a nuestro cuerpo de diversas maneras. Si comemos en exceso o ingerimos comida de mala calidad podemos tener problemas como fatiga, aumento o p\u00e9rdida de peso, reflujo, hinchaz\u00f3n, eructos, gas, dolor abdominal, estre\u00f1imiento o diarrea. Hinchaz\u00f3n, &hellip;<\/p>\n<p class=\"read-more\"> <a class=\"\" href=\"https:\/\/pbacupuntura.com\/es\/servicios\/digestion\/\"> <span class=\"screen-reader-text\">Digesti\u00f3n<\/span> Leer m\u00e1s &raquo;<\/a><\/p>\n","protected":false},"author":1,"featured_media":0,"parent":2009,"menu_order":0,"comment_status":"closed","ping_status":"closed","template":"","meta":{"site-sidebar-layout":"no-sidebar","site-content-layout":"page-builder","ast-main-header-display":"","ast-hfb-above-header-display":"","ast-hfb-below-header-display":"","ast-hfb-mobile-header-display":"","site-post-title":"disabled","ast-breadcrumbs-content":"","ast-featured-img":"disabled","footer-sml-layout":"","theme-transparent-header-meta":"default","adv-header-id-meta":"","stick-header-meta":"default","header-above-stick-meta":"","header-main-stick-meta":"","header-below-stick-meta":""},"_links":{"self":[{"href":"https:\/\/pbacupuntura.com\/es\/wp-json\/wp\/v2\/pages\/2084"}],"collection":[{"href":"https:\/\/pbacupuntura.com\/es\/wp-json\/wp\/v2\/pages"}],"about":[{"href":"https:\/\/pbacupuntura.com\/es\/wp-json\/wp\/v2\/types\/page"}],"author":[{"embeddable":true,"href":"https:\/\/pbacupuntura.com\/es\/wp-json\/wp\/v2\/users\/1"}],"replies":[{"embeddable":true,"href":"https:\/\/pbacupuntura.com\/es\/wp-json\/wp\/v2\/comments?post=2084"}],"version-history":[{"count":8,"href":"https:\/\/pbacupuntura.com\/es\/wp-json\/wp\/v2\/pages\/2084\/revisions"}],"predecessor-version":[{"id":2750,"href":"https:\/\/pbacupuntura.com\/es\/wp-json\/wp\/v2\/pages\/2084\/revisions\/2750"}],"up":[{"embeddable":true,"href":"https:\/\/pbacupuntura.com\/es\/wp-json\/wp\/v2\/pages\/2009"}],"wp:attachment":[{"href":"https:\/\/pbacupuntura.com\/es\/wp-json\/wp\/v2\/media?parent=2084"}],"curies":[{"name":"wp","href":"https:\/\/api.w.org\/{rel}","templated":true}]}}