{"id":2075,"date":"2021-09-16T21:08:35","date_gmt":"2021-09-16T19:08:35","guid":{"rendered":"https:\/\/pbacupuntura.com\/servicios\/acupuntura-estetica\/"},"modified":"2021-10-23T11:07:41","modified_gmt":"2021-10-23T09:07:41","slug":"acupuntura-estetica","status":"publish","type":"page","link":"https:\/\/pbacupuntura.com\/es\/servicios\/acupuntura-estetica\/","title":{"rendered":"Acupuntura est\u00e9tica"},"content":{"rendered":"\t\t<div data-elementor-type=\"wp-page\" data-elementor-id=\"2075\" class=\"elementor elementor-2075 elementor-580\">\n\t\t\t\t\t\t<div class=\"elementor-inner\">\n\t\t\t\t<div class=\"elementor-section-wrap\">\n\t\t\t\t\t\t\t\t\t<section class=\"elementor-section elementor-top-section elementor-element elementor-element-0895d56 elementor-section-boxed elementor-section-height-default elementor-section-height-default\" data-id=\"0895d56\" data-element_type=\"section\">\n\t\t\t\t\t\t<div class=\"elementor-container elementor-column-gap-default\">\n\t\t\t\t\t\t\t<div class=\"elementor-row\">\n\t\t\t\t\t<div class=\"elementor-column elementor-col-50 elementor-top-column elementor-element elementor-element-943864c\" data-id=\"943864c\" data-element_type=\"column\">\n\t\t\t<div class=\"elementor-column-wrap elementor-element-populated\">\n\t\t\t\t\t\t\t<div class=\"elementor-widget-wrap\">\n\t\t\t\t\t\t<div class=\"elementor-element elementor-element-1cbf08c elementor-widget elementor-widget-image\" data-id=\"1cbf08c\" data-element_type=\"widget\" data-widget_type=\"image.default\">\n\t\t\t\t<div class=\"elementor-widget-container\">\n\t\t\t\t\t\t\t\t<div class=\"elementor-image\">\n\t\t\t\t\t\t\t\t\t\t\t\t<img width=\"1024\" height=\"683\" src=\"https:\/\/pbacupuntura.com\/wp-content\/uploads\/2021\/06\/PB_Acupuntura_Servicios_7_CosmeticAcupuncture-1024x683.jpeg\" class=\"attachment-large size-large wp-image-703\" alt=\"\" loading=\"lazy\" srcset=\"https:\/\/pbacupuntura.com\/wp-content\/uploads\/2021\/06\/PB_Acupuntura_Servicios_7_CosmeticAcupuncture-1024x683.jpeg 1024w, https:\/\/pbacupuntura.com\/wp-content\/uploads\/2021\/06\/PB_Acupuntura_Servicios_7_CosmeticAcupuncture-300x200.jpeg 300w, https:\/\/pbacupuntura.com\/wp-content\/uploads\/2021\/06\/PB_Acupuntura_Servicios_7_CosmeticAcupuncture-768x512.jpeg 768w, https:\/\/pbacupuntura.com\/wp-content\/uploads\/2021\/06\/PB_Acupuntura_Servicios_7_CosmeticAcupuncture-1536x1024.jpeg 1536w, https:\/\/pbacupuntura.com\/wp-content\/uploads\/2021\/06\/PB_Acupuntura_Servicios_7_CosmeticAcupuncture-2048x1366.jpeg 2048w\" sizes=\"(max-width: 1024px) 100vw, 1024px\" \/>\t\t\t\t\t\t\t\t\t\t\t\t\t\t<\/div>\n\t\t\t\t\t\t<\/div>\n\t\t\t\t<\/div>\n\t\t\t\t\t\t<\/div>\n\t\t\t\t\t<\/div>\n\t\t<\/div>\n\t\t\t\t<div class=\"elementor-column elementor-col-50 elementor-top-column elementor-element elementor-element-ed7588e\" data-id=\"ed7588e\" data-element_type=\"column\">\n\t\t\t<div class=\"elementor-column-wrap elementor-element-populated\">\n\t\t\t\t\t\t\t<div class=\"elementor-widget-wrap\">\n\t\t\t\t\t\t<div class=\"elementor-element elementor-element-fa11441 elementor-widget elementor-widget-text-editor\" data-id=\"fa11441\" data-element_type=\"widget\" data-widget_type=\"text-editor.default\">\n\t\t\t\t<div class=\"elementor-widget-container\">\n\t\t\t\t\t\t\t\t<div class=\"elementor-text-editor elementor-clearfix\">\n\t\t\t\t<p>\u00bfBuscas un nuevo enfoque en la forma de cuidar tu piel?<\/p>\n<p><span style=\"font-style: inherit; font-weight: inherit;\">\u00bfTe gustar\u00eda mantener tu brillo actual por m\u00e1s a\u00f1os? \u00bfTe est\u00e1s preparando para un gran evento y te gustar\u00eda verte y sentirte radiante?<\/span><\/p>\n<p><span style=\"font-style: inherit; font-weight: inherit;\">\u00a1El rejuvenecimiento facial te puede ayudar! El rejuvenecimiento<\/span><span style=\"font-style: inherit; font-weight: inherit;\">\u00a0facial proporciona un cutis radiante, de dentro afuera. Mejora la salud de la piel al mismo tiempo que refuerza la autoestima y sensaci\u00f3n de bienestar.<\/span><span style=\"font-style: inherit; font-weight: inherit;\">\u00a0<\/span><\/p>\n<blockquote><p>Esta combinaci\u00f3n especial de acupuntura facial y del cuerpo, que incluye gua sha y un suave masaje facial, as\u00ed como recomendaciones para mejorar tu dieta y estilo de vida, puede mejorar r\u00e1pidamente tu tez al mismo tiempo que mejora la salud de tu piel y tu bienestar general, previniendo arrugas e imperfecciones\u00a0y aportando vitalidad.<\/p><\/blockquote>\n\t\t\t\t\t<\/div>\n\t\t\t\t\t\t<\/div>\n\t\t\t\t<\/div>\n\t\t\t\t\t\t<\/div>\n\t\t\t\t\t<\/div>\n\t\t<\/div>\n\t\t\t\t\t\t\t\t<\/div>\n\t\t\t\t\t<\/div>\n\t\t<\/section>\n\t\t\t\t<section class=\"elementor-section elementor-top-section elementor-element elementor-element-84c2e3a elementor-section-boxed elementor-section-height-default elementor-section-height-default\" data-id=\"84c2e3a\" data-element_type=\"section\">\n\t\t\t\t\t\t<div class=\"elementor-container elementor-column-gap-default\">\n\t\t\t\t\t\t\t<div class=\"elementor-row\">\n\t\t\t\t\t<div class=\"elementor-column elementor-col-50 elementor-top-column elementor-element elementor-element-1fa502b\" data-id=\"1fa502b\" data-element_type=\"column\">\n\t\t\t<div class=\"elementor-column-wrap elementor-element-populated\">\n\t\t\t\t\t\t\t<div class=\"elementor-widget-wrap\">\n\t\t\t\t\t\t<div class=\"elementor-element elementor-element-05dc518 elementor-widget elementor-widget-heading\" data-id=\"05dc518\" data-element_type=\"widget\" data-widget_type=\"heading.default\">\n\t\t\t\t<div class=\"elementor-widget-container\">\n\t\t\t<h2 class=\"elementor-heading-title elementor-size-default\"><span style=\"font-size: 2rem;\">\u00bfQu\u00e9 puede hacer el rejuvenecimiento facial por ti?<\/span><\/h2>\t\t<\/div>\n\t\t\t\t<\/div>\n\t\t\t\t<div class=\"elementor-element elementor-element-48b57d5 elementor-widget elementor-widget-text-editor\" data-id=\"48b57d5\" data-element_type=\"widget\" data-widget_type=\"text-editor.default\">\n\t\t\t\t<div class=\"elementor-widget-container\">\n\t\t\t\t\t\t\t\t<div class=\"elementor-text-editor elementor-clearfix\">\n\t\t\t\t<p>Un tratamiento de varias sesiones de rejuvenecimiento facial puede:<\/p>\n<ul>\n<li>reducir las l\u00edneas que no est\u00e9n tan marcadas<\/li>\n<li>suavizar las l\u00edneas que est\u00e9n m\u00e1s profundas<\/li>\n<li>levantar ligeramente la mand\u00edbula y el cuello<\/li>\n<li>aclarar las ojeras<\/li>\n<li>reducir el acn\u00e9 y los brotes de ros\u00e1cea<\/li>\n<li>suavizar la piel y aumentar su tono y vitalidad<\/li>\n<li>suavizar las mejillas y las cicatrices dejadas por el acn\u00e9<\/li>\n<li>reducir el enrojecimiento e igualar el tono de piel<\/li>\n<li>desvanecer las manchas de piel y las marcas causadas por el sol<\/li>\n<\/ul>\n\t\t\t\t\t<\/div>\n\t\t\t\t\t\t<\/div>\n\t\t\t\t<\/div>\n\t\t\t\t\t\t<\/div>\n\t\t\t\t\t<\/div>\n\t\t<\/div>\n\t\t\t\t<div class=\"elementor-column elementor-col-50 elementor-top-column elementor-element elementor-element-49e137f\" data-id=\"49e137f\" data-element_type=\"column\">\n\t\t\t<div class=\"elementor-column-wrap elementor-element-populated\">\n\t\t\t\t\t\t\t<div class=\"elementor-widget-wrap\">\n\t\t\t\t\t\t<div class=\"elementor-element elementor-element-d727edf elementor-widget elementor-widget-image\" data-id=\"d727edf\" data-element_type=\"widget\" data-widget_type=\"image.default\">\n\t\t\t\t<div class=\"elementor-widget-container\">\n\t\t\t\t\t\t\t\t<div class=\"elementor-image\">\n\t\t\t\t\t\t\t\t\t\t\t\t<img width=\"1024\" height=\"683\" src=\"https:\/\/pbacupuntura.com\/wp-content\/uploads\/2021\/08\/PB-Acupuntura-Gua-Sha-2500x1667.jpeg\" class=\"attachment-large size-large wp-image-1373\" alt=\"\" loading=\"lazy\" \/>\t\t\t\t\t\t\t\t\t\t\t\t\t\t<\/div>\n\t\t\t\t\t\t<\/div>\n\t\t\t\t<\/div>\n\t\t\t\t\t\t<\/div>\n\t\t\t\t\t<\/div>\n\t\t<\/div>\n\t\t\t\t\t\t\t\t<\/div>\n\t\t\t\t\t<\/div>\n\t\t<\/section>\n\t\t\t\t<section class=\"elementor-section elementor-top-section elementor-element elementor-element-0c7da8c elementor-section-boxed elementor-section-height-default elementor-section-height-default\" data-id=\"0c7da8c\" data-element_type=\"section\" data-settings=\"{&quot;background_background&quot;:&quot;classic&quot;}\">\n\t\t\t\t\t\t<div class=\"elementor-container elementor-column-gap-default\">\n\t\t\t\t\t\t\t<div class=\"elementor-row\">\n\t\t\t\t\t<div class=\"elementor-column elementor-col-100 elementor-top-column elementor-element elementor-element-2446b9e\" data-id=\"2446b9e\" data-element_type=\"column\">\n\t\t\t<div class=\"elementor-column-wrap elementor-element-populated\">\n\t\t\t\t\t\t\t<div class=\"elementor-widget-wrap\">\n\t\t\t\t\t\t<div class=\"elementor-element elementor-element-9e15bba elementor-widget elementor-widget-text-editor\" data-id=\"9e15bba\" data-element_type=\"widget\" data-widget_type=\"text-editor.default\">\n\t\t\t\t<div class=\"elementor-widget-container\">\n\t\t\t\t\t\t\t\t<div class=\"elementor-text-editor elementor-clearfix\">\n\t\t\t\t<p>Aparte de mejoras est\u00e9ticas, tambi\u00e9n puedes experimentar:<\/p>\n<ul>\n<li>un aumento de la energ\u00eda<\/li>\n<li>una mejora del sue\u00f1o<\/li>\n<li>reducci\u00f3n de la ansiedad<\/li>\n<li>mayor brillo en la mirada<\/li>\n<li>menos sofocos y sudores nocturnos<\/li>\n<li>desaparici\u00f3n de dolores de cabeza leves<\/li>\n<\/ul>\n\t\t\t\t\t<\/div>\n\t\t\t\t\t\t<\/div>\n\t\t\t\t<\/div>\n\t\t\t\t\t\t<\/div>\n\t\t\t\t\t<\/div>\n\t\t<\/div>\n\t\t\t\t\t\t\t\t<\/div>\n\t\t\t\t\t<\/div>\n\t\t<\/section>\n\t\t\t\t<section class=\"elementor-section elementor-top-section elementor-element elementor-element-358f76d elementor-section-boxed elementor-section-height-default elementor-section-height-default\" data-id=\"358f76d\" data-element_type=\"section\">\n\t\t\t\t\t\t<div class=\"elementor-container elementor-column-gap-default\">\n\t\t\t\t\t\t\t<div class=\"elementor-row\">\n\t\t\t\t\t<div class=\"elementor-column elementor-col-100 elementor-top-column elementor-element elementor-element-9c51739\" data-id=\"9c51739\" data-element_type=\"column\">\n\t\t\t<div class=\"elementor-column-wrap elementor-element-populated\">\n\t\t\t\t\t\t\t<div class=\"elementor-widget-wrap\">\n\t\t\t\t\t\t<div class=\"elementor-element elementor-element-a1a2b6b elementor-widget-divider--separator-type-pattern elementor-widget-divider--view-line elementor-widget elementor-widget-divider\" data-id=\"a1a2b6b\" data-element_type=\"widget\" data-widget_type=\"divider.default\">\n\t\t\t\t<div class=\"elementor-widget-container\">\n\t\t\t\t\t<div class=\"elementor-divider\" style=\"--divider-pattern-url: url(&quot;data:image\/svg+xml,%3Csvg xmlns=&#039;http:\/\/www.w3.org\/2000\/svg&#039; preserveAspectRatio=&#039;none&#039; overflow=&#039;visible&#039; height=&#039;100%&#039; viewBox=&#039;0 0 24 24&#039; fill=&#039;black&#039; stroke=&#039;none&#039;%3E%3Cpath d=&#039;M12.7,2.3c-0.4-0.4-1.1-0.4-1.5,0l-8,9.1c-0.3,0.4-0.3,0.9,0,1.2l8,9.1c0.4,0.4,1.1,0.4,1.5,0l8-9.1c0.3-0.4,0.3-0.9,0-1.2L12.7,2.3z&#039;\/%3E%3C\/svg%3E&quot;);\">\n\t\t\t<span class=\"elementor-divider-separator\">\n\t\t\t\t\t\t<\/span>\n\t\t<\/div>\n\t\t\t\t<\/div>\n\t\t\t\t<\/div>\n\t\t\t\t<div class=\"elementor-element elementor-element-a5d0221 elementor-widget elementor-widget-text-editor\" data-id=\"a5d0221\" data-element_type=\"widget\" data-widget_type=\"text-editor.default\">\n\t\t\t\t<div class=\"elementor-widget-container\">\n\t\t\t\t\t\t\t\t<div class=\"elementor-text-editor elementor-clearfix\">\n\t\t\t\t<h3>\u00bfCu\u00e1nto tiempo debo seguir el tratamiento?<\/h3>\n<p>Se recomienda hacer de 1-2 sesiones por semana, para llegar a un total de 6-12 tratamientos, dependiendo de la persona. Esto permite al cuerpo tener el tiempo suficiente para sanar cualquier desequilibrio en el cuerpo, y obtener resultados duraderos en la piel. Los resultados pueden durar hasta 2 a\u00f1os, tomando sesiones de mantenimiento de 1 &#8211; 3 veces al a\u00f1o.<\/p>\n<h3>\u00bfCu\u00e1nto duran los resultados?<\/h3>\n<p>Envejecemos. No hay tratamiento que sea permanente. No obstante, los resultados pueden durar hasta dos a\u00f1os. Eso s\u00ed, se recomienda mantenimiento. Cada 1-3 a\u00f1os, se aconseja completar de nuevo un protocolo de tratamiento completo.<\/p>\n<p>Puedes notar mejoras de las l\u00edneas y de las arrugas, la pigmentaci\u00f3n, el acn\u00e9 y sus cicatrices, piel seca o sin brillo, ojeras y ojos hinchados, enrojecimiento, flacidez de la piel, ros\u00e1cea, eczema y mucho m\u00e1s.<\/p>\n<p>Puedes esperar percibir una piel m\u00e1s luminosa, tersa, suave, firme y radiante.<\/p>\n<h3>\u00bfHay una edad ideal para empezar con la acupuntura est\u00e9tica?<\/h3>\n<p>Cualquiera puede recibir acupuntura est\u00e9tica a cualquier edad. Si se empieza a los 20 o 30 a\u00f1os de edad, se puede usar como medida preventiva; y a partir de los 40, se puede usar como medida terap\u00e9utica y correctiva. Ten en cuenta que la producci\u00f3n de col\u00e1geno y elastina empieza a declinar despu\u00e9s de los 30. Es m\u00e1s f\u00e1cil prevenir l\u00edneas y arrugas, por lo que se recomienda empezar a una edad joven.<\/p>\n\t\t\t\t\t<\/div>\n\t\t\t\t\t\t<\/div>\n\t\t\t\t<\/div>\n\t\t\t\t\t\t<\/div>\n\t\t\t\t\t<\/div>\n\t\t<\/div>\n\t\t\t\t\t\t\t\t<\/div>\n\t\t\t\t\t<\/div>\n\t\t<\/section>\n\t\t\t\t\t\t\t\t\t<\/div>\n\t\t\t<\/div>\n\t\t\t\t\t<\/div>\n\t\t","protected":false},"excerpt":{"rendered":"<p>\u00bfBuscas un nuevo enfoque en la forma de cuidar tu piel? \u00bfTe gustar\u00eda mantener tu brillo actual por m\u00e1s a\u00f1os? \u00bfTe est\u00e1s preparando para un gran evento y te gustar\u00eda verte y sentirte radiante? \u00a1El rejuvenecimiento facial te puede ayudar! El rejuvenecimiento\u00a0facial proporciona un cutis radiante, de dentro afuera. Mejora la salud de la piel &hellip;<\/p>\n<p class=\"read-more\"> <a class=\"\" href=\"https:\/\/pbacupuntura.com\/es\/servicios\/acupuntura-estetica\/\"> <span class=\"screen-reader-text\">Acupuntura est\u00e9tica<\/span> Leer m\u00e1s &raquo;<\/a><\/p>\n","protected":false},"author":1,"featured_media":0,"parent":2009,"menu_order":0,"comment_status":"closed","ping_status":"closed","template":"","meta":{"site-sidebar-layout":"no-sidebar","site-content-layout":"page-builder","ast-main-header-display":"","ast-hfb-above-header-display":"","ast-hfb-below-header-display":"","ast-hfb-mobile-header-display":"","site-post-title":"disabled","ast-breadcrumbs-content":"","ast-featured-img":"disabled","footer-sml-layout":"","theme-transparent-header-meta":"default","adv-header-id-meta":"","stick-header-meta":"default","header-above-stick-meta":"","header-main-stick-meta":"","header-below-stick-meta":""},"_links":{"self":[{"href":"https:\/\/pbacupuntura.com\/es\/wp-json\/wp\/v2\/pages\/2075"}],"collection":[{"href":"https:\/\/pbacupuntura.com\/es\/wp-json\/wp\/v2\/pages"}],"about":[{"href":"https:\/\/pbacupuntura.com\/es\/wp-json\/wp\/v2\/types\/page"}],"author":[{"embeddable":true,"href":"https:\/\/pbacupuntura.com\/es\/wp-json\/wp\/v2\/users\/1"}],"replies":[{"embeddable":true,"href":"https:\/\/pbacupuntura.com\/es\/wp-json\/wp\/v2\/comments?post=2075"}],"version-history":[{"count":5,"href":"https:\/\/pbacupuntura.com\/es\/wp-json\/wp\/v2\/pages\/2075\/revisions"}],"predecessor-version":[{"id":2742,"href":"https:\/\/pbacupuntura.com\/es\/wp-json\/wp\/v2\/pages\/2075\/revisions\/2742"}],"up":[{"embeddable":true,"href":"https:\/\/pbacupuntura.com\/es\/wp-json\/wp\/v2\/pages\/2009"}],"wp:attachment":[{"href":"https:\/\/pbacupuntura.com\/es\/wp-json\/wp\/v2\/media?parent=2075"}],"curies":[{"name":"wp","href":"https:\/\/api.w.org\/{rel}","templated":true}]}}