{"id":1983,"date":"2021-09-10T19:35:42","date_gmt":"2021-09-10T17:35:42","guid":{"rendered":"https:\/\/pbacupuntura.com\/nuevos-pacientes\/"},"modified":"2021-10-26T13:18:20","modified_gmt":"2021-10-26T11:18:20","slug":"nuevos-pacientes","status":"publish","type":"page","link":"https:\/\/pbacupuntura.com\/es\/nuevos-pacientes\/","title":{"rendered":"Nuevos Pacientes"},"content":{"rendered":"\t\t<div data-elementor-type=\"wp-page\" data-elementor-id=\"1983\" class=\"elementor elementor-1983 elementor-1702\">\n\t\t\t\t\t\t<div class=\"elementor-inner\">\n\t\t\t\t<div class=\"elementor-section-wrap\">\n\t\t\t\t\t\t\t\t\t<section class=\"elementor-section elementor-top-section elementor-element elementor-element-ea8b9c5 elementor-section-boxed elementor-section-height-default elementor-section-height-default\" data-id=\"ea8b9c5\" data-element_type=\"section\">\n\t\t\t\t\t\t<div class=\"elementor-container elementor-column-gap-default\">\n\t\t\t\t\t\t\t<div class=\"elementor-row\">\n\t\t\t\t\t<div class=\"elementor-column elementor-col-50 elementor-top-column elementor-element elementor-element-4c50d46\" data-id=\"4c50d46\" data-element_type=\"column\">\n\t\t\t<div class=\"elementor-column-wrap elementor-element-populated\">\n\t\t\t\t\t\t\t<div class=\"elementor-widget-wrap\">\n\t\t\t\t\t\t<div class=\"elementor-element elementor-element-a20daef elementor-widget elementor-widget-image\" data-id=\"a20daef\" data-element_type=\"widget\" data-widget_type=\"image.default\">\n\t\t\t\t<div class=\"elementor-widget-container\">\n\t\t\t\t\t\t\t\t<div class=\"elementor-image\">\n\t\t\t\t\t\t\t\t\t\t\t\t<img width=\"1024\" height=\"683\" src=\"https:\/\/pbacupuntura.com\/wp-content\/uploads\/2021\/08\/PB-Acupuntura-Set-2500x1667.jpeg\" class=\"attachment-large size-large wp-image-1195\" alt=\"\" loading=\"lazy\" \/>\t\t\t\t\t\t\t\t\t\t\t\t\t\t<\/div>\n\t\t\t\t\t\t<\/div>\n\t\t\t\t<\/div>\n\t\t\t\t\t\t<\/div>\n\t\t\t\t\t<\/div>\n\t\t<\/div>\n\t\t\t\t<div class=\"elementor-column elementor-col-50 elementor-top-column elementor-element elementor-element-2e2501f\" data-id=\"2e2501f\" data-element_type=\"column\">\n\t\t\t<div class=\"elementor-column-wrap elementor-element-populated\">\n\t\t\t\t\t\t\t<div class=\"elementor-widget-wrap\">\n\t\t\t\t\t\t<div class=\"elementor-element elementor-element-77bed92 elementor-widget elementor-widget-heading\" data-id=\"77bed92\" data-element_type=\"widget\" data-widget_type=\"heading.default\">\n\t\t\t\t<div class=\"elementor-widget-container\">\n\t\t\t<h2 class=\"elementor-heading-title elementor-size-default\">\u00a1Bienvenido\/a!<\/h2>\t\t<\/div>\n\t\t\t\t<\/div>\n\t\t\t\t<div class=\"elementor-element elementor-element-eb2d196 elementor-widget elementor-widget-text-editor\" data-id=\"eb2d196\" data-element_type=\"widget\" data-widget_type=\"text-editor.default\">\n\t\t\t\t<div class=\"elementor-widget-container\">\n\t\t\t\t\t\t\t\t<div class=\"elementor-text-editor elementor-clearfix\">\n\t\t\t\t<p>El prop\u00f3sito de esta p\u00e1gina es el de prepararte para tu primera cita.<\/p>\n<p>Aqu\u00ed encontrar\u00e1s informaci\u00f3n sobre lo que puedes esperar cuando vienes a tu primera sesi\u00f3n:<\/p>\n<p>Para la mayor\u00eda de la gente, la acupuntura es una nueva y extra\u00f1a experiencia. Con este art\u00edculo pretendo sacar fuera el \u00abfactor desconocido\u00bb de la experiencia.<\/p>\n\t\t\t\t\t<\/div>\n\t\t\t\t\t\t<\/div>\n\t\t\t\t<\/div>\n\t\t\t\t\t\t<\/div>\n\t\t\t\t\t<\/div>\n\t\t<\/div>\n\t\t\t\t\t\t\t\t<\/div>\n\t\t\t\t\t<\/div>\n\t\t<\/section>\n\t\t\t\t<section class=\"elementor-section elementor-top-section elementor-element elementor-element-cf01e17 elementor-section-boxed elementor-section-height-default elementor-section-height-default\" data-id=\"cf01e17\" data-element_type=\"section\" data-settings=\"{&quot;background_background&quot;:&quot;classic&quot;}\">\n\t\t\t\t\t\t<div class=\"elementor-container elementor-column-gap-default\">\n\t\t\t\t\t\t\t<div class=\"elementor-row\">\n\t\t\t\t\t<div class=\"elementor-column elementor-col-100 elementor-top-column elementor-element elementor-element-d5dd9cb\" data-id=\"d5dd9cb\" data-element_type=\"column\">\n\t\t\t<div class=\"elementor-column-wrap elementor-element-populated\">\n\t\t\t\t\t\t\t<div class=\"elementor-widget-wrap\">\n\t\t\t\t\t\t<div class=\"elementor-element elementor-element-fd2abd3 elementor-widget-divider--view-line elementor-widget elementor-widget-divider\" data-id=\"fd2abd3\" data-element_type=\"widget\" data-widget_type=\"divider.default\">\n\t\t\t\t<div class=\"elementor-widget-container\">\n\t\t\t\t\t<div class=\"elementor-divider\">\n\t\t\t<span class=\"elementor-divider-separator\">\n\t\t\t\t\t\t<\/span>\n\t\t<\/div>\n\t\t\t\t<\/div>\n\t\t\t\t<\/div>\n\t\t\t\t<div class=\"elementor-element elementor-element-4ded229 elementor-widget elementor-widget-heading\" data-id=\"4ded229\" data-element_type=\"widget\" data-widget_type=\"heading.default\">\n\t\t\t\t<div class=\"elementor-widget-container\">\n\t\t\t<h2 class=\"elementor-heading-title elementor-size-default\">Antes:<\/h2>\t\t<\/div>\n\t\t\t\t<\/div>\n\t\t\t\t<div class=\"elementor-element elementor-element-ec7a03c elementor-widget elementor-widget-text-editor\" data-id=\"ec7a03c\" data-element_type=\"widget\" data-widget_type=\"text-editor.default\">\n\t\t\t\t<div class=\"elementor-widget-container\">\n\t\t\t\t\t\t\t\t<div class=\"elementor-text-editor elementor-clearfix\">\n\t\t\t\t<ul>\n<li>Lleva ropa c\u00f3moda a tu cita<\/li>\n<li>Las mujeres deber\u00edan llevar un sujetador de cierre trasero para facilitar el acceso a la espalda en el caso que fuera necesario.<\/li>\n<li>Por supuesto, cepilla tus dientes antes de venir, pero por favor no cepilles la lengua. Hay una capa sobre la lengua que revisar\u00e9 en la consulta.<\/li>\n<li>Aseg\u00farate de haber tomado algo para comer hace poco, o al menos que no llegues con hambre.<\/li>\n<li>Ven a la cita completamente hidratado\/a.<\/li>\n<li>No tomes alcohol antes de tu sesi\u00f3n de acupuntura.<\/li>\n<li>Pr\u00e1cticamente, todo el mundo se puede beneficiar de la acupuntura. Sin embargo, si tienes un riesgo alto o moderado de coagulaci\u00f3n, es posible que no seas un buen o buena candidata\/o para un tratamiento de acupuntura. Deber\u00e1s hacerme saber si est\u00e1s tomando alg\u00fan medicamento anticoagulante.<\/li>\n<\/ul>\n\t\t\t\t\t<\/div>\n\t\t\t\t\t\t<\/div>\n\t\t\t\t<\/div>\n\t\t\t\t\t\t<\/div>\n\t\t\t\t\t<\/div>\n\t\t<\/div>\n\t\t\t\t\t\t\t\t<\/div>\n\t\t\t\t\t<\/div>\n\t\t<\/section>\n\t\t\t\t<section class=\"elementor-section elementor-top-section elementor-element elementor-element-f219c9b elementor-section-boxed elementor-section-height-default elementor-section-height-default\" data-id=\"f219c9b\" data-element_type=\"section\">\n\t\t\t\t\t\t<div class=\"elementor-container elementor-column-gap-default\">\n\t\t\t\t\t\t\t<div class=\"elementor-row\">\n\t\t\t\t\t<div class=\"elementor-column elementor-col-100 elementor-top-column elementor-element elementor-element-f2a4974\" data-id=\"f2a4974\" data-element_type=\"column\">\n\t\t\t<div class=\"elementor-column-wrap elementor-element-populated\">\n\t\t\t\t\t\t\t<div class=\"elementor-widget-wrap\">\n\t\t\t\t\t\t<div class=\"elementor-element elementor-element-dc96e2d elementor-widget-divider--view-line elementor-widget elementor-widget-divider\" data-id=\"dc96e2d\" data-element_type=\"widget\" data-widget_type=\"divider.default\">\n\t\t\t\t<div class=\"elementor-widget-container\">\n\t\t\t\t\t<div class=\"elementor-divider\">\n\t\t\t<span class=\"elementor-divider-separator\">\n\t\t\t\t\t\t<\/span>\n\t\t<\/div>\n\t\t\t\t<\/div>\n\t\t\t\t<\/div>\n\t\t\t\t<div class=\"elementor-element elementor-element-f276cbb elementor-widget elementor-widget-heading\" data-id=\"f276cbb\" data-element_type=\"widget\" data-widget_type=\"heading.default\">\n\t\t\t\t<div class=\"elementor-widget-container\">\n\t\t\t<h2 class=\"elementor-heading-title elementor-size-default\">Durante:<\/h2>\t\t<\/div>\n\t\t\t\t<\/div>\n\t\t\t\t<div class=\"elementor-element elementor-element-6ae1ffc elementor-widget elementor-widget-text-editor\" data-id=\"6ae1ffc\" data-element_type=\"widget\" data-widget_type=\"text-editor.default\">\n\t\t\t\t<div class=\"elementor-widget-container\">\n\t\t\t\t\t\t\t\t<div class=\"elementor-text-editor elementor-clearfix\">\n\t\t\t\t<ul>\n<li>Durante tu primera visita tomaremos tu historia cl\u00ednica, por lo que tu primera sesi\u00f3n puede durar hasta 90 min.<\/li>\n<li>El diagn\u00f3stico incluir\u00e1 una toma de la tensi\u00f3n, y un chequeo de la lengua.<\/li>\n<li>Las agujas son de un solo uso y son desechadas como residuos sanitarios. Jam\u00e1s se reusan las agujas. Puedes donar sangre despu\u00e9s de recibir acupuntura.<\/li>\n<li>Las agujas son mucho m\u00e1s finas que las agujas utilizadas para otras pr\u00e1cticas m\u00e9dicas. Apenas las notar\u00e1s, si es que las llegas a sentir.<\/li>\n<li>Si sufres de dolores, para aliviarlos, es posible que te ofrezca otras modalidades como cupping o gua-sha, que pueden dejar alguna marca roja temporal sobre la piel. Estas marcas son indoloras y terap\u00e9uticamente beneficiosas. Si no quieres tener estar marcas por alguna raz\u00f3n, puedo adaptar el tratamiento.<\/li>\n<li>Mientras te encuentres descansando con las agujas puestas, probablemente te sorprender\u00e1s del profundo estado de relajaci\u00f3n que puedes experimentar. (La mayor\u00eda de los nuevos pacientes que llegan a consulta, de hecho, se sorprenden.)<\/li>\n<\/ul>\n\t\t\t\t\t<\/div>\n\t\t\t\t\t\t<\/div>\n\t\t\t\t<\/div>\n\t\t\t\t\t\t<\/div>\n\t\t\t\t\t<\/div>\n\t\t<\/div>\n\t\t\t\t\t\t\t\t<\/div>\n\t\t\t\t\t<\/div>\n\t\t<\/section>\n\t\t\t\t<section class=\"elementor-section elementor-top-section elementor-element elementor-element-3585ee6 elementor-section-boxed elementor-section-height-default elementor-section-height-default\" data-id=\"3585ee6\" data-element_type=\"section\">\n\t\t\t\t\t\t<div class=\"elementor-container elementor-column-gap-default\">\n\t\t\t\t\t\t\t<div class=\"elementor-row\">\n\t\t\t\t\t<div class=\"elementor-column elementor-col-100 elementor-top-column elementor-element elementor-element-1feb03b\" data-id=\"1feb03b\" data-element_type=\"column\">\n\t\t\t<div class=\"elementor-column-wrap elementor-element-populated\">\n\t\t\t\t\t\t\t<div class=\"elementor-widget-wrap\">\n\t\t\t\t\t\t<div class=\"elementor-element elementor-element-ed6cf17 elementor-widget-divider--view-line elementor-widget elementor-widget-divider\" data-id=\"ed6cf17\" data-element_type=\"widget\" data-widget_type=\"divider.default\">\n\t\t\t\t<div class=\"elementor-widget-container\">\n\t\t\t\t\t<div class=\"elementor-divider\">\n\t\t\t<span class=\"elementor-divider-separator\">\n\t\t\t\t\t\t<\/span>\n\t\t<\/div>\n\t\t\t\t<\/div>\n\t\t\t\t<\/div>\n\t\t\t\t<div class=\"elementor-element elementor-element-7f29b12 elementor-widget elementor-widget-heading\" data-id=\"7f29b12\" data-element_type=\"widget\" data-widget_type=\"heading.default\">\n\t\t\t\t<div class=\"elementor-widget-container\">\n\t\t\t<h2 class=\"elementor-heading-title elementor-size-default\">Despu\u00e9s:<\/h2>\t\t<\/div>\n\t\t\t\t<\/div>\n\t\t\t\t<div class=\"elementor-element elementor-element-6cfa72f elementor-widget elementor-widget-text-editor\" data-id=\"6cfa72f\" data-element_type=\"widget\" data-widget_type=\"text-editor.default\">\n\t\t\t\t<div class=\"elementor-widget-container\">\n\t\t\t\t\t\t\t\t<div class=\"elementor-text-editor elementor-clearfix\">\n\t\t\t\t<ul>\n<li>Despu\u00e9s de la sesi\u00f3n de acupuntura, te sentir\u00e1s probablemente muy relajado\/a y es posible que con un poco sue\u00f1o. Sin embargo, el adormilamiento se pasa enseguida y puedes continuar con cualquier actividad normal que tengas planeada para el resto del d\u00eda.<\/li>\n<li>Aunque no es habitual, algunas personas con dolor cr\u00f3nico pueden sentir un empeoramiento temporal de sus s\u00edntomas, por un par de horas, antes de experimentar un alivio profundo.<\/li>\n<li>Es recomendable reservar varias sesiones de acupuntura que est\u00e9n bastante cerca en el tiempo unas de otras, ya que los beneficios son acumulativos. Con cada sesi\u00f3n, el alivio de tus s\u00edntomas deber\u00eda ser mayor. Adem\u00e1s, la mayor\u00eda de las personas notan que otros aspectos de su salud tambi\u00e9n mejoran. Es habitual experimentar m\u00e1s energ\u00eda, mejor humor, mejor digesti\u00f3n, mejora del sue\u00f1o, y m\u00e1s beneficios.<\/li>\n<li>Si tienes cualquier pregunta, \u00a1no dudes en ponerte en contacto conmigo!<\/li>\n<\/ul>\n\t\t\t\t\t<\/div>\n\t\t\t\t\t\t<\/div>\n\t\t\t\t<\/div>\n\t\t\t\t\t\t<\/div>\n\t\t\t\t\t<\/div>\n\t\t<\/div>\n\t\t\t\t\t\t\t\t<\/div>\n\t\t\t\t\t<\/div>\n\t\t<\/section>\n\t\t\t\t<section class=\"elementor-section elementor-top-section elementor-element elementor-element-c850230 elementor-section-boxed elementor-section-height-default elementor-section-height-default\" data-id=\"c850230\" data-element_type=\"section\">\n\t\t\t\t\t\t<div class=\"elementor-container elementor-column-gap-default\">\n\t\t\t\t\t\t\t<div class=\"elementor-row\">\n\t\t\t\t\t<div class=\"elementor-column elementor-col-100 elementor-top-column elementor-element elementor-element-4718a76\" data-id=\"4718a76\" data-element_type=\"column\">\n\t\t\t<div class=\"elementor-column-wrap elementor-element-populated\">\n\t\t\t\t\t\t\t<div class=\"elementor-widget-wrap\">\n\t\t\t\t\t\t<div class=\"elementor-element elementor-element-515641b elementor-align-center elementor-widget elementor-widget-button\" data-id=\"515641b\" data-element_type=\"widget\" data-widget_type=\"button.default\">\n\t\t\t\t<div class=\"elementor-widget-container\">\n\t\t\t\t\t<div class=\"elementor-button-wrapper\">\n\t\t\t<a href=\"https:\/\/pbacupuntura.com\/es\/contactar\/\" class=\"elementor-button-link elementor-button elementor-size-sm\" role=\"button\">\n\t\t\t\t\t\t<span class=\"elementor-button-content-wrapper\">\n\t\t\t\t\t\t<span class=\"elementor-button-text\">Contactar<\/span>\n\t\t<\/span>\n\t\t\t\t\t<\/a>\n\t\t<\/div>\n\t\t\t\t<\/div>\n\t\t\t\t<\/div>\n\t\t\t\t\t\t<\/div>\n\t\t\t\t\t<\/div>\n\t\t<\/div>\n\t\t\t\t\t\t\t\t<\/div>\n\t\t\t\t\t<\/div>\n\t\t<\/section>\n\t\t\t\t<section class=\"elementor-section elementor-top-section elementor-element elementor-element-f429e8a elementor-section-boxed elementor-section-height-default elementor-section-height-default\" data-id=\"f429e8a\" data-element_type=\"section\">\n\t\t\t\t\t\t<div class=\"elementor-container elementor-column-gap-default\">\n\t\t\t\t\t\t\t<div class=\"elementor-row\">\n\t\t\t\t\t<div class=\"elementor-column elementor-col-100 elementor-top-column elementor-element elementor-element-88eea33\" data-id=\"88eea33\" data-element_type=\"column\">\n\t\t\t<div class=\"elementor-column-wrap elementor-element-populated\">\n\t\t\t\t\t\t\t<div class=\"elementor-widget-wrap\">\n\t\t\t\t\t\t<div class=\"elementor-element elementor-element-313d709 elementor-widget elementor-widget-spacer\" data-id=\"313d709\" data-element_type=\"widget\" data-widget_type=\"spacer.default\">\n\t\t\t\t<div class=\"elementor-widget-container\">\n\t\t\t\t\t<div class=\"elementor-spacer\">\n\t\t\t<div class=\"elementor-spacer-inner\"><\/div>\n\t\t<\/div>\n\t\t\t\t<\/div>\n\t\t\t\t<\/div>\n\t\t\t\t\t\t<\/div>\n\t\t\t\t\t<\/div>\n\t\t<\/div>\n\t\t\t\t\t\t\t\t<\/div>\n\t\t\t\t\t<\/div>\n\t\t<\/section>\n\t\t\t\t\t\t\t\t\t<\/div>\n\t\t\t<\/div>\n\t\t\t\t\t<\/div>\n\t\t","protected":false},"excerpt":{"rendered":"<p>\u00a1Bienvenido\/a! El prop\u00f3sito de esta p\u00e1gina es el de prepararte para tu primera cita. Aqu\u00ed encontrar\u00e1s informaci\u00f3n sobre lo que puedes esperar cuando vienes a tu primera sesi\u00f3n: Para la mayor\u00eda de la gente, la acupuntura es una nueva y extra\u00f1a experiencia. Con este art\u00edculo pretendo sacar fuera el \u00abfactor desconocido\u00bb de la experiencia. Antes: &hellip;<\/p>\n<p class=\"read-more\"> <a class=\"\" href=\"https:\/\/pbacupuntura.com\/es\/nuevos-pacientes\/\"> <span class=\"screen-reader-text\">Nuevos Pacientes<\/span> Leer m\u00e1s &raquo;<\/a><\/p>\n","protected":false},"author":1,"featured_media":0,"parent":0,"menu_order":0,"comment_status":"closed","ping_status":"closed","template":"","meta":{"site-sidebar-layout":"no-sidebar","site-content-layout":"page-builder","ast-main-header-display":"","ast-hfb-above-header-display":"","ast-hfb-below-header-display":"","ast-hfb-mobile-header-display":"","site-post-title":"disabled","ast-breadcrumbs-content":"","ast-featured-img":"disabled","footer-sml-layout":"","theme-transparent-header-meta":"","adv-header-id-meta":"","stick-header-meta":"","header-above-stick-meta":"","header-main-stick-meta":"","header-below-stick-meta":""},"_links":{"self":[{"href":"https:\/\/pbacupuntura.com\/es\/wp-json\/wp\/v2\/pages\/1983"}],"collection":[{"href":"https:\/\/pbacupuntura.com\/es\/wp-json\/wp\/v2\/pages"}],"about":[{"href":"https:\/\/pbacupuntura.com\/es\/wp-json\/wp\/v2\/types\/page"}],"author":[{"embeddable":true,"href":"https:\/\/pbacupuntura.com\/es\/wp-json\/wp\/v2\/users\/1"}],"replies":[{"embeddable":true,"href":"https:\/\/pbacupuntura.com\/es\/wp-json\/wp\/v2\/comments?post=1983"}],"version-history":[{"count":22,"href":"https:\/\/pbacupuntura.com\/es\/wp-json\/wp\/v2\/pages\/1983\/revisions"}],"predecessor-version":[{"id":2771,"href":"https:\/\/pbacupuntura.com\/es\/wp-json\/wp\/v2\/pages\/1983\/revisions\/2771"}],"wp:attachment":[{"href":"https:\/\/pbacupuntura.com\/es\/wp-json\/wp\/v2\/media?parent=1983"}],"curies":[{"name":"wp","href":"https:\/\/api.w.org\/{rel}","templated":true}]}}