{"id":1943,"date":"2021-09-10T12:56:49","date_gmt":"2021-09-10T10:56:49","guid":{"rendered":"https:\/\/pbacupuntura.com\/sobre-mi\/"},"modified":"2021-10-22T18:17:15","modified_gmt":"2021-10-22T16:17:15","slug":"sobre-mi","status":"publish","type":"page","link":"https:\/\/pbacupuntura.com\/es\/sobre-mi\/","title":{"rendered":"Sobre m\u00ed"},"content":{"rendered":"\t\t<div data-elementor-type=\"wp-page\" data-elementor-id=\"1943\" class=\"elementor elementor-1943 elementor-15\">\n\t\t\t\t\t\t<div class=\"elementor-inner\">\n\t\t\t\t<div class=\"elementor-section-wrap\">\n\t\t\t\t\t\t\t\t\t<section class=\"elementor-section elementor-top-section elementor-element elementor-element-8504cb6 elementor-section-boxed elementor-section-height-default elementor-section-height-default\" data-id=\"8504cb6\" data-element_type=\"section\">\n\t\t\t\t\t\t<div class=\"elementor-container elementor-column-gap-default\">\n\t\t\t\t\t\t\t<div class=\"elementor-row\">\n\t\t\t\t\t<div class=\"elementor-column elementor-col-100 elementor-top-column elementor-element elementor-element-ecd2f1f\" data-id=\"ecd2f1f\" data-element_type=\"column\">\n\t\t\t<div class=\"elementor-column-wrap elementor-element-populated\">\n\t\t\t\t\t\t\t<div class=\"elementor-widget-wrap\">\n\t\t\t\t\t\t<div class=\"elementor-element elementor-element-1d37b4e elementor-widget elementor-widget-image\" data-id=\"1d37b4e\" data-element_type=\"widget\" data-widget_type=\"image.default\">\n\t\t\t\t<div class=\"elementor-widget-container\">\n\t\t\t\t\t\t\t\t<div class=\"elementor-image\">\n\t\t\t\t\t\t\t\t\t\t\t\t<img width=\"1024\" height=\"768\" src=\"https:\/\/pbacupuntura.com\/wp-content\/uploads\/2021\/10\/PB-Acupuntura-Olga-TheStart-2000x1500.jpg\" class=\"attachment-large size-large wp-image-2195\" alt=\"\" loading=\"lazy\" \/>\t\t\t\t\t\t\t\t\t\t\t\t\t\t<\/div>\n\t\t\t\t\t\t<\/div>\n\t\t\t\t<\/div>\n\t\t\t\t\t\t<\/div>\n\t\t\t\t\t<\/div>\n\t\t<\/div>\n\t\t\t\t\t\t\t\t<\/div>\n\t\t\t\t\t<\/div>\n\t\t<\/section>\n\t\t\t\t<section class=\"elementor-section elementor-top-section elementor-element elementor-element-37cfe75a elementor-section-boxed elementor-section-height-default elementor-section-height-default\" data-id=\"37cfe75a\" data-element_type=\"section\">\n\t\t\t\t\t\t<div class=\"elementor-container elementor-column-gap-default\">\n\t\t\t\t\t\t\t<div class=\"elementor-row\">\n\t\t\t\t\t<div class=\"elementor-column elementor-col-100 elementor-top-column elementor-element elementor-element-2e38b1a\" data-id=\"2e38b1a\" data-element_type=\"column\">\n\t\t\t<div class=\"elementor-column-wrap elementor-element-populated\">\n\t\t\t\t\t\t\t<div class=\"elementor-widget-wrap\">\n\t\t\t\t\t\t<div class=\"elementor-element elementor-element-a309de3 elementor-widget elementor-widget-text-editor\" data-id=\"a309de3\" data-element_type=\"widget\" data-widget_type=\"text-editor.default\">\n\t\t\t\t<div class=\"elementor-widget-container\">\n\t\t\t\t\t\t\t\t<div class=\"elementor-text-editor elementor-clearfix\">\n\t\t\t\t<p>\u00a1Hola! Me llamo Olga Gonz\u00e1lez y soy la fundadora de Perfect Balance Acupuntura, en D\u00e9nia. <span style=\"font-style: inherit; font-weight: inherit;\">Soy acupuntora titulada, graduada por el CMATCM (Colegio de Acupuntura M\u00e9dica &amp; Medicina Tradicional China). <\/span><\/p>\n<p>De forma breve, estas son mis credenciales profesionales:<\/p>\t\t\t\t\t<\/div>\n\t\t\t\t\t\t<\/div>\n\t\t\t\t<\/div>\n\t\t\t\t<div class=\"elementor-element elementor-element-fb0be59 elementor-icon-list--layout-traditional elementor-list-item-link-full_width elementor-widget elementor-widget-icon-list\" data-id=\"fb0be59\" data-element_type=\"widget\" data-widget_type=\"icon-list.default\">\n\t\t\t\t<div class=\"elementor-widget-container\">\n\t\t\t\t\t<ul class=\"elementor-icon-list-items\">\n\t\t\t\t\t\t\t<li class=\"elementor-icon-list-item\">\n\t\t\t\t\t\t\t\t\t\t\t<span class=\"elementor-icon-list-icon\">\n\t\t\t\t\t\t\t<i aria-hidden=\"true\" class=\"fas fa-check\"><\/i>\t\t\t\t\t\t<\/span>\n\t\t\t\t\t\t\t\t\t\t<span class=\"elementor-icon-list-text\">Acupuntora, graduada por el CMATCM (Colegio de Acupuntura M\u00e9dica &amp; Medicina Tradicional China). Graduada con Distinci\u00f3n por el Colegio Shannon, en Irlanda.<\/span>\n\t\t\t\t\t\t\t\t\t<\/li>\n\t\t\t\t\t\t\t\t<li class=\"elementor-icon-list-item\">\n\t\t\t\t\t\t\t\t\t\t\t<span class=\"elementor-icon-list-icon\">\n\t\t\t\t\t\t\t<i aria-hidden=\"true\" class=\"fas fa-check\"><\/i>\t\t\t\t\t\t<\/span>\n\t\t\t\t\t\t\t\t\t\t<span class=\"elementor-icon-list-text\">Coach de Salud y Bienestar, Certificada por el IHS (Institute of Health and Sciences) y el Real Balance Global Wellness Services. <\/span>\n\t\t\t\t\t\t\t\t\t<\/li>\n\t\t\t\t\t\t\t\t<li class=\"elementor-icon-list-item\">\n\t\t\t\t\t\t\t\t\t\t\t<span class=\"elementor-icon-list-icon\">\n\t\t\t\t\t\t\t<i aria-hidden=\"true\" class=\"fas fa-check\"><\/i>\t\t\t\t\t\t<\/span>\n\t\t\t\t\t\t\t\t\t\t<span class=\"elementor-icon-list-text\">Licenciada en Psicolog\u00eda Cl\u00ednica y de la Salud por la Universidad Complutense de Madrid. Cuento tambi\u00e9n con un certificado de Postgrado en Psicolog\u00eda Aplicada, por la Universidad de Jordanstown, en Belfast. <\/span>\n\t\t\t\t\t\t\t\t\t<\/li>\n\t\t\t\t\t\t<\/ul>\n\t\t\t\t<\/div>\n\t\t\t\t<\/div>\n\t\t\t\t\t\t<\/div>\n\t\t\t\t\t<\/div>\n\t\t<\/div>\n\t\t\t\t\t\t\t\t<\/div>\n\t\t\t\t\t<\/div>\n\t\t<\/section>\n\t\t\t\t<section class=\"elementor-section elementor-top-section elementor-element elementor-element-a21033f elementor-section-boxed elementor-section-height-default elementor-section-height-default\" data-id=\"a21033f\" data-element_type=\"section\" data-settings=\"{&quot;background_background&quot;:&quot;classic&quot;}\">\n\t\t\t\t\t\t<div class=\"elementor-container elementor-column-gap-default\">\n\t\t\t\t\t\t\t<div class=\"elementor-row\">\n\t\t\t\t\t<div class=\"elementor-column elementor-col-100 elementor-top-column elementor-element elementor-element-4e61a00\" data-id=\"4e61a00\" data-element_type=\"column\" data-settings=\"{&quot;background_background&quot;:&quot;classic&quot;}\">\n\t\t\t<div class=\"elementor-column-wrap elementor-element-populated\">\n\t\t\t\t\t\t\t<div class=\"elementor-widget-wrap\">\n\t\t\t\t\t\t<div class=\"elementor-element elementor-element-31e2671e elementor-widget elementor-widget-heading\" data-id=\"31e2671e\" data-element_type=\"widget\" data-widget_type=\"heading.default\">\n\t\t\t\t<div class=\"elementor-widget-container\">\n\t\t\t<h1 class=\"elementor-heading-title elementor-size-default\"><br>Mi ruta hacia el bienestar...<\/h1>\t\t<\/div>\n\t\t\t\t<\/div>\n\t\t\t\t<div class=\"elementor-element elementor-element-294a7dc0 elementor-widget-divider--view-line elementor-widget elementor-widget-divider\" data-id=\"294a7dc0\" data-element_type=\"widget\" data-widget_type=\"divider.default\">\n\t\t\t\t<div class=\"elementor-widget-container\">\n\t\t\t\t\t<div class=\"elementor-divider\">\n\t\t\t<span class=\"elementor-divider-separator\">\n\t\t\t\t\t\t<\/span>\n\t\t<\/div>\n\t\t\t\t<\/div>\n\t\t\t\t<\/div>\n\t\t\t\t\t\t<\/div>\n\t\t\t\t\t<\/div>\n\t\t<\/div>\n\t\t\t\t\t\t\t\t<\/div>\n\t\t\t\t\t<\/div>\n\t\t<\/section>\n\t\t\t\t<section class=\"elementor-section elementor-top-section elementor-element elementor-element-5ec65889 elementor-reverse-tablet elementor-reverse-mobile elementor-section-boxed elementor-section-height-default elementor-section-height-default\" data-id=\"5ec65889\" data-element_type=\"section\" data-settings=\"{&quot;background_background&quot;:&quot;classic&quot;}\">\n\t\t\t\t\t\t<div class=\"elementor-container elementor-column-gap-default\">\n\t\t\t\t\t\t\t<div class=\"elementor-row\">\n\t\t\t\t\t<div class=\"elementor-column elementor-col-50 elementor-top-column elementor-element elementor-element-11bc6da7\" data-id=\"11bc6da7\" data-element_type=\"column\">\n\t\t\t<div class=\"elementor-column-wrap elementor-element-populated\">\n\t\t\t\t\t\t\t<div class=\"elementor-widget-wrap\">\n\t\t\t\t\t\t<div class=\"elementor-element elementor-element-6183b2eb elementor-widget elementor-widget-text-editor\" data-id=\"6183b2eb\" data-element_type=\"widget\" data-widget_type=\"text-editor.default\">\n\t\t\t\t<div class=\"elementor-widget-container\">\n\t\t\t\t\t\t\t\t<div class=\"elementor-text-editor elementor-clearfix\">\n\t\t\t\t<h3>El inicio<\/h3><p>Una de las preguntas que escucho con m\u00e1s frecuencia de mis clientes es \u00ab\u00bfPor qu\u00e9 la Medicina China?\u201d<\/p><p>L<span style=\"font-style: inherit; font-weight: inherit;\">a verdad es que no sab\u00eda mucho sobre la Medicina China. Conoc\u00eda ya la acupuntura desde una edad muy temprana, ya que mi madre fue a varias sesiones de acupuntura para perder peso,\u00a0 pero como adulta no tuve experiencia de esta maravillosa escuela de medicina hasta que quise ser madre. <\/span><\/p><p>Ten\u00eda cerca de 37 a\u00f1os, y 18 meses casada, cuando mi marido y yo descubrimos que convertirnos en padres no iba a ser una tarea tan sencilla. La reproducci\u00f3n asistida parec\u00eda ser la \u00fanica opci\u00f3n, as\u00ed que investigamos y encontramos una cl\u00ednica buena en Polonia, donde nuestro primer beb\u00e9 fue concebido.<\/p><p>No obstante, incluso aunque tuvimos que recurrir a la reproducci\u00f3n asistida, la acupuntura jug\u00f3 un papel fundamental en el proceso. Tuve mi primera sesi\u00f3n tres meses antes del tratamiento con un acupuntor maravilloso en Irlanda, donde viv\u00edamos entonces, y todav\u00eda recuerdo c\u00f3mo me sent\u00eda despu\u00e9s de la sesi\u00f3n de acupuntura: m\u00e1s relajada, con m\u00e1s calma, y sintiendo que la energ\u00eda flu\u00eda por todo mi cuerpo&#8230;<\/p>\t\t\t\t\t<\/div>\n\t\t\t\t\t\t<\/div>\n\t\t\t\t<\/div>\n\t\t\t\t\t\t<\/div>\n\t\t\t\t\t<\/div>\n\t\t<\/div>\n\t\t\t\t<div class=\"elementor-column elementor-col-50 elementor-top-column elementor-element elementor-element-5b35deb\" data-id=\"5b35deb\" data-element_type=\"column\">\n\t\t\t<div class=\"elementor-column-wrap elementor-element-populated\">\n\t\t\t\t\t\t\t<div class=\"elementor-widget-wrap\">\n\t\t\t\t\t\t<div class=\"elementor-element elementor-element-3442d47 elementor-widget elementor-widget-image\" data-id=\"3442d47\" data-element_type=\"widget\" data-widget_type=\"image.default\">\n\t\t\t\t<div class=\"elementor-widget-container\">\n\t\t\t\t\t\t\t\t<div class=\"elementor-image\">\n\t\t\t\t\t\t\t\t\t\t\t\t<img width=\"880\" height=\"1024\" src=\"https:\/\/pbacupuntura.com\/wp-content\/uploads\/2021\/10\/PB-Acupuntura-Olga-Wellness-1500x1746.jpg\" class=\"attachment-large size-large wp-image-2163\" alt=\"\" loading=\"lazy\" \/>\t\t\t\t\t\t\t\t\t\t\t\t\t\t<\/div>\n\t\t\t\t\t\t<\/div>\n\t\t\t\t<\/div>\n\t\t\t\t\t\t<\/div>\n\t\t\t\t\t<\/div>\n\t\t<\/div>\n\t\t\t\t\t\t\t\t<\/div>\n\t\t\t\t\t<\/div>\n\t\t<\/section>\n\t\t\t\t<section class=\"elementor-section elementor-top-section elementor-element elementor-element-6130642 elementor-section-boxed elementor-section-height-default elementor-section-height-default\" data-id=\"6130642\" data-element_type=\"section\" data-settings=\"{&quot;background_background&quot;:&quot;classic&quot;}\">\n\t\t\t\t\t\t<div class=\"elementor-container elementor-column-gap-default\">\n\t\t\t\t\t\t\t<div class=\"elementor-row\">\n\t\t\t\t\t<div class=\"elementor-column elementor-col-100 elementor-top-column elementor-element elementor-element-a5aa558\" data-id=\"a5aa558\" data-element_type=\"column\" data-settings=\"{&quot;background_background&quot;:&quot;classic&quot;}\">\n\t\t\t<div class=\"elementor-column-wrap elementor-element-populated\">\n\t\t\t\t\t\t\t<div class=\"elementor-widget-wrap\">\n\t\t\t\t\t\t<div class=\"elementor-element elementor-element-5974278 elementor-widget elementor-widget-text-editor\" data-id=\"5974278\" data-element_type=\"widget\" data-widget_type=\"text-editor.default\">\n\t\t\t\t<div class=\"elementor-widget-container\">\n\t\t\t\t\t\t\t\t<div class=\"elementor-text-editor elementor-clearfix\">\n\t\t\t\t<p>Me sent\u00eda intrigada y quer\u00eda saber c\u00f3mo funcionaba. Sol\u00eda preguntar a mi acupuntor en cada sesi\u00f3n y fue \u00e9l quien me anim\u00f3 a estudiar y aprender esta medicina ancestral.<\/p><blockquote><p style=\"font-size: 16.5px;\">As\u00ed que tras dos a\u00f1os de ser paciente de acupuntura, me convert\u00ed tambi\u00e9n en estudiante de acupuntura. Tan solo con el primer semestre, supe que hab\u00eda encontrado mi vocaci\u00f3n, y no volv\u00ed a mirar ya atr\u00e1s desde entonces.<\/p><\/blockquote><h3 style=\"font-size: 1.66667rem;\">Experimentando el resultado<\/h3><p style=\"font-size: 15px;\">5 a\u00f1os despu\u00e9s de mi primera sesi\u00f3n de acupuntura, no solo ten\u00eda una nueva carrera, sino tambi\u00e9n dos bellos hijos (ni\u00f1o y ni\u00f1a). Mi segundo beb\u00e9 se concibi\u00f3 de forma natural contra todo pron\u00f3stico, gracias a la ayuda de la acupuntura y a cambios en el estilo de vida.<\/p><p style=\"font-size: 15px;\">Esta la raz\u00f3n por la que me he especializado en salud de la mujer y salud emocional, porque entiendo y he experimentado de forma directa c\u00f3mo la Medicina China tiene el potencial de transformar vidas.<\/p><h3 style=\"font-size: 1.66667rem;\">Abriendo mi cl\u00ednica<\/h3><p style=\"font-size: 15px;\">En PB Acupuntura, s\u00e9 que cada persona que pasa por la puerta es \u00fanica. Por eso me interesa conocer los detalles de tu estado de salud, para formular un plan de tratamiento personalizado y elegir las terapias apropiadas que sean de beneficio para tu situaci\u00f3n particular.<\/p><blockquote><p style=\"font-size: 16.5px;\">Mi objetivo es ayudar siempre a restaurar el equilibrio en TODAS las \u00e1reas del cuerpo. Puedo ayudar a corregir desequilibrios que ya se han convertido en dolor y enfermedad, o ayudar a mantener tu salud antes de que haya ning\u00fan s\u00edntoma, para prevenir la enfermedad y fomentar el desarrollo de una buena salud.<\/p><\/blockquote><p style=\"font-size: 15px;\">En t\u00e9rminos de medicina occidental, la acupuntura es conocida por tener efectos positivos en el cuerpo como la regulaci\u00f3n de hormonas, la liberaci\u00f3n de endorfinas, y la reducci\u00f3n de la inflamaci\u00f3n local y sistem\u00e1tica. Mientras que una sola sesi\u00f3n de acupuntura puede ofrecer alivio, se recomienda seguir con m\u00e1s sesiones, ya que los beneficios son acumulativos y se obtienen mejores resultados a largo plazo.<\/p><p style=\"font-size: 15px;\">\u00a0<\/p>\t\t\t\t\t<\/div>\n\t\t\t\t\t\t<\/div>\n\t\t\t\t<\/div>\n\t\t\t\t\t\t<\/div>\n\t\t\t\t\t<\/div>\n\t\t<\/div>\n\t\t\t\t\t\t\t\t<\/div>\n\t\t\t\t\t<\/div>\n\t\t<\/section>\n\t\t\t\t\t\t\t\t\t<\/div>\n\t\t\t<\/div>\n\t\t\t\t\t<\/div>\n\t\t","protected":false},"excerpt":{"rendered":"<p>\u00a1Hola! Me llamo Olga Gonz\u00e1lez y soy la fundadora de Perfect Balance Acupuntura, en D\u00e9nia. Soy acupuntora titulada, graduada por el CMATCM (Colegio de Acupuntura M\u00e9dica &amp; Medicina Tradicional China). De forma breve, estas son mis credenciales profesionales: Acupuntora, graduada por el CMATCM (Colegio de Acupuntura M\u00e9dica &amp; Medicina Tradicional China). Graduada con Distinci\u00f3n por &hellip;<\/p>\n<p class=\"read-more\"> <a class=\"\" href=\"https:\/\/pbacupuntura.com\/es\/sobre-mi\/\"> <span class=\"screen-reader-text\">Sobre m\u00ed<\/span> Leer m\u00e1s &raquo;<\/a><\/p>\n","protected":false},"author":1,"featured_media":0,"parent":0,"menu_order":0,"comment_status":"closed","ping_status":"closed","template":"","meta":{"site-sidebar-layout":"no-sidebar","site-content-layout":"page-builder","ast-main-header-display":"","ast-hfb-above-header-display":"","ast-hfb-below-header-display":"","ast-hfb-mobile-header-display":"","site-post-title":"disabled","ast-breadcrumbs-content":"","ast-featured-img":"disabled","footer-sml-layout":"","theme-transparent-header-meta":"default","adv-header-id-meta":"","stick-header-meta":"default","header-above-stick-meta":"","header-main-stick-meta":"","header-below-stick-meta":""},"_links":{"self":[{"href":"https:\/\/pbacupuntura.com\/es\/wp-json\/wp\/v2\/pages\/1943"}],"collection":[{"href":"https:\/\/pbacupuntura.com\/es\/wp-json\/wp\/v2\/pages"}],"about":[{"href":"https:\/\/pbacupuntura.com\/es\/wp-json\/wp\/v2\/types\/page"}],"author":[{"embeddable":true,"href":"https:\/\/pbacupuntura.com\/es\/wp-json\/wp\/v2\/users\/1"}],"replies":[{"embeddable":true,"href":"https:\/\/pbacupuntura.com\/es\/wp-json\/wp\/v2\/comments?post=1943"}],"version-history":[{"count":51,"href":"https:\/\/pbacupuntura.com\/es\/wp-json\/wp\/v2\/pages\/1943\/revisions"}],"predecessor-version":[{"id":2594,"href":"https:\/\/pbacupuntura.com\/es\/wp-json\/wp\/v2\/pages\/1943\/revisions\/2594"}],"wp:attachment":[{"href":"https:\/\/pbacupuntura.com\/es\/wp-json\/wp\/v2\/media?parent=1943"}],"curies":[{"name":"wp","href":"https:\/\/api.w.org\/{rel}","templated":true}]}}